{"id":264945,"date":"2026-03-12T14:46:56","date_gmt":"2026-03-12T12:46:56","guid":{"rendered":"https:\/\/tellimused.stiilne.ee\/toode\/armas-puhv-varrukatega-sinine-taskutega-kleit-pille-xl-kohe-laos-teised-suurused-tellimisel\/"},"modified":"2026-04-07T11:07:52","modified_gmt":"2026-04-07T08:07:52","slug":"miela-melyna-suknele-su-kisenemis-pille-xl-sandelyje-kiti-dydziai-uzsakant","status":"publish","type":"product","link":"https:\/\/tellimused.stiilne.ee\/lt\/produktas\/miela-melyna-suknele-su-kisenemis-pille-xl-sandelyje-kiti-dydziai-uzsakant\/","title":{"rendered":"Miela m\u0117lyna suknel\u0117 su ki\u0161en\u0117mis Pille -XL sand\u0117lyje &#8211; kiti dyd\u017eiai u\u017esakant"},"content":{"rendered":"<p>Puiki suknel\u0117 \u0161iek tiek v\u0117juotam ir v\u0117sesniam vasaros orui Estijoje &#8211; d\u0117v\u0117kite j\u0105 laisvalaikiu, darbe, eidami \u012f kavin\u0119 su draugais ar tiesiog m\u0117gaudamiesi vasaros oru.<\/p>\n<p>D\u0117mesio!Suknel\u0117 yra platesnio kirpimo nei \u012fprastai &#8211; jei abejojate tarp dviej\u0173 dyd\u017ei\u0173, rinkit\u0117s ma\u017eesn\u012f dyd\u012f nei \u012fprastai.<\/p>\n<p>\u0160i fig\u016brai tinkanti suknel\u0117 su mink\u0161tomis ki\u0161en\u0117mis sukurta ir pagaminta Estijoje.<\/p>\n<p>Suknel\u0117 pasi\u016bta i\u0161 95 % odai draugi\u0161kos medviln\u0117s ir 5 % elastano &#8211; mink\u0161ta ir jauki prie odos.<\/p>\n<p>Suknel\u0117 gaminama pagal u\u017esakym\u0105, jos laukimo laikas iki 15 dien\u0173 &#8211; paprastai suknel\u0119 galite gauti per savait\u0119.<\/p>\n<p>Nuotraukoje pavaizduotas modelis yra 158 cm \u016bgio &#8211; daugumos moter\u0173 \u016bgis vir\u0161 keli\u0173.<\/p>\n","protected":false},"excerpt":{"rendered":"<p>Puiki suknel\u0117 \u0161iek tiek v\u0117juotam ir v\u0117sesniam vasaros orui Estijoje &#8211; d\u0117v\u0117kite j\u0105 laisvalaikiu, darbe, eidami \u012f kavin\u0119 su draugais ar tiesiog m\u0117gaudamiesi vasaros oru. D\u0117mesio!Suknel\u0117 yra platesnio kirpimo nei \u012fprastai &#8211; jei abejojate tarp dviej\u0173 dyd\u017ei\u0173, rinkit\u0117s ma\u017eesn\u012f dyd\u012f nei \u012fprastai. \u0160i fig\u016brai tinkanti suknel\u0117 su mink\u0161tomis ki\u0161en\u0117mis sukurta ir pagaminta Estijoje. Suknel\u0117 pasi\u016bta [&hellip;]<\/p>\n","protected":false},"featured_media":264946,"comment_status":"open","ping_status":"closed","template":"","meta":{"_acf_changed":false},"product_brand":[],"product_cat":[299],"product_tag":[],"class_list":{"0":"post-264945","1":"product","2":"type-product","3":"status-publish","4":"has-post-thumbnail","6":"product_cat-yemi-disain-sukneles","7":"product_shipping_class-tarneaeg-5-15-paeva","9":"first","10":"instock","11":"sale","12":"taxable","13":"shipping-taxable","14":"purchasable","15":"product-type-variable","16":"has-default-attributes","17":"add-to-wishlist-after_add_to_cart"},"acf":[],"_links":{"self":[{"href":"https:\/\/tellimused.stiilne.ee\/lt\/wp-json\/wp\/v2\/product\/264945","targetHints":{"allow":["GET"]}}],"collection":[{"href":"https:\/\/tellimused.stiilne.ee\/lt\/wp-json\/wp\/v2\/product"}],"about":[{"href":"https:\/\/tellimused.stiilne.ee\/lt\/wp-json\/wp\/v2\/types\/product"}],"replies":[{"embeddable":true,"href":"https:\/\/tellimused.stiilne.ee\/lt\/wp-json\/wp\/v2\/comments?post=264945"}],"wp:featuredmedia":[{"embeddable":true,"href":"https:\/\/tellimused.stiilne.ee\/lt\/wp-json\/wp\/v2\/media\/264946"}],"wp:attachment":[{"href":"https:\/\/tellimused.stiilne.ee\/lt\/wp-json\/wp\/v2\/media?parent=264945"}],"wp:term":[{"taxonomy":"product_brand","embeddable":true,"href":"https:\/\/tellimused.stiilne.ee\/lt\/wp-json\/wp\/v2\/product_brand?post=264945"},{"taxonomy":"product_cat","embeddable":true,"href":"https:\/\/tellimused.stiilne.ee\/lt\/wp-json\/wp\/v2\/product_cat?post=264945"},{"taxonomy":"product_tag","embeddable":true,"href":"https:\/\/tellimused.stiilne.ee\/lt\/wp-json\/wp\/v2\/product_tag?post=264945"}],"curies":[{"name":"wp","href":"https:\/\/api.w.org\/{rel}","templated":true}]}}