{"id":264952,"date":"2026-03-12T14:46:08","date_gmt":"2026-03-12T12:46:08","guid":{"rendered":"https:\/\/tellimused.stiilne.ee\/toode\/duffy-naturaalnahast-mustad-suveplatud-kohe-laos-kiire-tarne\/"},"modified":"2026-04-07T11:07:52","modified_gmt":"2026-04-07T08:07:52","slug":"duffy-juodos-vasarines-slepetes-is-naturalios-odos-ziurekite-grazinti-i-uzsakyma","status":"publish","type":"product","link":"https:\/\/tellimused.stiilne.ee\/lt\/produktas\/duffy-juodos-vasarines-slepetes-is-naturalios-odos-ziurekite-grazinti-i-uzsakyma\/","title":{"rendered":"DUFFY juodos vasarin\u0117s \u0161lepet\u0117s i\u0161 nat\u016bralios odos-\u017dI\u016aR\u0116KITE &#8211; Gr\u0105\u017einti \u012f u\u017esakym\u0105"},"content":{"rendered":"<p>Patogios vasarin\u0117s \u0161lepet\u0117s &#8222;Duffy&#8221; yra puikus pasirinkimas vasaros sezonui &#8211; jos taip pat tinka naudoti i\u0161tisus metus patalpose, kei\u010diant avalyn\u0119<\/p>\n<p>. \u0160lepe\u010di\u0173 med\u017eiaga &#8211; nat\u016brali zom\u0161a, o padas &#8211; ergonomi\u0161kas, t. y., labai patog\u016bs p\u0117doms<\/p>\n<p>\u0160lepetes galima \u012fsigyti i\u0161 karto ir jos \u012f siunt\u0173 automat\u0105 atkeliauja vos per por\u0105 dien\u0173 &#8211; u\u017esakymai, pateikti darbo dien\u0105 prie\u0161 v\u0117lavim\u0105, i\u0161siun\u010diami t\u0105 pa\u010di\u0105 dien\u0105, o tada siuntinys paprastai b\u016bna siunt\u0173 automate iki kitos \/ kitos darbo dienos.<\/p>\n","protected":false},"excerpt":{"rendered":"<p>Patogios vasarin\u0117s \u0161lepet\u0117s &#8222;Duffy&#8221; yra puikus pasirinkimas vasaros sezonui &#8211; jos taip pat tinka naudoti i\u0161tisus metus patalpose, kei\u010diant avalyn\u0119 . \u0160lepe\u010di\u0173 med\u017eiaga &#8211; nat\u016brali zom\u0161a, o padas &#8211; ergonomi\u0161kas, t. y., labai patog\u016bs p\u0117doms \u0160lepetes galima \u012fsigyti i\u0161 karto ir jos \u012f siunt\u0173 automat\u0105 atkeliauja vos per por\u0105 dien\u0173 &#8211; u\u017esakymai, pateikti darbo dien\u0105 [&hellip;]<\/p>\n","protected":false},"featured_media":264953,"comment_status":"open","ping_status":"closed","template":"","meta":{"_acf_changed":false},"product_brand":[],"product_cat":[389],"product_tag":[],"class_list":{"0":"post-264952","1":"product","2":"type-product","3":"status-publish","4":"has-post-thumbnail","6":"product_cat-atviruosius-vasarinius-batus","7":"product_shipping_class-tarneaeg-1-4-paeva","9":"first","10":"instock","11":"sale","12":"taxable","13":"shipping-taxable","14":"purchasable","15":"product-type-variable","16":"has-default-attributes","17":"add-to-wishlist-after_add_to_cart"},"acf":[],"_links":{"self":[{"href":"https:\/\/tellimused.stiilne.ee\/lt\/wp-json\/wp\/v2\/product\/264952","targetHints":{"allow":["GET"]}}],"collection":[{"href":"https:\/\/tellimused.stiilne.ee\/lt\/wp-json\/wp\/v2\/product"}],"about":[{"href":"https:\/\/tellimused.stiilne.ee\/lt\/wp-json\/wp\/v2\/types\/product"}],"replies":[{"embeddable":true,"href":"https:\/\/tellimused.stiilne.ee\/lt\/wp-json\/wp\/v2\/comments?post=264952"}],"wp:featuredmedia":[{"embeddable":true,"href":"https:\/\/tellimused.stiilne.ee\/lt\/wp-json\/wp\/v2\/media\/264953"}],"wp:attachment":[{"href":"https:\/\/tellimused.stiilne.ee\/lt\/wp-json\/wp\/v2\/media?parent=264952"}],"wp:term":[{"taxonomy":"product_brand","embeddable":true,"href":"https:\/\/tellimused.stiilne.ee\/lt\/wp-json\/wp\/v2\/product_brand?post=264952"},{"taxonomy":"product_cat","embeddable":true,"href":"https:\/\/tellimused.stiilne.ee\/lt\/wp-json\/wp\/v2\/product_cat?post=264952"},{"taxonomy":"product_tag","embeddable":true,"href":"https:\/\/tellimused.stiilne.ee\/lt\/wp-json\/wp\/v2\/product_tag?post=264952"}],"curies":[{"name":"wp","href":"https:\/\/api.w.org\/{rel}","templated":true}]}}