{"id":264958,"date":"2026-03-12T14:46:07","date_gmt":"2026-03-12T12:46:07","guid":{"rendered":"https:\/\/tellimused.stiilne.ee\/toode\/duffy-naturaalnahast-vaga-mugavad-roosad-suveplatud-kohe-laos-klientide-lemmik\/"},"modified":"2026-04-07T11:07:51","modified_gmt":"2026-04-07T08:07:51","slug":"duffy-naturalios-odos-labai-patogios-rozines-vasarines-slepetes-naudojamos-klientu-sarasas","status":"publish","type":"product","link":"https:\/\/tellimused.stiilne.ee\/lt\/produktas\/duffy-naturalios-odos-labai-patogios-rozines-vasarines-slepetes-naudojamos-klientu-sarasas\/","title":{"rendered":"DUFFY nat\u016bralios odos labai patogios ro\u017ein\u0117s vasarin\u0117s \u0161lepet\u0117s &#8211; NAUDOJAMOS &#8211; KLIENT\u0172 S\u0104RA\u0160AS"},"content":{"rendered":"<p>&nbsp;<\/p>\n<p>Patog\u016bs ir jauk\u016bs nat\u016bralios odos vasariniai sandalai &#8222;Duffy&#8221; yra puikus pasirinkimas vasaros sezonui, taip pat kaip kambarin\u0117 avalyn\u0117 visus metus.<\/p>\n<p>Av\u0117kite juos prie kelni\u0173 ar vasarin\u0117s suknel\u0117s ir m\u0117gaukit\u0117s saul\u0117ta vasara av\u0117dami patogi\u0105 avalyn\u0119.<\/p>\n<p>Sandalai pagaminti i\u0161 nat\u016bralios zom\u0161os ir turi ergonomi\u0161k\u0105 vidpad\u012f, tod\u0117l jie patog\u016bs p\u0117doms.<\/p>\n<p>Sandalus galima \u012fsigyti i\u0161 karto ir pristatyti per kelias dienas &#8211; u\u017esakymai, pateikti likus darbo dienai iki termino pabaigos, i\u0161siun\u010diami t\u0105 pa\u010di\u0105 dien\u0105.<\/p>\n","protected":false},"excerpt":{"rendered":"<p>&nbsp; Patog\u016bs ir jauk\u016bs nat\u016bralios odos vasariniai sandalai &#8222;Duffy&#8221; yra puikus pasirinkimas vasaros sezonui, taip pat kaip kambarin\u0117 avalyn\u0117 visus metus. Av\u0117kite juos prie kelni\u0173 ar vasarin\u0117s suknel\u0117s ir m\u0117gaukit\u0117s saul\u0117ta vasara av\u0117dami patogi\u0105 avalyn\u0119. Sandalai pagaminti i\u0161 nat\u016bralios zom\u0161os ir turi ergonomi\u0161k\u0105 vidpad\u012f, tod\u0117l jie patog\u016bs p\u0117doms. Sandalus galima \u012fsigyti i\u0161 karto ir pristatyti [&hellip;]<\/p>\n","protected":false},"featured_media":264959,"comment_status":"open","ping_status":"closed","template":"","meta":{"_acf_changed":false},"product_brand":[],"product_cat":[389],"product_tag":[],"class_list":{"0":"post-264958","1":"product","2":"type-product","3":"status-publish","4":"has-post-thumbnail","6":"product_cat-atviruosius-vasarinius-batus","7":"product_shipping_class-tarneaeg-1-4-paeva","9":"first","10":"instock","11":"sale","12":"taxable","13":"shipping-taxable","14":"purchasable","15":"product-type-variable","16":"has-default-attributes","17":"add-to-wishlist-after_add_to_cart"},"acf":[],"_links":{"self":[{"href":"https:\/\/tellimused.stiilne.ee\/lt\/wp-json\/wp\/v2\/product\/264958","targetHints":{"allow":["GET"]}}],"collection":[{"href":"https:\/\/tellimused.stiilne.ee\/lt\/wp-json\/wp\/v2\/product"}],"about":[{"href":"https:\/\/tellimused.stiilne.ee\/lt\/wp-json\/wp\/v2\/types\/product"}],"replies":[{"embeddable":true,"href":"https:\/\/tellimused.stiilne.ee\/lt\/wp-json\/wp\/v2\/comments?post=264958"}],"wp:featuredmedia":[{"embeddable":true,"href":"https:\/\/tellimused.stiilne.ee\/lt\/wp-json\/wp\/v2\/media\/264959"}],"wp:attachment":[{"href":"https:\/\/tellimused.stiilne.ee\/lt\/wp-json\/wp\/v2\/media?parent=264958"}],"wp:term":[{"taxonomy":"product_brand","embeddable":true,"href":"https:\/\/tellimused.stiilne.ee\/lt\/wp-json\/wp\/v2\/product_brand?post=264958"},{"taxonomy":"product_cat","embeddable":true,"href":"https:\/\/tellimused.stiilne.ee\/lt\/wp-json\/wp\/v2\/product_cat?post=264958"},{"taxonomy":"product_tag","embeddable":true,"href":"https:\/\/tellimused.stiilne.ee\/lt\/wp-json\/wp\/v2\/product_tag?post=264958"}],"curies":[{"name":"wp","href":"https:\/\/api.w.org\/{rel}","templated":true}]}}