{"id":264966,"date":"2026-03-12T14:45:26","date_gmt":"2026-03-12T12:45:26","guid":{"rendered":"https:\/\/tellimused.stiilne.ee\/toode\/duffy-naturaalnahast-pruunid-suveplatud-kohe-laos-kiire-tarne\/"},"modified":"2026-04-07T11:07:49","modified_gmt":"2026-04-07T08:07:49","slug":"duffy-rudos-vasarines-slepetes-is-naturalios-odos-naudojamos-skaitykite-cia","status":"publish","type":"product","link":"https:\/\/tellimused.stiilne.ee\/lt\/produktas\/duffy-rudos-vasarines-slepetes-is-naturalios-odos-naudojamos-skaitykite-cia\/","title":{"rendered":"DUFFY rudos vasarin\u0117s \u0161lepet\u0117s i\u0161 nat\u016bralios odos &#8211; NAUDOJAMOS &#8211; SKAITYKITE \u010cIA"},"content":{"rendered":"<p>Patogios vasarin\u0117s \u0161lepet\u0117s &#8222;Duffy&#8221; yra puikus pasirinkimas vasaros sezonui, taip pat kaip i\u0161tisus metus patalpose kei\u010diama avalyn\u0117.<\/p>\n<p>\u0160lepetes av\u0117kite prie kelni\u0173 ar vasarin\u0117s suknel\u0117s ir m\u0117gaukit\u0117s saul\u0117ta vasara av\u0117dami patogi\u0105 avalyn\u0119.<\/p>\n<p>\u0160lepet\u0117s pagamintos i\u0161 nat\u016bralios zom\u0161os<\/p>\n<p>\u0160lepetes galima \u012fsigyti i\u0161 karto ir \u012f siunt\u0173 pristatymo ma\u0161in\u0105 jos atkeliauja per kelias dienas &#8211; u\u017esakymai, pateikti dien\u0105 prie\u0161 termin\u0105, bus i\u0161si\u0173sti t\u0105 pa\u010di\u0105 dien\u0105.<\/p>\n","protected":false},"excerpt":{"rendered":"<p>Patogios vasarin\u0117s \u0161lepet\u0117s &#8222;Duffy&#8221; yra puikus pasirinkimas vasaros sezonui, taip pat kaip i\u0161tisus metus patalpose kei\u010diama avalyn\u0117. \u0160lepetes av\u0117kite prie kelni\u0173 ar vasarin\u0117s suknel\u0117s ir m\u0117gaukit\u0117s saul\u0117ta vasara av\u0117dami patogi\u0105 avalyn\u0119. \u0160lepet\u0117s pagamintos i\u0161 nat\u016bralios zom\u0161os \u0160lepetes galima \u012fsigyti i\u0161 karto ir \u012f siunt\u0173 pristatymo ma\u0161in\u0105 jos atkeliauja per kelias dienas &#8211; u\u017esakymai, pateikti dien\u0105 [&hellip;]<\/p>\n","protected":false},"featured_media":264967,"comment_status":"open","ping_status":"closed","template":"","meta":{"_acf_changed":false},"product_brand":[],"product_cat":[389],"product_tag":[],"class_list":{"0":"post-264966","1":"product","2":"type-product","3":"status-publish","4":"has-post-thumbnail","6":"product_cat-atviruosius-vasarinius-batus","7":"product_shipping_class-tarneaeg-1-4-paeva","9":"first","10":"instock","11":"sale","12":"taxable","13":"shipping-taxable","14":"purchasable","15":"product-type-variable","16":"has-default-attributes","17":"add-to-wishlist-after_add_to_cart"},"acf":[],"_links":{"self":[{"href":"https:\/\/tellimused.stiilne.ee\/lt\/wp-json\/wp\/v2\/product\/264966","targetHints":{"allow":["GET"]}}],"collection":[{"href":"https:\/\/tellimused.stiilne.ee\/lt\/wp-json\/wp\/v2\/product"}],"about":[{"href":"https:\/\/tellimused.stiilne.ee\/lt\/wp-json\/wp\/v2\/types\/product"}],"replies":[{"embeddable":true,"href":"https:\/\/tellimused.stiilne.ee\/lt\/wp-json\/wp\/v2\/comments?post=264966"}],"wp:featuredmedia":[{"embeddable":true,"href":"https:\/\/tellimused.stiilne.ee\/lt\/wp-json\/wp\/v2\/media\/264967"}],"wp:attachment":[{"href":"https:\/\/tellimused.stiilne.ee\/lt\/wp-json\/wp\/v2\/media?parent=264966"}],"wp:term":[{"taxonomy":"product_brand","embeddable":true,"href":"https:\/\/tellimused.stiilne.ee\/lt\/wp-json\/wp\/v2\/product_brand?post=264966"},{"taxonomy":"product_cat","embeddable":true,"href":"https:\/\/tellimused.stiilne.ee\/lt\/wp-json\/wp\/v2\/product_cat?post=264966"},{"taxonomy":"product_tag","embeddable":true,"href":"https:\/\/tellimused.stiilne.ee\/lt\/wp-json\/wp\/v2\/product_tag?post=264966"}],"curies":[{"name":"wp","href":"https:\/\/api.w.org\/{rel}","templated":true}]}}