{"id":264990,"date":"2026-03-12T14:44:58","date_gmt":"2026-03-12T12:44:58","guid":{"rendered":"https:\/\/tellimused.stiilne.ee\/toode\/armas-sinine-taskutega-kleit-brita-kohe-laos-suurus-m38-40-viimane-jaanud\/"},"modified":"2026-04-07T11:08:32","modified_gmt":"2026-04-07T08:08:32","slug":"miela-melyna-suknele-su-kisenemis-brita-siuo-metu-yra-sandelyje-dydis-m38-40-islieka-galia","status":"publish","type":"product","link":"https:\/\/tellimused.stiilne.ee\/lt\/produktas\/miela-melyna-suknele-su-kisenemis-brita-siuo-metu-yra-sandelyje-dydis-m38-40-islieka-galia\/","title":{"rendered":"Miela m\u0117lyna suknel\u0117 su ki\u0161en\u0117mis Brita &#8211; \u0161iuo metu yra sand\u0117lyje, dydis M(38-40)-i\u0161lieka galia"},"content":{"rendered":"<p>&nbsp;<\/p>\n<p>Puiki suknel\u0117 \u0161iek tiek v\u0117juotam ir v\u0117sesniam vasaros orui Estijoje &#8211; d\u0117v\u0117kite j\u0105 laisvalaikiu, darbe, eidami \u012f kavin\u0119 su draug\u0117mis ar tiesiog m\u0117gaudamiesi vasaros oru.<\/p>\n<p>&nbsp;<\/p>\n<p>\u0160i fig\u016br\u0105 i\u0161ry\u0161kinanti suknel\u0117 su mink\u0161tomis ki\u0161en\u0117mis sukurta ir rankomis pagaminta Estijoje.<\/p>\n<p>Suknel\u0117 pasi\u016bta i\u0161 95 % viskoz\u0117s ir 5 % elastano &#8211; mink\u0161ta ir jauki prie odos.<\/p>\n<p>Suknel\u0117 gaminama pagal u\u017esakym\u0105, tod\u0117l jos reikia laukti iki 15 dien\u0173 &#8211; paprastai prekes galite gauti per savait\u0119.<\/p>\n<p>I\u0161kart sand\u0117lyje dyd\u017eiai pristatymo laikas &#8211; kelios dienos<\/p>\n<p><strong>Skirting\u0173 dyd\u017ei\u0173 XS, S, M, L, XL, XXL eil\u0117s tvarka<\/strong><\/p>\n<p>Kr\u016btin\u0117s apimtis 88, 92, 96, 100, 106, 112 cm<\/p>\n<p>Suknel\u0117s ilgis nuo peties &#8211; 93, 94, 96, 97, 99, 101 cm.<\/p>\n<p>NB!Suknel\u0117s audinys yra tampri med\u017eiaga &#8211; suknel\u0117 \u0161iek tiek i\u0161sitempia u\u017esid\u0117jus ant nugaros, prireikus ji taip pat \u0161iek tiek padid\u0117s.<\/p>\n<p>Nuotraukoje pavaizduoto modelio \u016bgis yra 158 cm &#8211; daugumos moter\u0173 suknel\u0117s ilgis \u0161iek tiek vir\u0161 keli\u0173, auk\u0161tesni\u0173 moter\u0173 suknel\u0117s ilgis \u0161iek tiek vir\u0161 pus\u0117s keli\u0173.<\/p>\n","protected":false},"excerpt":{"rendered":"<p>&nbsp; Puiki suknel\u0117 \u0161iek tiek v\u0117juotam ir v\u0117sesniam vasaros orui Estijoje &#8211; d\u0117v\u0117kite j\u0105 laisvalaikiu, darbe, eidami \u012f kavin\u0119 su draug\u0117mis ar tiesiog m\u0117gaudamiesi vasaros oru. &nbsp; \u0160i fig\u016br\u0105 i\u0161ry\u0161kinanti suknel\u0117 su mink\u0161tomis ki\u0161en\u0117mis sukurta ir rankomis pagaminta Estijoje. Suknel\u0117 pasi\u016bta i\u0161 95 % viskoz\u0117s ir 5 % elastano &#8211; mink\u0161ta ir jauki prie odos. [&hellip;]<\/p>\n","protected":false},"featured_media":264991,"comment_status":"open","ping_status":"closed","template":"","meta":{"_acf_changed":false},"product_brand":[],"product_cat":[299],"product_tag":[],"class_list":{"0":"post-264990","1":"product","2":"type-product","3":"status-publish","4":"has-post-thumbnail","6":"product_cat-yemi-disain-sukneles","7":"product_shipping_class-tarneaeg-1-4-paeva","9":"first","10":"instock","11":"sale","12":"taxable","13":"shipping-taxable","14":"purchasable","15":"product-type-variable","16":"has-default-attributes","17":"add-to-wishlist-after_add_to_cart"},"acf":[],"_links":{"self":[{"href":"https:\/\/tellimused.stiilne.ee\/lt\/wp-json\/wp\/v2\/product\/264990","targetHints":{"allow":["GET"]}}],"collection":[{"href":"https:\/\/tellimused.stiilne.ee\/lt\/wp-json\/wp\/v2\/product"}],"about":[{"href":"https:\/\/tellimused.stiilne.ee\/lt\/wp-json\/wp\/v2\/types\/product"}],"replies":[{"embeddable":true,"href":"https:\/\/tellimused.stiilne.ee\/lt\/wp-json\/wp\/v2\/comments?post=264990"}],"wp:featuredmedia":[{"embeddable":true,"href":"https:\/\/tellimused.stiilne.ee\/lt\/wp-json\/wp\/v2\/media\/264991"}],"wp:attachment":[{"href":"https:\/\/tellimused.stiilne.ee\/lt\/wp-json\/wp\/v2\/media?parent=264990"}],"wp:term":[{"taxonomy":"product_brand","embeddable":true,"href":"https:\/\/tellimused.stiilne.ee\/lt\/wp-json\/wp\/v2\/product_brand?post=264990"},{"taxonomy":"product_cat","embeddable":true,"href":"https:\/\/tellimused.stiilne.ee\/lt\/wp-json\/wp\/v2\/product_cat?post=264990"},{"taxonomy":"product_tag","embeddable":true,"href":"https:\/\/tellimused.stiilne.ee\/lt\/wp-json\/wp\/v2\/product_tag?post=264990"}],"curies":[{"name":"wp","href":"https:\/\/api.w.org\/{rel}","templated":true}]}}