{"id":265000,"date":"2026-03-12T14:43:56","date_gmt":"2026-03-12T12:43:56","guid":{"rendered":"https:\/\/tellimused.stiilne.ee\/toode\/armas-rohelise-lehe-mustriga-korge-piha-osaga-pikem-figuurisobralik-taskutega-kleit-nelli-kohe-laos-m-l-ja-xl\/"},"modified":"2026-04-07T11:08:31","modified_gmt":"2026-04-07T08:08:31","slug":"miela-zaliu-lapu-rasto-suknele-aukstomis-rankovemis-su-kisenemis-nelli-sandelyje-yra-m-l-ir-xl","status":"publish","type":"product","link":"https:\/\/tellimused.stiilne.ee\/lt\/produktas\/miela-zaliu-lapu-rasto-suknele-aukstomis-rankovemis-su-kisenemis-nelli-sandelyje-yra-m-l-ir-xl\/","title":{"rendered":"Miela \u017eali\u0173 lap\u0173 ra\u0161to suknel\u0117 auk\u0161tomis rankov\u0117mis su ki\u0161en\u0117mis Nelli &#8211; sand\u0117lyje yra M, L ir XL"},"content":{"rendered":"<p>&nbsp;<\/p>\n<p>Puiki suknel\u0117 \u0161iek tiek v\u0117juotam ir v\u0117sesniam orui Estijoje &#8211; d\u0117v\u0117kite laisvalaikiu, darbe ar kavin\u0117je su draugais &#8211; &#8222;Nelli&#8221; suknel\u0119 Estijoje galima d\u0117v\u0117ti i\u0161tisus metus.<\/p>\n<p>Suknel\u0117s rankovi\u0173 dalis yra auk\u0161\u010diau po kr\u016btine, tod\u0117l d\u0117l suknel\u0117s kirpimo moteris vizualiai atrodo ilgesn\u0117 ir lieknesn\u0117 &#8211; tai malonus papildomas privalumas.<\/p>\n<p>&nbsp;<\/p>\n<p>\u0160i fig\u016br\u0105 i\u0161ry\u0161kinanti suknel\u0117 su mink\u0161tomis ki\u0161en\u0117mis sukurta ir rankomis pagaminta Estijoje.<\/p>\n<p>Suknel\u0117 pasi\u016bta i\u0161 95 % viskoz\u0117s ir 5 % elastano &#8211; mink\u0161ta ir jauki prie odos.<\/p>\n<p>Suknel\u0117s audinys gerai aptemptas ir n\u0117ra susirauk\u0161l\u0117j\u0119s<\/p>\n<p>Suknel\u0117 yra sand\u0117lyje &#8211; pristatymas per kelias dienas.<\/p>\n<p>&nbsp;<\/p>\n<p>NB!Suknel\u0117s audinys yra tampri med\u017eiaga &#8211; suknel\u0117 \u0161iek tiek i\u0161sitempia u\u017esid\u0117jus ant nugaros, prireikus ji taip pat \u0161iek tiek padid\u0117s.<\/p>\n<p>Tikslius i\u0161matavimus galite rasti lentel\u0117je po papildomomis nuotraukomis.<\/p>\n<p>Nuotraukoje pavaizduoto modelio \u016bgis yra 158 cm &#8211; daugumos moter\u0173 suknel\u0117s yra \u0161iek tiek auk\u0161\u010diau keli\u0173.<\/p>\n<p>&nbsp;<\/p>\n","protected":false},"excerpt":{"rendered":"<p>&nbsp; Puiki suknel\u0117 \u0161iek tiek v\u0117juotam ir v\u0117sesniam orui Estijoje &#8211; d\u0117v\u0117kite laisvalaikiu, darbe ar kavin\u0117je su draugais &#8211; &#8222;Nelli&#8221; suknel\u0119 Estijoje galima d\u0117v\u0117ti i\u0161tisus metus. Suknel\u0117s rankovi\u0173 dalis yra auk\u0161\u010diau po kr\u016btine, tod\u0117l d\u0117l suknel\u0117s kirpimo moteris vizualiai atrodo ilgesn\u0117 ir lieknesn\u0117 &#8211; tai malonus papildomas privalumas. &nbsp; \u0160i fig\u016br\u0105 i\u0161ry\u0161kinanti suknel\u0117 su mink\u0161tomis [&hellip;]<\/p>\n","protected":false},"featured_media":265001,"comment_status":"open","ping_status":"closed","template":"","meta":{"_acf_changed":false},"product_brand":[],"product_cat":[299],"product_tag":[],"class_list":{"0":"post-265000","1":"product","2":"type-product","3":"status-publish","4":"has-post-thumbnail","6":"product_cat-yemi-disain-sukneles","7":"product_shipping_class-tarneaeg-5-10-paeva","9":"first","10":"instock","11":"sale","12":"taxable","13":"shipping-taxable","14":"purchasable","15":"product-type-variable","16":"has-default-attributes","17":"add-to-wishlist-after_add_to_cart"},"acf":[],"_links":{"self":[{"href":"https:\/\/tellimused.stiilne.ee\/lt\/wp-json\/wp\/v2\/product\/265000","targetHints":{"allow":["GET"]}}],"collection":[{"href":"https:\/\/tellimused.stiilne.ee\/lt\/wp-json\/wp\/v2\/product"}],"about":[{"href":"https:\/\/tellimused.stiilne.ee\/lt\/wp-json\/wp\/v2\/types\/product"}],"replies":[{"embeddable":true,"href":"https:\/\/tellimused.stiilne.ee\/lt\/wp-json\/wp\/v2\/comments?post=265000"}],"wp:featuredmedia":[{"embeddable":true,"href":"https:\/\/tellimused.stiilne.ee\/lt\/wp-json\/wp\/v2\/media\/265001"}],"wp:attachment":[{"href":"https:\/\/tellimused.stiilne.ee\/lt\/wp-json\/wp\/v2\/media?parent=265000"}],"wp:term":[{"taxonomy":"product_brand","embeddable":true,"href":"https:\/\/tellimused.stiilne.ee\/lt\/wp-json\/wp\/v2\/product_brand?post=265000"},{"taxonomy":"product_cat","embeddable":true,"href":"https:\/\/tellimused.stiilne.ee\/lt\/wp-json\/wp\/v2\/product_cat?post=265000"},{"taxonomy":"product_tag","embeddable":true,"href":"https:\/\/tellimused.stiilne.ee\/lt\/wp-json\/wp\/v2\/product_tag?post=265000"}],"curies":[{"name":"wp","href":"https:\/\/api.w.org\/{rel}","templated":true}]}}