{"id":265037,"date":"2026-03-12T14:41:49","date_gmt":"2026-03-12T12:41:49","guid":{"rendered":"https:\/\/tellimused.stiilne.ee\/toode\/vero-moda-jackie-retuusid-mustad-kohe-laos\/"},"modified":"2026-04-07T11:08:12","modified_gmt":"2026-04-07T08:08:12","slug":"vero-moda-jackie-dzemperis-juodos-spalvos-naudojimas-pasiulymai","status":"publish","type":"product","link":"https:\/\/tellimused.stiilne.ee\/lt\/produktas\/vero-moda-jackie-dzemperis-juodos-spalvos-naudojimas-pasiulymai\/","title":{"rendered":"VERO MODA Jackie d\u017eemperis, juodos spalvos &#8211; NAUDOJIMAS PASI\u016aLYMAI"},"content":{"rendered":"<p>&nbsp;<\/p>\n<p>Patog\u016bs juodi elastinio audinio retusai &#8211; geras pasirinkimas tiek treniruot\u0117ms, tiek laisvalaikiui<\/p>\n<p>Retusai pagaminti i\u0161 77 % nailono, 16 % poliamido ir 7 % elastano<\/p>\n<p>Retusai dabar yra sand\u0117lyje &#8211; pristatymas per kelias dienas.<\/p>\n","protected":false},"excerpt":{"rendered":"<p>&nbsp; Patog\u016bs juodi elastinio audinio retusai &#8211; geras pasirinkimas tiek treniruot\u0117ms, tiek laisvalaikiui Retusai pagaminti i\u0161 77 % nailono, 16 % poliamido ir 7 % elastano Retusai dabar yra sand\u0117lyje &#8211; pristatymas per kelias dienas.<\/p>\n","protected":false},"featured_media":265038,"comment_status":"open","ping_status":"closed","template":"","meta":{"_acf_changed":false},"product_brand":[],"product_cat":[363],"product_tag":[],"class_list":{"0":"post-265037","1":"product","2":"type-product","3":"status-publish","4":"has-post-thumbnail","6":"product_cat-vero-moda-kelnes","7":"product_shipping_class-tarneaeg-1-4-paeva","9":"first","10":"instock","11":"sale","12":"taxable","13":"shipping-taxable","14":"purchasable","15":"product-type-variable","16":"has-default-attributes","17":"add-to-wishlist-after_add_to_cart"},"acf":[],"_links":{"self":[{"href":"https:\/\/tellimused.stiilne.ee\/lt\/wp-json\/wp\/v2\/product\/265037","targetHints":{"allow":["GET"]}}],"collection":[{"href":"https:\/\/tellimused.stiilne.ee\/lt\/wp-json\/wp\/v2\/product"}],"about":[{"href":"https:\/\/tellimused.stiilne.ee\/lt\/wp-json\/wp\/v2\/types\/product"}],"replies":[{"embeddable":true,"href":"https:\/\/tellimused.stiilne.ee\/lt\/wp-json\/wp\/v2\/comments?post=265037"}],"wp:featuredmedia":[{"embeddable":true,"href":"https:\/\/tellimused.stiilne.ee\/lt\/wp-json\/wp\/v2\/media\/265038"}],"wp:attachment":[{"href":"https:\/\/tellimused.stiilne.ee\/lt\/wp-json\/wp\/v2\/media?parent=265037"}],"wp:term":[{"taxonomy":"product_brand","embeddable":true,"href":"https:\/\/tellimused.stiilne.ee\/lt\/wp-json\/wp\/v2\/product_brand?post=265037"},{"taxonomy":"product_cat","embeddable":true,"href":"https:\/\/tellimused.stiilne.ee\/lt\/wp-json\/wp\/v2\/product_cat?post=265037"},{"taxonomy":"product_tag","embeddable":true,"href":"https:\/\/tellimused.stiilne.ee\/lt\/wp-json\/wp\/v2\/product_tag?post=265037"}],"curies":[{"name":"wp","href":"https:\/\/api.w.org\/{rel}","templated":true}]}}