{"id":265042,"date":"2026-03-12T14:40:51","date_gmt":"2026-03-12T12:40:51","guid":{"rendered":"https:\/\/tellimused.stiilne.ee\/toode\/charm-london-naturaalnahast-mobiilikott-maasika-punane-kohe-laos\/"},"modified":"2026-04-07T11:08:10","modified_gmt":"2026-04-07T08:08:10","slug":"charm-london-naturalios-odos-krepsys-mobiliajam-telefonui-braskiu-raudonumo-spalvos-naudojama","status":"publish","type":"product","link":"https:\/\/tellimused.stiilne.ee\/lt\/produktas\/charm-london-naturalios-odos-krepsys-mobiliajam-telefonui-braskiu-raudonumo-spalvos-naudojama\/","title":{"rendered":"CHARM LONDON nat\u016bralios odos krep\u0161ys mobiliajam telefonui bra\u0161ki\u0173 raudonumo spalvos &#8211; NAUDOJAMA"},"content":{"rendered":"<p>&nbsp;<\/p>\n<p>Mobiliojo krep\u0161io med\u017eiaga &#8211; nat\u016brali oda viduje ir i\u0161or\u0117je.<\/p>\n<p>Krep\u0161io vidus padalytas \u012f dvi dalis &#8211; vienoje pus\u0117je galima laikyti mobil\u0173j\u012f telefon\u0105, o kitoje, pavyzd\u017eiui, banko kortel\u0119 ir raktus.<\/p>\n<p><strong>Krep\u0161io matmenys yra 18 cm auk\u0161\u010dio ir 12 cm plo\u010dio &#8211; jame puikiai tilps dauguma mobili\u0173j\u0173 telefon\u0173.<\/strong><\/p>\n<p>Magnetinis vir\u0161utinio mai\u0161elio u\u017esegimas<\/p>\n<p>Ilgas dir\u017eas yra reguliuojamas<\/p>\n<p>Mobilusis krep\u0161ys jau yra sand\u0117lyje &#8211; pristatymas per 1-4 dienas.<\/p>\n<p>Paskutin\u0117 data, iki kurios galima u\u017esakyti kal\u0117din\u0119 dovan\u0105 i\u0161 siunt\u0173 ma\u0161inos, yra 19.12. iki 17.00 val.<\/p>\n","protected":false},"excerpt":{"rendered":"<p>&nbsp; Mobiliojo krep\u0161io med\u017eiaga &#8211; nat\u016brali oda viduje ir i\u0161or\u0117je. Krep\u0161io vidus padalytas \u012f dvi dalis &#8211; vienoje pus\u0117je galima laikyti mobil\u0173j\u012f telefon\u0105, o kitoje, pavyzd\u017eiui, banko kortel\u0119 ir raktus. Krep\u0161io matmenys yra 18 cm auk\u0161\u010dio ir 12 cm plo\u010dio &#8211; jame puikiai tilps dauguma mobili\u0173j\u0173 telefon\u0173. Magnetinis vir\u0161utinio mai\u0161elio u\u017esegimas Ilgas dir\u017eas yra reguliuojamas [&hellip;]<\/p>\n","protected":false},"featured_media":265043,"comment_status":"open","ping_status":"closed","template":"","meta":{"_acf_changed":false},"product_brand":[],"product_cat":[319,391],"product_tag":[],"class_list":{"0":"post-265042","1":"product","2":"type-product","3":"status-publish","4":"has-post-thumbnail","6":"product_cat-dovanos-moterims","7":"product_cat-mobilieji-telefonai-10-nuolaida","8":"product_shipping_class-tarneaeg-1-4-paeva","10":"first","11":"instock","12":"sale","13":"taxable","14":"shipping-taxable","15":"purchasable","16":"product-type-variable","17":"has-default-attributes","18":"add-to-wishlist-after_add_to_cart"},"acf":[],"_links":{"self":[{"href":"https:\/\/tellimused.stiilne.ee\/lt\/wp-json\/wp\/v2\/product\/265042","targetHints":{"allow":["GET"]}}],"collection":[{"href":"https:\/\/tellimused.stiilne.ee\/lt\/wp-json\/wp\/v2\/product"}],"about":[{"href":"https:\/\/tellimused.stiilne.ee\/lt\/wp-json\/wp\/v2\/types\/product"}],"replies":[{"embeddable":true,"href":"https:\/\/tellimused.stiilne.ee\/lt\/wp-json\/wp\/v2\/comments?post=265042"}],"wp:featuredmedia":[{"embeddable":true,"href":"https:\/\/tellimused.stiilne.ee\/lt\/wp-json\/wp\/v2\/media\/265043"}],"wp:attachment":[{"href":"https:\/\/tellimused.stiilne.ee\/lt\/wp-json\/wp\/v2\/media?parent=265042"}],"wp:term":[{"taxonomy":"product_brand","embeddable":true,"href":"https:\/\/tellimused.stiilne.ee\/lt\/wp-json\/wp\/v2\/product_brand?post=265042"},{"taxonomy":"product_cat","embeddable":true,"href":"https:\/\/tellimused.stiilne.ee\/lt\/wp-json\/wp\/v2\/product_cat?post=265042"},{"taxonomy":"product_tag","embeddable":true,"href":"https:\/\/tellimused.stiilne.ee\/lt\/wp-json\/wp\/v2\/product_tag?post=265042"}],"curies":[{"name":"wp","href":"https:\/\/api.w.org\/{rel}","templated":true}]}}