{"id":265053,"date":"2026-03-12T14:40:51","date_gmt":"2026-03-12T12:40:51","guid":{"rendered":"https:\/\/tellimused.stiilne.ee\/toode\/beagles-pehmest-kunstnahast-vaiksem-helehall-naiste-olakott-kaasas-ka-pikk-olarihm-kohe-laos\/"},"modified":"2026-04-07T11:08:11","modified_gmt":"2026-04-07T08:08:11","slug":"beagles-minksta-dirbtines-odos-mazesne-sviesiai-pilka-moteriska-rankine-per-peti-taip-pat-yra-su-ilgu-dirzu-per-peti-naudojama","status":"publish","type":"product","link":"https:\/\/tellimused.stiilne.ee\/lt\/produktas\/beagles-minksta-dirbtines-odos-mazesne-sviesiai-pilka-moteriska-rankine-per-peti-taip-pat-yra-su-ilgu-dirzu-per-peti-naudojama\/","title":{"rendered":"&#8222;Beagles&#8221; mink\u0161ta dirbtin\u0117s odos ma\u017eesn\u0117 \u0161viesiai pilka moteri\u0161ka rankin\u0117 per pet\u012f (taip pat yra su ilgu dir\u017eu per pet\u012f) &#8211; NAUDOJAMA"},"content":{"rendered":"<p>&nbsp;<\/p>\n<p>&#8222;Beagles&#8221; moteri\u0161ka rankin\u0117 per pet\u012f yra ma\u017ea klasikinio, paprasto dizaino moteri\u0161ka rankin\u0117, pagaminta i\u0161 mink\u0161tos dirbtin\u0117s odos.Tai patogi, i\u0161 vir\u0161aus u\u017esegama, ma\u017eesn\u0117 moteri\u0161ka rankin\u0117, \u012f kuri\u0105 galima sutalpinti visk\u0105, ko reikia visai dienai &#8211; mobil\u0173j\u012f telefon\u0105, nedidel\u0119 pinigin\u0119, raktus ir kosmetik\u0105.Ji taip pat puikiai tinka vasarai ir kelion\u0117ms, kai nenorite ne\u0161iotis labai didel\u0117s rankin\u0117s.<\/p>\n<p>Ji taip pat puikiai tinka kaip ma\u017eesn\u0117 rankin\u0117, skirta koncertams, teatrui ir gimtadienio vakar\u0117liams.<\/p>\n<p>&nbsp;<\/p>\n<p>&#8222;Beagles&#8221; rankin\u0117s ypatyb\u0117s<\/p>\n<ul>\n<li>Med\u017eiaga mink\u0161ta dirbtin\u0117 oda<\/li>\n<li>Med\u017eiaginio mai\u0161elio turinys<\/li>\n<li>Ma\u017eesn\u0117 u\u017etrauktuku u\u017esegama ki\u0161en\u0117 viduje<\/li>\n<li>Krep\u0161io <strong> auk\u0161tis 17,5 cm, plotis 21 cm <\/strong> <\/li>\n<li>Tvirtinimas i\u0161 vir\u0161aus su u\u017eraktu<\/li>\n<li>Reguliuojamas ilgas dir\u017eas per pet\u012f<\/li>\n<li>Rank\u0173 darbo Indijoje<\/li>\n<\/ul>\n<p>Rankin\u0117 yra sand\u0117lyje &#8211; pristatymas per kelias darbo dienas.<\/p>\n<p>U\u017esakymai, pateikti darbo dien\u0105 prie\u0161 termin\u0105, i\u0161siun\u010diami t\u0105 pa\u010di\u0105 dien\u0105, o siuntinys paprastai kit\u0105 dien\u0105 jau b\u016bna siunt\u0173 pa\u0161te.<\/p>\n","protected":false},"excerpt":{"rendered":"<p>&nbsp; &#8222;Beagles&#8221; moteri\u0161ka rankin\u0117 per pet\u012f yra ma\u017ea klasikinio, paprasto dizaino moteri\u0161ka rankin\u0117, pagaminta i\u0161 mink\u0161tos dirbtin\u0117s odos.Tai patogi, i\u0161 vir\u0161aus u\u017esegama, ma\u017eesn\u0117 moteri\u0161ka rankin\u0117, \u012f kuri\u0105 galima sutalpinti visk\u0105, ko reikia visai dienai &#8211; mobil\u0173j\u012f telefon\u0105, nedidel\u0119 pinigin\u0119, raktus ir kosmetik\u0105.Ji taip pat puikiai tinka vasarai ir kelion\u0117ms, kai nenorite ne\u0161iotis labai didel\u0117s rankin\u0117s. [&hellip;]<\/p>\n","protected":false},"featured_media":265054,"comment_status":"open","ping_status":"closed","template":"","meta":{"_acf_changed":false},"product_brand":[],"product_cat":[325],"product_tag":[],"class_list":{"0":"post-265053","1":"product","2":"type-product","3":"status-publish","4":"has-post-thumbnail","6":"product_cat-mazesnes-rankines","7":"product_shipping_class-tarneaeg-1-4-paeva","9":"first","10":"instock","11":"sale","12":"taxable","13":"shipping-taxable","14":"purchasable","15":"product-type-variable","16":"has-default-attributes","17":"add-to-wishlist-after_add_to_cart"},"acf":[],"_links":{"self":[{"href":"https:\/\/tellimused.stiilne.ee\/lt\/wp-json\/wp\/v2\/product\/265053","targetHints":{"allow":["GET"]}}],"collection":[{"href":"https:\/\/tellimused.stiilne.ee\/lt\/wp-json\/wp\/v2\/product"}],"about":[{"href":"https:\/\/tellimused.stiilne.ee\/lt\/wp-json\/wp\/v2\/types\/product"}],"replies":[{"embeddable":true,"href":"https:\/\/tellimused.stiilne.ee\/lt\/wp-json\/wp\/v2\/comments?post=265053"}],"wp:featuredmedia":[{"embeddable":true,"href":"https:\/\/tellimused.stiilne.ee\/lt\/wp-json\/wp\/v2\/media\/265054"}],"wp:attachment":[{"href":"https:\/\/tellimused.stiilne.ee\/lt\/wp-json\/wp\/v2\/media?parent=265053"}],"wp:term":[{"taxonomy":"product_brand","embeddable":true,"href":"https:\/\/tellimused.stiilne.ee\/lt\/wp-json\/wp\/v2\/product_brand?post=265053"},{"taxonomy":"product_cat","embeddable":true,"href":"https:\/\/tellimused.stiilne.ee\/lt\/wp-json\/wp\/v2\/product_cat?post=265053"},{"taxonomy":"product_tag","embeddable":true,"href":"https:\/\/tellimused.stiilne.ee\/lt\/wp-json\/wp\/v2\/product_tag?post=265053"}],"curies":[{"name":"wp","href":"https:\/\/api.w.org\/{rel}","templated":true}]}}