{"id":265057,"date":"2026-03-12T14:40:51","date_gmt":"2026-03-12T12:40:51","guid":{"rendered":"https:\/\/tellimused.stiilne.ee\/toode\/mugavad-paksema-tallaga-hallid-slip-on-naiste-vabaaja-jalatsid-suurusele-39-sobivad-ka-laiemale-jalale-kohe-laos\/"},"modified":"2026-04-07T11:08:11","modified_gmt":"2026-04-07T08:08:11","slug":"patogus-pilki-laisvalaikio-bateliai-moterims-39-dydzio-tinka-ir-platesnems-pedoms-storesniu-padu-naudojami-dabar","status":"publish","type":"product","link":"https:\/\/tellimused.stiilne.ee\/lt\/produktas\/patogus-pilki-laisvalaikio-bateliai-moterims-39-dydzio-tinka-ir-platesnems-pedoms-storesniu-padu-naudojami-dabar\/","title":{"rendered":"Patog\u016bs pilki laisvalaikio bateliai moterims 39 dyd\u017eio (tinka ir platesn\u0117ms p\u0117doms) storesniu padu &#8211; NAUDOJAMI dabar"},"content":{"rendered":"<p><b>I\u0161or\u0117s med\u017eiaga: <\/b>Tekstil\u0117<br \/>\n Vidin\u0117 med\u017eiaga<b>: <\/b>Tekstil\u0117<br \/>\n<b>Kulno tipas: <\/b>Be kulno<br \/>\n Nosies<b>tipas: <\/b>U\u017edara<br \/>\n<b>U\u017esegimas: <\/b>U\u017edaras<br \/>\n<b>Stilius: <\/b>Sporti\u0161kas, laisvas<\/p>\n<p><b>Prek\u0117s pristatymo laikas kelios dienos &#8211; beveik sand\u0117lyje<\/b><\/p>\n","protected":false},"excerpt":{"rendered":"<p>I\u0161or\u0117s med\u017eiaga: Tekstil\u0117 Vidin\u0117 med\u017eiaga: Tekstil\u0117 Kulno tipas: Be kulno Nosiestipas: U\u017edara U\u017esegimas: U\u017edaras Stilius: Sporti\u0161kas, laisvas Prek\u0117s pristatymo laikas kelios dienos &#8211; beveik sand\u0117lyje<\/p>\n","protected":false},"featured_media":265058,"comment_status":"closed","ping_status":"closed","template":"","meta":{"_acf_changed":false},"product_brand":[],"product_cat":[357,321,380,402],"product_tag":[],"class_list":{"0":"post-265057","1":"product","2":"type-product","3":"status-publish","4":"has-post-thumbnail","6":"product_cat-laisvalaikio-avalyne","7":"product_cat-moterims","8":"product_cat-moteriski-batai","9":"product_cat-nauji-produktai","10":"product_shipping_class-tarneaeg-1-4-paeva","12":"first","13":"instock","14":"taxable","15":"shipping-taxable","16":"purchasable","17":"product-type-variable","18":"has-default-attributes","19":"add-to-wishlist-after_add_to_cart"},"acf":[],"_links":{"self":[{"href":"https:\/\/tellimused.stiilne.ee\/lt\/wp-json\/wp\/v2\/product\/265057","targetHints":{"allow":["GET"]}}],"collection":[{"href":"https:\/\/tellimused.stiilne.ee\/lt\/wp-json\/wp\/v2\/product"}],"about":[{"href":"https:\/\/tellimused.stiilne.ee\/lt\/wp-json\/wp\/v2\/types\/product"}],"replies":[{"embeddable":true,"href":"https:\/\/tellimused.stiilne.ee\/lt\/wp-json\/wp\/v2\/comments?post=265057"}],"wp:featuredmedia":[{"embeddable":true,"href":"https:\/\/tellimused.stiilne.ee\/lt\/wp-json\/wp\/v2\/media\/265058"}],"wp:attachment":[{"href":"https:\/\/tellimused.stiilne.ee\/lt\/wp-json\/wp\/v2\/media?parent=265057"}],"wp:term":[{"taxonomy":"product_brand","embeddable":true,"href":"https:\/\/tellimused.stiilne.ee\/lt\/wp-json\/wp\/v2\/product_brand?post=265057"},{"taxonomy":"product_cat","embeddable":true,"href":"https:\/\/tellimused.stiilne.ee\/lt\/wp-json\/wp\/v2\/product_cat?post=265057"},{"taxonomy":"product_tag","embeddable":true,"href":"https:\/\/tellimused.stiilne.ee\/lt\/wp-json\/wp\/v2\/product_tag?post=265057"}],"curies":[{"name":"wp","href":"https:\/\/api.w.org\/{rel}","templated":true}]}}