{"id":265062,"date":"2026-03-12T14:40:51","date_gmt":"2026-03-12T12:40:51","guid":{"rendered":"https:\/\/tellimused.stiilne.ee\/toode\/mugavad-mustad-naiste-slip-on-vabaaja-jalatsid-kohe-laos-klientide-lemmik\/"},"modified":"2026-04-07T11:08:11","modified_gmt":"2026-04-07T08:08:11","slug":"patogus-juodi-moteriski-laisvalaikio-bateliai-where-in-stock-client-store","status":"publish","type":"product","link":"https:\/\/tellimused.stiilne.ee\/lt\/produktas\/patogus-juodi-moteriski-laisvalaikio-bateliai-where-in-stock-client-store\/","title":{"rendered":"Patog\u016bs juodi moteri\u0161ki laisvalaikio bateliai-WHERE IN STOCK-CLIENT STORE"},"content":{"rendered":"<p>&nbsp;<\/p>\n<p>Mink\u0161ti odiniai \u012fsispiriami sportba\u010diai &#8211; geras pasirinkimas pavasariui, vasarai ir rudeniui, nes juos lengva derinti prie kelni\u0173 ir vasarini\u0173 sukneli\u0173.<\/p>\n<p>\u012espiriam\u0173 sportba\u010di\u0173 med\u017eiaga &#8211; mink\u0161ta oda<\/p>\n<p>Modelis puikiai tinka standartiniams europieti\u0161kiems dyd\u017eiams &#8211; rekomenduojame rinktis \u012fprast\u0105 dyd\u012f, t. y. t\u0105, kur\u012f da\u017eniausiai ne\u0161iojate sportba\u010dius.<\/p>\n<p><b>Pristatymo laikas 1-2 dienos &#8211; yra sand\u0117lyje!<\/b><\/p>\n<p>&nbsp;<\/p>\n","protected":false},"excerpt":{"rendered":"<p>&nbsp; Mink\u0161ti odiniai \u012fsispiriami sportba\u010diai &#8211; geras pasirinkimas pavasariui, vasarai ir rudeniui, nes juos lengva derinti prie kelni\u0173 ir vasarini\u0173 sukneli\u0173. \u012espiriam\u0173 sportba\u010di\u0173 med\u017eiaga &#8211; mink\u0161ta oda Modelis puikiai tinka standartiniams europieti\u0161kiems dyd\u017eiams &#8211; rekomenduojame rinktis \u012fprast\u0105 dyd\u012f, t. y. t\u0105, kur\u012f da\u017eniausiai ne\u0161iojate sportba\u010dius. Pristatymo laikas 1-2 dienos &#8211; yra sand\u0117lyje! &nbsp;<\/p>\n","protected":false},"featured_media":265063,"comment_status":"closed","ping_status":"closed","template":"","meta":{"_acf_changed":false},"product_brand":[],"product_cat":[357,321,380,402],"product_tag":[],"class_list":{"0":"post-265062","1":"product","2":"type-product","3":"status-publish","4":"has-post-thumbnail","6":"product_cat-laisvalaikio-avalyne","7":"product_cat-moterims","8":"product_cat-moteriski-batai","9":"product_cat-nauji-produktai","10":"product_shipping_class-tarneaeg-1-4-paeva","12":"first","13":"instock","14":"taxable","15":"shipping-taxable","16":"purchasable","17":"product-type-variable","18":"has-default-attributes","19":"add-to-wishlist-after_add_to_cart"},"acf":[],"_links":{"self":[{"href":"https:\/\/tellimused.stiilne.ee\/lt\/wp-json\/wp\/v2\/product\/265062","targetHints":{"allow":["GET"]}}],"collection":[{"href":"https:\/\/tellimused.stiilne.ee\/lt\/wp-json\/wp\/v2\/product"}],"about":[{"href":"https:\/\/tellimused.stiilne.ee\/lt\/wp-json\/wp\/v2\/types\/product"}],"replies":[{"embeddable":true,"href":"https:\/\/tellimused.stiilne.ee\/lt\/wp-json\/wp\/v2\/comments?post=265062"}],"wp:featuredmedia":[{"embeddable":true,"href":"https:\/\/tellimused.stiilne.ee\/lt\/wp-json\/wp\/v2\/media\/265063"}],"wp:attachment":[{"href":"https:\/\/tellimused.stiilne.ee\/lt\/wp-json\/wp\/v2\/media?parent=265062"}],"wp:term":[{"taxonomy":"product_brand","embeddable":true,"href":"https:\/\/tellimused.stiilne.ee\/lt\/wp-json\/wp\/v2\/product_brand?post=265062"},{"taxonomy":"product_cat","embeddable":true,"href":"https:\/\/tellimused.stiilne.ee\/lt\/wp-json\/wp\/v2\/product_cat?post=265062"},{"taxonomy":"product_tag","embeddable":true,"href":"https:\/\/tellimused.stiilne.ee\/lt\/wp-json\/wp\/v2\/product_tag?post=265062"}],"curies":[{"name":"wp","href":"https:\/\/api.w.org\/{rel}","templated":true}]}}