{"id":265094,"date":"2026-03-12T14:39:12","date_gmt":"2026-03-12T12:39:12","guid":{"rendered":"https:\/\/tellimused.stiilne.ee\/toode\/vero-moda-pikkade-varrukatega-pikem-puuvillane-naiste-sark-maxi-valge-uudis-kohe-laos\/"},"modified":"2026-04-07T11:08:12","modified_gmt":"2026-04-07T08:08:12","slug":"vero-moda-moteriski-ilgi-medvilniniai-marskineliai-ilgomis-rankovemis-maxi-white-udis-kohe-laos","status":"publish","type":"product","link":"https:\/\/tellimused.stiilne.ee\/lt\/produktas\/vero-moda-moteriski-ilgi-medvilniniai-marskineliai-ilgomis-rankovemis-maxi-white-udis-kohe-laos\/","title":{"rendered":"VERO MODA Moteri\u0161ki ilgi medvilniniai mar\u0161kin\u0117liai ilgomis rankov\u0117mis Maxi white-NAUJIENOS \u2013 DABAR TURIME"},"content":{"rendered":"<p>&nbsp;<\/p>\n<p>Mar\u0161kiniai pagaminti i\u0161 100 % medviln\u0117s<\/p>\n<p>Mar\u0161kinius galima derinti prie kelni\u0173 ar sijono atskirai arba kaip aksesuar\u0105 prie kit\u0173 drabu\u017ei\u0173<\/p>\n<p>. Vientisus mar\u0161kinius lengva derinti prie \u012fvairi\u0173 drabu\u017ei\u0173<\/p>\n<p>Mar\u0161kiniai \u0161iuo metu yra sand\u0117lyje &#8211; pristatymas per kelias dienas.<\/p>\n<p>&nbsp;<\/p>\n","protected":false},"excerpt":{"rendered":"<p>&nbsp; Mar\u0161kiniai pagaminti i\u0161 100 % medviln\u0117s Mar\u0161kinius galima derinti prie kelni\u0173 ar sijono atskirai arba kaip aksesuar\u0105 prie kit\u0173 drabu\u017ei\u0173 . Vientisus mar\u0161kinius lengva derinti prie \u012fvairi\u0173 drabu\u017ei\u0173 Mar\u0161kiniai \u0161iuo metu yra sand\u0117lyje &#8211; pristatymas per kelias dienas. &nbsp;<\/p>\n","protected":false},"featured_media":265095,"comment_status":"open","ping_status":"closed","template":"","meta":{"_acf_changed":false},"product_brand":[],"product_cat":[295],"product_tag":[],"class_list":{"0":"post-265094","1":"product","2":"type-product","3":"status-publish","4":"has-post-thumbnail","6":"product_cat-moteriski-megztiniai-marskineliai","7":"product_shipping_class-tarneaeg-1-4-paeva","9":"first","10":"instock","11":"sale","12":"taxable","13":"shipping-taxable","14":"purchasable","15":"product-type-variable","16":"has-default-attributes","17":"add-to-wishlist-after_add_to_cart"},"acf":[],"_links":{"self":[{"href":"https:\/\/tellimused.stiilne.ee\/lt\/wp-json\/wp\/v2\/product\/265094","targetHints":{"allow":["GET"]}}],"collection":[{"href":"https:\/\/tellimused.stiilne.ee\/lt\/wp-json\/wp\/v2\/product"}],"about":[{"href":"https:\/\/tellimused.stiilne.ee\/lt\/wp-json\/wp\/v2\/types\/product"}],"replies":[{"embeddable":true,"href":"https:\/\/tellimused.stiilne.ee\/lt\/wp-json\/wp\/v2\/comments?post=265094"}],"wp:featuredmedia":[{"embeddable":true,"href":"https:\/\/tellimused.stiilne.ee\/lt\/wp-json\/wp\/v2\/media\/265095"}],"wp:attachment":[{"href":"https:\/\/tellimused.stiilne.ee\/lt\/wp-json\/wp\/v2\/media?parent=265094"}],"wp:term":[{"taxonomy":"product_brand","embeddable":true,"href":"https:\/\/tellimused.stiilne.ee\/lt\/wp-json\/wp\/v2\/product_brand?post=265094"},{"taxonomy":"product_cat","embeddable":true,"href":"https:\/\/tellimused.stiilne.ee\/lt\/wp-json\/wp\/v2\/product_cat?post=265094"},{"taxonomy":"product_tag","embeddable":true,"href":"https:\/\/tellimused.stiilne.ee\/lt\/wp-json\/wp\/v2\/product_tag?post=265094"}],"curies":[{"name":"wp","href":"https:\/\/api.w.org\/{rel}","templated":true}]}}