{"id":265128,"date":"2026-03-12T14:35:18","date_gmt":"2026-03-12T12:35:18","guid":{"rendered":"https:\/\/tellimused.stiilne.ee\/toode\/duffy-valged-paksema-tallaga-naiste-vabaaja-jalatsid-kohe-laos-super-hind\/"},"modified":"2026-04-07T11:08:12","modified_gmt":"2026-04-07T08:08:12","slug":"duffy-moteriski-balti-laisvalaikio-bateliai-storesniu-padu-isparduoti-naudojimo-kainoje","status":"publish","type":"product","link":"https:\/\/tellimused.stiilne.ee\/lt\/produktas\/duffy-moteriski-balti-laisvalaikio-bateliai-storesniu-padu-isparduoti-naudojimo-kainoje\/","title":{"rendered":"DUFFY moteri\u0161ki balti laisvalaikio bateliai storesniu padu &#8211; I\u0160PARDUOTI NAUDOJIMO KAINOJE"},"content":{"rendered":"<p>&nbsp;<\/p>\n<p>Moteri\u0161ki balti med\u017eiaginiai sportba\u010diai storesniu padu &#8211; tai puiki avalyn\u0117 pavasar\u012f, vasar\u0105 ir ruden\u012f.<\/p>\n<p>Av\u0117kite prie kelni\u0173 arba suknel\u0117s &#8211; klasikinius baltus sportba\u010dius lengva priderinti prie \u012fvairios aprangos.<\/p>\n<p>Sportba\u010di\u0173 med\u017eiaga &#8211; baltas audinys, padas &#8211; guminis<\/p>\n<p>Sportba\u010diai \u0161iuo metu yra sand\u0117lyje &#8211; pristatymo laikas kelios dienos.<\/p>\n","protected":false},"excerpt":{"rendered":"<p>&nbsp; Moteri\u0161ki balti med\u017eiaginiai sportba\u010diai storesniu padu &#8211; tai puiki avalyn\u0117 pavasar\u012f, vasar\u0105 ir ruden\u012f. Av\u0117kite prie kelni\u0173 arba suknel\u0117s &#8211; klasikinius baltus sportba\u010dius lengva priderinti prie \u012fvairios aprangos. Sportba\u010di\u0173 med\u017eiaga &#8211; baltas audinys, padas &#8211; guminis Sportba\u010diai \u0161iuo metu yra sand\u0117lyje &#8211; pristatymo laikas kelios dienos.<\/p>\n","protected":false},"featured_media":265129,"comment_status":"open","ping_status":"closed","template":"","meta":{"_acf_changed":false},"product_brand":[],"product_cat":[357],"product_tag":[],"class_list":{"0":"post-265128","1":"product","2":"type-product","3":"status-publish","4":"has-post-thumbnail","6":"product_cat-laisvalaikio-avalyne","7":"product_shipping_class-tarneaeg-1-4-paeva","9":"first","10":"instock","11":"sale","12":"taxable","13":"shipping-taxable","14":"purchasable","15":"product-type-variable","16":"has-default-attributes","17":"add-to-wishlist-after_add_to_cart"},"acf":[],"_links":{"self":[{"href":"https:\/\/tellimused.stiilne.ee\/lt\/wp-json\/wp\/v2\/product\/265128","targetHints":{"allow":["GET"]}}],"collection":[{"href":"https:\/\/tellimused.stiilne.ee\/lt\/wp-json\/wp\/v2\/product"}],"about":[{"href":"https:\/\/tellimused.stiilne.ee\/lt\/wp-json\/wp\/v2\/types\/product"}],"replies":[{"embeddable":true,"href":"https:\/\/tellimused.stiilne.ee\/lt\/wp-json\/wp\/v2\/comments?post=265128"}],"wp:featuredmedia":[{"embeddable":true,"href":"https:\/\/tellimused.stiilne.ee\/lt\/wp-json\/wp\/v2\/media\/265129"}],"wp:attachment":[{"href":"https:\/\/tellimused.stiilne.ee\/lt\/wp-json\/wp\/v2\/media?parent=265128"}],"wp:term":[{"taxonomy":"product_brand","embeddable":true,"href":"https:\/\/tellimused.stiilne.ee\/lt\/wp-json\/wp\/v2\/product_brand?post=265128"},{"taxonomy":"product_cat","embeddable":true,"href":"https:\/\/tellimused.stiilne.ee\/lt\/wp-json\/wp\/v2\/product_cat?post=265128"},{"taxonomy":"product_tag","embeddable":true,"href":"https:\/\/tellimused.stiilne.ee\/lt\/wp-json\/wp\/v2\/product_tag?post=265128"}],"curies":[{"name":"wp","href":"https:\/\/api.w.org\/{rel}","templated":true}]}}