{"id":265146,"date":"2026-03-12T14:34:36","date_gmt":"2026-03-12T12:34:36","guid":{"rendered":"https:\/\/tellimused.stiilne.ee\/toode\/beagles-vaiksem-tumesinine-reisikott-spordikott-uudis-kohe-laos\/"},"modified":"2026-04-07T11:08:17","modified_gmt":"2026-04-07T08:08:17","slug":"beagles-mazesnis-tamsiai-melynas-kelioninis-sportinis-krepsys-naujas-ispardavime","status":"publish","type":"product","link":"https:\/\/tellimused.stiilne.ee\/lt\/produktas\/beagles-mazesnis-tamsiai-melynas-kelioninis-sportinis-krepsys-naujas-ispardavime\/","title":{"rendered":"BEAGLES Ma\u017eesnis tamsiai m\u0117lynas kelioninis\/sportinis krep\u0161ys &#8211; NAUJAS I\u0160PARDAVIME"},"content":{"rendered":"<p>&nbsp;<\/p>\n<p>Patogus ma\u017eesnis sportinis krep\u0161ys puikiai tinka einant \u012f sporto sal\u0119 arba savaitgaliui.<\/p>\n<p><strong>Krep\u0161io matmenys: 20 cm auk\u0161tis x 43 cm plotis x 26 cm gylis<\/strong><\/p>\n<p>Sportinis krep\u0161ys pagamintas i\u0161 tvirto nailono ir poliesterio<\/p>\n<p>Krep\u0161io priekyje ir \u0161onuose yra u\u017etrauktuku u\u017esegamos ki\u0161en\u0117s smulkesniems daiktams laikyti<\/p>\n<p>Krep\u0161ys turi ma\u017eesnes sagtis ir ilg\u0105 reguliuojam\u0105 dir\u017e\u0105 per pet\u012f, jei norite krep\u0161\u012f ne\u0161ioti ant peties<\/p>\n<p>Kelioninis krep\u0161ys &#8211; sportinis krep\u0161ys sand\u0117lyje &#8211; pristatymas per kelias dienas.<\/p>\n","protected":false},"excerpt":{"rendered":"<p>&nbsp; Patogus ma\u017eesnis sportinis krep\u0161ys puikiai tinka einant \u012f sporto sal\u0119 arba savaitgaliui. Krep\u0161io matmenys: 20 cm auk\u0161tis x 43 cm plotis x 26 cm gylis Sportinis krep\u0161ys pagamintas i\u0161 tvirto nailono ir poliesterio Krep\u0161io priekyje ir \u0161onuose yra u\u017etrauktuku u\u017esegamos ki\u0161en\u0117s smulkesniems daiktams laikyti Krep\u0161ys turi ma\u017eesnes sagtis ir ilg\u0105 reguliuojam\u0105 dir\u017e\u0105 per pet\u012f, [&hellip;]<\/p>\n","protected":false},"featured_media":265147,"comment_status":"open","ping_status":"closed","template":"","meta":{"_acf_changed":false},"product_brand":[],"product_cat":[408],"product_tag":[],"class_list":{"0":"post-265146","1":"product","2":"type-product","3":"status-publish","4":"has-post-thumbnail","6":"product_cat-kelioniniai-krepsiai-sportiniai-krepsiai","7":"product_shipping_class-tarneaeg-1-4-paeva","9":"first","10":"instock","11":"sale","12":"taxable","13":"shipping-taxable","14":"purchasable","15":"product-type-variable","16":"has-default-attributes","17":"add-to-wishlist-after_add_to_cart"},"acf":[],"_links":{"self":[{"href":"https:\/\/tellimused.stiilne.ee\/lt\/wp-json\/wp\/v2\/product\/265146","targetHints":{"allow":["GET"]}}],"collection":[{"href":"https:\/\/tellimused.stiilne.ee\/lt\/wp-json\/wp\/v2\/product"}],"about":[{"href":"https:\/\/tellimused.stiilne.ee\/lt\/wp-json\/wp\/v2\/types\/product"}],"replies":[{"embeddable":true,"href":"https:\/\/tellimused.stiilne.ee\/lt\/wp-json\/wp\/v2\/comments?post=265146"}],"wp:featuredmedia":[{"embeddable":true,"href":"https:\/\/tellimused.stiilne.ee\/lt\/wp-json\/wp\/v2\/media\/265147"}],"wp:attachment":[{"href":"https:\/\/tellimused.stiilne.ee\/lt\/wp-json\/wp\/v2\/media?parent=265146"}],"wp:term":[{"taxonomy":"product_brand","embeddable":true,"href":"https:\/\/tellimused.stiilne.ee\/lt\/wp-json\/wp\/v2\/product_brand?post=265146"},{"taxonomy":"product_cat","embeddable":true,"href":"https:\/\/tellimused.stiilne.ee\/lt\/wp-json\/wp\/v2\/product_cat?post=265146"},{"taxonomy":"product_tag","embeddable":true,"href":"https:\/\/tellimused.stiilne.ee\/lt\/wp-json\/wp\/v2\/product_tag?post=265146"}],"curies":[{"name":"wp","href":"https:\/\/api.w.org\/{rel}","templated":true}]}}