{"id":265194,"date":"2026-03-12T14:31:39","date_gmt":"2026-03-12T12:31:39","guid":{"rendered":"https:\/\/tellimused.stiilne.ee\/toode\/micmacbags-naturaalnahast-must-naiste-kaekott-kohe-laos-super-hind\/"},"modified":"2026-04-07T11:08:17","modified_gmt":"2026-04-07T08:08:17","slug":"micmacbags-naturalios-juodos-odos-moteriska-rankine-naujos-ispardavimai-didziausios-kainos","status":"publish","type":"product","link":"https:\/\/tellimused.stiilne.ee\/lt\/produktas\/micmacbags-naturalios-juodos-odos-moteriska-rankine-naujos-ispardavimai-didziausios-kainos\/","title":{"rendered":"MICMACBAGS nat\u016bralios juodos odos moteri\u0161ka rankin\u0117 &#8211; NAUJOS I\u0160PARDAVIMAI &#8211; DID\u017dIAUSIOS KAINOS"},"content":{"rendered":"<p>&nbsp;<\/p>\n<p>Klasikinio paprasto dizaino &#8222;Micmacbags&#8221; nat\u016bralios odos moteri\u0161ka rankin\u0117 &#8211; stilingas aksesuaras tiek darbui, tiek laisvalaikiui.Rankin\u0117s dydis puikus &#8211; puikiai tinka, jei m\u0117gstate \u0161iek tiek didesn\u0119 rankin\u0119 nei \u012fprastai ir norite \u012f j\u0105 sutalpinti daugiau daikt\u0173.Rankin\u0119 galima patogiai ne\u0161ioti su trumpa rankena ant rankos ir peties arba su ilgu dir\u017eu ant peties.<\/p>\n<p>Micmacbags rankin\u0117 Micmacbags rankin\u0117s savyb\u0117s<\/p>\n<ul>\n<li>Med\u017eiaga nat\u016brali oda<\/li>\n<li>Krep\u0161\u012f galima u\u017erakinti i\u0161 vir\u0161aus<\/li>\n<li>Krep\u0161io viduje yra ma\u017eesn\u0117s ki\u0161en\u0117s, kuriose galima laikyti tai, ko reikia.<\/li>\n<li><strong>Krep\u0161ys yra 21,5 cm auk\u0161\u010dio, 27 cm plo\u010dio ir 8 cm gylio.<\/strong><\/li>\n<li>Krep\u0161ys turi ilg\u0105 reguliuojam\u0105 dir\u017e\u0105 per pet\u012f<\/li>\n<li>Krep\u0161\u012f galima ne\u0161ioti ant peties su trumpomis arba ilgomis petne\u0161omis &#8211; parodyta nuotraukose.<\/li>\n<\/ul>\n<p>Rankin\u0117 \u0161iuo metu yra sand\u0117lyje &#8211; pristatymas per kelias darbo dienas.<\/p>\n","protected":false},"excerpt":{"rendered":"<p>&nbsp; Klasikinio paprasto dizaino &#8222;Micmacbags&#8221; nat\u016bralios odos moteri\u0161ka rankin\u0117 &#8211; stilingas aksesuaras tiek darbui, tiek laisvalaikiui.Rankin\u0117s dydis puikus &#8211; puikiai tinka, jei m\u0117gstate \u0161iek tiek didesn\u0119 rankin\u0119 nei \u012fprastai ir norite \u012f j\u0105 sutalpinti daugiau daikt\u0173.Rankin\u0119 galima patogiai ne\u0161ioti su trumpa rankena ant rankos ir peties arba su ilgu dir\u017eu ant peties. Micmacbags rankin\u0117 Micmacbags [&hellip;]<\/p>\n","protected":false},"featured_media":265195,"comment_status":"open","ping_status":"closed","template":"","meta":{"_acf_changed":false},"product_brand":[],"product_cat":[322],"product_tag":[],"class_list":{"0":"post-265194","1":"product","2":"type-product","3":"status-publish","4":"has-post-thumbnail","6":"product_cat-didesnes-rankines","7":"product_shipping_class-tarneaeg-1-4-paeva","9":"first","10":"instock","11":"sale","12":"taxable","13":"shipping-taxable","14":"purchasable","15":"product-type-variable","16":"has-default-attributes","17":"add-to-wishlist-after_add_to_cart"},"acf":[],"_links":{"self":[{"href":"https:\/\/tellimused.stiilne.ee\/lt\/wp-json\/wp\/v2\/product\/265194","targetHints":{"allow":["GET"]}}],"collection":[{"href":"https:\/\/tellimused.stiilne.ee\/lt\/wp-json\/wp\/v2\/product"}],"about":[{"href":"https:\/\/tellimused.stiilne.ee\/lt\/wp-json\/wp\/v2\/types\/product"}],"replies":[{"embeddable":true,"href":"https:\/\/tellimused.stiilne.ee\/lt\/wp-json\/wp\/v2\/comments?post=265194"}],"wp:featuredmedia":[{"embeddable":true,"href":"https:\/\/tellimused.stiilne.ee\/lt\/wp-json\/wp\/v2\/media\/265195"}],"wp:attachment":[{"href":"https:\/\/tellimused.stiilne.ee\/lt\/wp-json\/wp\/v2\/media?parent=265194"}],"wp:term":[{"taxonomy":"product_brand","embeddable":true,"href":"https:\/\/tellimused.stiilne.ee\/lt\/wp-json\/wp\/v2\/product_brand?post=265194"},{"taxonomy":"product_cat","embeddable":true,"href":"https:\/\/tellimused.stiilne.ee\/lt\/wp-json\/wp\/v2\/product_cat?post=265194"},{"taxonomy":"product_tag","embeddable":true,"href":"https:\/\/tellimused.stiilne.ee\/lt\/wp-json\/wp\/v2\/product_tag?post=265194"}],"curies":[{"name":"wp","href":"https:\/\/api.w.org\/{rel}","templated":true}]}}