{"id":265205,"date":"2026-03-12T14:28:54","date_gmt":"2026-03-12T12:28:54","guid":{"rendered":"https:\/\/tellimused.stiilne.ee\/toode\/duffy-valged-tepitud-mustriga-naiste-vabaaja-jalatsid-kohe-laos-viimased\/"},"modified":"2026-04-07T11:08:18","modified_gmt":"2026-04-07T08:08:18","slug":"duffy-moteriski-laisvalaikio-bateliai-su-baltu-dygsniuotu-rastu-dabar-naudojami-sezono-sandelyje","status":"publish","type":"product","link":"https:\/\/tellimused.stiilne.ee\/lt\/produktas\/duffy-moteriski-laisvalaikio-bateliai-su-baltu-dygsniuotu-rastu-dabar-naudojami-sezono-sandelyje\/","title":{"rendered":"DUFFY moteri\u0161ki laisvalaikio bateliai su baltu dygsniuotu ra\u0161tu &#8211; DABAR NAUDOJAMI SEZONO sand\u0117lyje"},"content":{"rendered":"<p>&nbsp;<\/p>\n<p>Storesniu padu balti dygsniuoto ra\u0161to moteri\u0161ki teniso bateliai idealiai tinka pavasariui, vasarai ir rudeniui.<\/p>\n<p>D\u0117v\u0117kite su keln\u0117mis arba suknele &#8211; klasikinius baltus laisvalaikio batelius lengva priderinti prie \u012fvairios aprangos.<\/p>\n<p>Teniso bateliai pagaminti i\u0161 auk\u0161tos kokyb\u0117s mink\u0161tos dirbtin\u0117s odos<\/p>\n<p>Bateliai dabar yra sand\u0117lyje &#8211; pristatymas per kelias dienas.<\/p>\n","protected":false},"excerpt":{"rendered":"<p>&nbsp; Storesniu padu balti dygsniuoto ra\u0161to moteri\u0161ki teniso bateliai idealiai tinka pavasariui, vasarai ir rudeniui. D\u0117v\u0117kite su keln\u0117mis arba suknele &#8211; klasikinius baltus laisvalaikio batelius lengva priderinti prie \u012fvairios aprangos. Teniso bateliai pagaminti i\u0161 auk\u0161tos kokyb\u0117s mink\u0161tos dirbtin\u0117s odos Bateliai dabar yra sand\u0117lyje &#8211; pristatymas per kelias dienas.<\/p>\n","protected":false},"featured_media":265206,"comment_status":"open","ping_status":"closed","template":"","meta":{"_acf_changed":false},"product_brand":[],"product_cat":[357],"product_tag":[],"class_list":{"0":"post-265205","1":"product","2":"type-product","3":"status-publish","4":"has-post-thumbnail","6":"product_cat-laisvalaikio-avalyne","7":"product_shipping_class-tarneaeg-1-4-paeva","9":"first","10":"instock","11":"sale","12":"taxable","13":"shipping-taxable","14":"purchasable","15":"product-type-variable","16":"has-default-attributes","17":"add-to-wishlist-after_add_to_cart"},"acf":[],"_links":{"self":[{"href":"https:\/\/tellimused.stiilne.ee\/lt\/wp-json\/wp\/v2\/product\/265205","targetHints":{"allow":["GET"]}}],"collection":[{"href":"https:\/\/tellimused.stiilne.ee\/lt\/wp-json\/wp\/v2\/product"}],"about":[{"href":"https:\/\/tellimused.stiilne.ee\/lt\/wp-json\/wp\/v2\/types\/product"}],"replies":[{"embeddable":true,"href":"https:\/\/tellimused.stiilne.ee\/lt\/wp-json\/wp\/v2\/comments?post=265205"}],"wp:featuredmedia":[{"embeddable":true,"href":"https:\/\/tellimused.stiilne.ee\/lt\/wp-json\/wp\/v2\/media\/265206"}],"wp:attachment":[{"href":"https:\/\/tellimused.stiilne.ee\/lt\/wp-json\/wp\/v2\/media?parent=265205"}],"wp:term":[{"taxonomy":"product_brand","embeddable":true,"href":"https:\/\/tellimused.stiilne.ee\/lt\/wp-json\/wp\/v2\/product_brand?post=265205"},{"taxonomy":"product_cat","embeddable":true,"href":"https:\/\/tellimused.stiilne.ee\/lt\/wp-json\/wp\/v2\/product_cat?post=265205"},{"taxonomy":"product_tag","embeddable":true,"href":"https:\/\/tellimused.stiilne.ee\/lt\/wp-json\/wp\/v2\/product_tag?post=265205"}],"curies":[{"name":"wp","href":"https:\/\/api.w.org\/{rel}","templated":true}]}}