{"id":265222,"date":"2026-03-12T14:26:55","date_gmt":"2026-03-12T12:26:55","guid":{"rendered":"https:\/\/tellimused.stiilne.ee\/toode\/duffy-beezid-slip-on-naiste-vabaaja-jalatsid-kohe-laos-viimased-kiire-tarne\/"},"modified":"2026-04-07T11:08:09","modified_gmt":"2026-04-07T08:08:09","slug":"duffy-beezid-slip-on-moteriska-laisvalaikio-avalyne-white-in-stock-seasons-kiire-tarne","status":"publish","type":"product","link":"https:\/\/tellimused.stiilne.ee\/lt\/produktas\/duffy-beezid-slip-on-moteriska-laisvalaikio-avalyne-white-in-stock-seasons-kiire-tarne\/","title":{"rendered":"DUFFY be\u017eiai \u201eslip-on\u201c moteri\u0161ki laisvalaikio batai \u2013 BALTA \u2013 TURIME SAND\u0116LYJE \u2013 GREITAS PRISTATYMAS"},"content":{"rendered":"<p>&nbsp;<\/p>\n<p>Storesniu padu beez moteri\u0161ki \u012fsispiriami sportba\u010diai &#8211; puiki avalyn\u0117 pavasar\u012f, vasar\u0105 ir ruden\u012f.<\/p>\n<p>Av\u0117kite su keln\u0117mis arba suknele &#8211; \u012fsispiriamus sportba\u010dius lengva priderinti prie \u012fvairios aprangos.<\/p>\n<p>Sportba\u010di\u0173 med\u017eiaga &#8211; dirbtin\u0117 zom\u0161a.<\/p>\n<p>Sportba\u010diai jau sand\u0117lyje &#8211; pristatymas per kelias dienas.<\/p>\n","protected":false},"excerpt":{"rendered":"<p>&nbsp; Storesniu padu beez moteri\u0161ki \u012fsispiriami sportba\u010diai &#8211; puiki avalyn\u0117 pavasar\u012f, vasar\u0105 ir ruden\u012f. Av\u0117kite su keln\u0117mis arba suknele &#8211; \u012fsispiriamus sportba\u010dius lengva priderinti prie \u012fvairios aprangos. Sportba\u010di\u0173 med\u017eiaga &#8211; dirbtin\u0117 zom\u0161a. Sportba\u010diai jau sand\u0117lyje &#8211; pristatymas per kelias dienas.<\/p>\n","protected":false},"featured_media":265223,"comment_status":"open","ping_status":"closed","template":"","meta":{"_acf_changed":false},"product_brand":[],"product_cat":[357],"product_tag":[],"class_list":{"0":"post-265222","1":"product","2":"type-product","3":"status-publish","4":"has-post-thumbnail","6":"product_cat-laisvalaikio-avalyne","7":"product_shipping_class-tarneaeg-1-4-paeva","9":"first","10":"instock","11":"sale","12":"taxable","13":"shipping-taxable","14":"purchasable","15":"product-type-variable","16":"has-default-attributes","17":"add-to-wishlist-after_add_to_cart"},"acf":[],"_links":{"self":[{"href":"https:\/\/tellimused.stiilne.ee\/lt\/wp-json\/wp\/v2\/product\/265222","targetHints":{"allow":["GET"]}}],"collection":[{"href":"https:\/\/tellimused.stiilne.ee\/lt\/wp-json\/wp\/v2\/product"}],"about":[{"href":"https:\/\/tellimused.stiilne.ee\/lt\/wp-json\/wp\/v2\/types\/product"}],"replies":[{"embeddable":true,"href":"https:\/\/tellimused.stiilne.ee\/lt\/wp-json\/wp\/v2\/comments?post=265222"}],"wp:featuredmedia":[{"embeddable":true,"href":"https:\/\/tellimused.stiilne.ee\/lt\/wp-json\/wp\/v2\/media\/265223"}],"wp:attachment":[{"href":"https:\/\/tellimused.stiilne.ee\/lt\/wp-json\/wp\/v2\/media?parent=265222"}],"wp:term":[{"taxonomy":"product_brand","embeddable":true,"href":"https:\/\/tellimused.stiilne.ee\/lt\/wp-json\/wp\/v2\/product_brand?post=265222"},{"taxonomy":"product_cat","embeddable":true,"href":"https:\/\/tellimused.stiilne.ee\/lt\/wp-json\/wp\/v2\/product_cat?post=265222"},{"taxonomy":"product_tag","embeddable":true,"href":"https:\/\/tellimused.stiilne.ee\/lt\/wp-json\/wp\/v2\/product_tag?post=265222"}],"curies":[{"name":"wp","href":"https:\/\/api.w.org\/{rel}","templated":true}]}}