{"id":265238,"date":"2026-03-12T14:26:33","date_gmt":"2026-03-12T12:26:33","guid":{"rendered":"https:\/\/tellimused.stiilne.ee\/toode\/tamaris-naturaalnahast-valged-naiste-vabaaja-jalatsidsobivad-ka-laiemale-jalale-kohe-laos-viimased-paarid\/"},"modified":"2026-03-12T14:26:33","modified_gmt":"2026-03-12T12:26:33","slug":"tamaris-naturaalnahast-valged-naiste-vabaaja-jalatsidsobivad-ka-laiemale-jalale-kohe-laos-viimased-paarid","status":"publish","type":"product","link":"https:\/\/tellimused.stiilne.ee\/lt\/produktas\/tamaris-naturaalnahast-valged-naiste-vabaaja-jalatsidsobivad-ka-laiemale-jalale-kohe-laos-viimased-paarid\/","title":{"rendered":"TAMARIS  NATURAALNAHAST valged naiste vabaaja jalatsid(sobivad ka laiemale jalale)-KOHE LAOS VIIMASED PAARID"},"content":{"rendered":"<p>&nbsp;<\/p>\n<p>Naiseliku lihtsa disainiga mugavad Tamaris naiste vabaajajalatsid on hea valik kevadeks ja\u00a0 suveks-jalatseid on t\u00e4nu oma klassikalisele v\u00e4limusele kerge sobitada nii p\u00fckste, kui ka suvekleidi juurde.<\/p>\n<p>Pealispinda katab naturaalne nahk. Kinnitus on pealt n\u00f6\u00f6ridega. Sisepinda katab pehme tekstiil, mis on jalal meeldivalt mugav. Sisetald pakub suurep\u00e4rast pehmust ning muudab iga ettev\u00f5etud sammu nauditavaks. Sisetald on antud mudelil \u00fclimalt mugav, pehme ja vajadusel ka eemaldatav.V\u00e4listald on valmistatud pehmest kummist, mis on hea haarduvusega ning k\u00e4imisel mugav.<\/p>\n<p>Tamaris vabaaja jalatsid on kohe laos olemas- tarneaeg paar p\u00e4eva<\/p>\n<p>T\u00f6\u00f6p\u00e4eval enne viite tehtud tellimuse postitame samal p\u00e4eval<\/p>\n<p><strong>Tamaris naiste vabaaja jalatsite sisetalla m\u00f5\u00f5dud on j\u00e4rgmised:<\/strong><\/p>\n<p>37-23,6 cm<\/p>\n<p>38-24,4 cm<\/p>\n<p>39-25,1 cm<\/p>\n<p>40-25,9 cm<\/p>\n<p>41-26,6 cm<\/p>\n<p>42-27,4 cm<\/p>\n","protected":false},"excerpt":{"rendered":"<p>&nbsp; Naiseliku lihtsa disainiga mugavad Tamaris naiste vabaajajalatsid on hea valik kevadeks ja\u00a0 suveks-jalatseid on t\u00e4nu oma klassikalisele v\u00e4limusele kerge sobitada nii p\u00fckste, kui ka suvekleidi juurde. Pealispinda katab naturaalne nahk. Kinnitus on pealt n\u00f6\u00f6ridega. Sisepinda katab pehme tekstiil, mis on jalal meeldivalt mugav. Sisetald pakub suurep\u00e4rast pehmust ning muudab iga ettev\u00f5etud sammu nauditavaks. Sisetald [&hellip;]<\/p>\n","protected":false},"featured_media":265239,"comment_status":"open","ping_status":"closed","template":"","meta":{"_acf_changed":false},"product_brand":[],"product_cat":[357],"product_tag":[],"class_list":{"0":"post-265238","1":"product","2":"type-product","3":"status-publish","4":"has-post-thumbnail","6":"product_cat-laisvalaikio-avalyne","7":"product_shipping_class-tarneaeg-1-4-paeva","9":"first","10":"instock","11":"sale","12":"taxable","13":"shipping-taxable","14":"purchasable","15":"product-type-variable","16":"has-default-attributes","17":"add-to-wishlist-after_add_to_cart"},"acf":[],"_links":{"self":[{"href":"https:\/\/tellimused.stiilne.ee\/lt\/wp-json\/wp\/v2\/product\/265238","targetHints":{"allow":["GET"]}}],"collection":[{"href":"https:\/\/tellimused.stiilne.ee\/lt\/wp-json\/wp\/v2\/product"}],"about":[{"href":"https:\/\/tellimused.stiilne.ee\/lt\/wp-json\/wp\/v2\/types\/product"}],"replies":[{"embeddable":true,"href":"https:\/\/tellimused.stiilne.ee\/lt\/wp-json\/wp\/v2\/comments?post=265238"}],"wp:featuredmedia":[{"embeddable":true,"href":"https:\/\/tellimused.stiilne.ee\/lt\/wp-json\/wp\/v2\/media\/265239"}],"wp:attachment":[{"href":"https:\/\/tellimused.stiilne.ee\/lt\/wp-json\/wp\/v2\/media?parent=265238"}],"wp:term":[{"taxonomy":"product_brand","embeddable":true,"href":"https:\/\/tellimused.stiilne.ee\/lt\/wp-json\/wp\/v2\/product_brand?post=265238"},{"taxonomy":"product_cat","embeddable":true,"href":"https:\/\/tellimused.stiilne.ee\/lt\/wp-json\/wp\/v2\/product_cat?post=265238"},{"taxonomy":"product_tag","embeddable":true,"href":"https:\/\/tellimused.stiilne.ee\/lt\/wp-json\/wp\/v2\/product_tag?post=265238"}],"curies":[{"name":"wp","href":"https:\/\/api.w.org\/{rel}","templated":true}]}}