{"id":265246,"date":"2026-03-12T14:26:05","date_gmt":"2026-03-12T12:26:05","guid":{"rendered":"https:\/\/tellimused.stiilne.ee\/toode\/huppa-naiste-kevad-sugis-jope-hanka-sinep-must-roheline-40-gr-soojustusega-kohe-laos\/"},"modified":"2026-04-07T11:08:20","modified_gmt":"2026-04-07T08:08:20","slug":"huppa-lietaus-ir-vejo-nepraleidzianti-moteriska-pavasario-rudens-striuke-hanka-garstyciu-juoda-zalia-40-gr-su-apsiltinimu-dabar-naujai","status":"publish","type":"product","link":"https:\/\/tellimused.stiilne.ee\/lt\/produktas\/huppa-lietaus-ir-vejo-nepraleidzianti-moteriska-pavasario-rudens-striuke-hanka-garstyciu-juoda-zalia-40-gr-su-apsiltinimu-dabar-naujai\/","title":{"rendered":"HUPPA lietaus ir v\u0117jo nepraleid\u017eianti moteri\u0161ka pavasario-rudens striuk\u0117 Hanka (garsty\u010di\u0173, juoda, \u017ealia) 40 gr su ap\u0161iltinimu &#8211; DABAR NAUJAI"},"content":{"rendered":"<p>&nbsp;<\/p>\n<p>Stilinga HUPPA 40 g satinu ap\u0161iltinta moteri\u0161ka pavasario-rudens striuk\u0117, tinkanti pavasariui, rudeniui ir vasarai.<\/p>\n<p>Estijoje rekomenduojamas d\u0117v\u0117jimo laikotarpis yra baland\u017eio-rugs\u0117jo m\u0117n.<\/p>\n<p>Huppa moteri\u0161ka striuk\u0117 Hanka Hanka funkcijos:<\/p>\n<p>&#8211; V\u0117jui ir vandeniui atsparus<br \/>\n&#8211; Vandeniui atspariomis juostel\u0117mis u\u017eklijuotos pa\u017east\u0173, kaklo, gobtuvo ir pe\u010di\u0173 si\u016bl\u0117s<br \/>\n&#8211; Elastingas gobtuvas<br \/>\n&#8211; Reguliuojamas viduriukas su rai\u0161teliu<\/p>\n<p>2 ki\u0161en\u0117s su u\u017etrauktukais priekyje<\/p>\n<p>Atspindin\u010dios detal\u0117s ant nugaros ir rankovi\u0173<\/p>\n<p>&nbsp;<\/p>\n<p>Moteri\u0161kos striuk\u0117s med\u017eiaga: 100% poliesteris, pamu\u0161alas 100% poliesteris.<\/p>\n<p>Izoliacija 40 g\/m\u00b2, pralaidumas orui 10 000 g\/m\u00b2, atsparumas vandeniui 10 000 mm.<\/p>\n<p>Striuk\u0117s vidin\u0117je pus\u0117je yra rai\u0161telis, kuris leid\u017eia striuk\u0119 gra\u017eiai priderinti prie liemens.<\/p>\n<p>&nbsp;<\/p>\n<p><strong>Huppa Hanka moteri\u0161kos striuk\u0117s matmenys &#8211; matuojama nuo striuk\u0117s vir\u0161aus<\/strong><\/p>\n<p><strong>Dyd\u017eiai nurodomi tokia tvarka: XS(34), S(36), M(38-40), L(42-44), XL(44-46), XXL(46-50), 3XL(50-..).<\/strong><\/p>\n<p><strong>Kr\u016btin\u0117s apimtis 92(XS), 98(S), 104(M), 110(L), 118(XL), 126(XXL), 134(3XL) cm.<\/strong><\/p>\n<p><strong>Klub\u0173 apimtis 107 (S), 110 (M), 122 (L), 127 (XL), 136 (XXL), 143 (3XL) cm.<\/strong><\/p>\n<p>Plotis ties pe\u010diais 40, 41, 42, 43, 44, 46, 47 cm<\/p>\n<p>Striuk\u0117s ilgis 86, 88, 90, 92, 94, 96, 96 cm<\/p>\n<p>I\u0161orinis rankov\u0117s ilgis 62, 63, 64, 65, 66, 67, 68 cm cm cm<\/p>\n<p><strong>Skai\u010diai atitinka standartinius Europos dyd\u017eius &#8211; rekomenduojame rinktis savo \u012fprast\u0105 dyd\u012f, t. y. dyd\u012f, kur\u012f da\u017eniausiai ne\u0161iojate vilk\u0117dami striukes su gobtuvais<\/strong>.<\/p>\n<p>NB!Jei numeris nesutampa, visada turite teis\u0119 pakeisti prek\u0119 &#8211; keitimas yra nemokamas, jei nurodomas DPD keitimo kodas.<\/p>\n<p>&nbsp;<\/p>\n<p>&#8222;Huppa&#8221; moteri\u0161kos striuk\u0117s pristatymas per kelias dienas &#8211; striuk\u0117 yra sand\u0117lyje dabar<\/p>\n<p><strong>U\u017esakymai telefonu 51 45 245 &#8211; mok\u0117jimas pristatant \u012f siunt\u0173 automat\u0105.<\/strong><\/p>\n<p>&nbsp;<\/p>\n<p>&nbsp;<\/p>\n<p>&nbsp;<\/p>\n<p>&nbsp;<\/p>\n","protected":false},"excerpt":{"rendered":"<p>&nbsp; Stilinga HUPPA 40 g satinu ap\u0161iltinta moteri\u0161ka pavasario-rudens striuk\u0117, tinkanti pavasariui, rudeniui ir vasarai. Estijoje rekomenduojamas d\u0117v\u0117jimo laikotarpis yra baland\u017eio-rugs\u0117jo m\u0117n. Huppa moteri\u0161ka striuk\u0117 Hanka Hanka funkcijos: &#8211; V\u0117jui ir vandeniui atsparus &#8211; Vandeniui atspariomis juostel\u0117mis u\u017eklijuotos pa\u017east\u0173, kaklo, gobtuvo ir pe\u010di\u0173 si\u016bl\u0117s &#8211; Elastingas gobtuvas &#8211; Reguliuojamas viduriukas su rai\u0161teliu 2 ki\u0161en\u0117s su [&hellip;]<\/p>\n","protected":false},"featured_media":265092,"comment_status":"open","ping_status":"closed","template":"","meta":{"_acf_changed":false},"product_brand":[],"product_cat":[270],"product_tag":[],"class_list":{"0":"post-265246","1":"product","2":"type-product","3":"status-publish","4":"has-post-thumbnail","6":"product_cat-pavasario-ir-rudens-striukes-bei-svarkai","7":"product_shipping_class-tarneaeg-1-4-paeva","9":"first","10":"instock","11":"sale","12":"taxable","13":"shipping-taxable","14":"purchasable","15":"product-type-variable","16":"has-default-attributes","17":"add-to-wishlist-after_add_to_cart"},"acf":[],"_links":{"self":[{"href":"https:\/\/tellimused.stiilne.ee\/lt\/wp-json\/wp\/v2\/product\/265246","targetHints":{"allow":["GET"]}}],"collection":[{"href":"https:\/\/tellimused.stiilne.ee\/lt\/wp-json\/wp\/v2\/product"}],"about":[{"href":"https:\/\/tellimused.stiilne.ee\/lt\/wp-json\/wp\/v2\/types\/product"}],"replies":[{"embeddable":true,"href":"https:\/\/tellimused.stiilne.ee\/lt\/wp-json\/wp\/v2\/comments?post=265246"}],"wp:featuredmedia":[{"embeddable":true,"href":"https:\/\/tellimused.stiilne.ee\/lt\/wp-json\/wp\/v2\/media\/265092"}],"wp:attachment":[{"href":"https:\/\/tellimused.stiilne.ee\/lt\/wp-json\/wp\/v2\/media?parent=265246"}],"wp:term":[{"taxonomy":"product_brand","embeddable":true,"href":"https:\/\/tellimused.stiilne.ee\/lt\/wp-json\/wp\/v2\/product_brand?post=265246"},{"taxonomy":"product_cat","embeddable":true,"href":"https:\/\/tellimused.stiilne.ee\/lt\/wp-json\/wp\/v2\/product_cat?post=265246"},{"taxonomy":"product_tag","embeddable":true,"href":"https:\/\/tellimused.stiilne.ee\/lt\/wp-json\/wp\/v2\/product_tag?post=265246"}],"curies":[{"name":"wp","href":"https:\/\/api.w.org\/{rel}","templated":true}]}}