{"id":265260,"date":"2026-03-12T14:25:26","date_gmt":"2026-03-12T12:25:26","guid":{"rendered":"https:\/\/tellimused.stiilne.ee\/toode\/huppa-vihma-ja-tuulekindel-naiste-kevad-sugis-jope-hanka-fuksia-tumesinine-bordoo-40-gr-soojustusega-kohe-laos\/"},"modified":"2026-04-06T19:47:52","modified_gmt":"2026-04-06T16:47:52","slug":"huppa-vihma-ja-tuulekindel-naiste-kevad-sugis-jope-hanka-fuksia-tumesinine-bordoo-40-gr-soojustusega-kohe-laos","status":"publish","type":"product","link":"https:\/\/tellimused.stiilne.ee\/lt\/produktas\/huppa-vihma-ja-tuulekindel-naiste-kevad-sugis-jope-hanka-fuksia-tumesinine-bordoo-40-gr-soojustusega-kohe-laos\/","title":{"rendered":"HUPPA naiste kevad-s\u00fcgis jope Hanka (fuksia, tumesinine, bordoo) 40 gr soojustusega-KLIENTIDE LEMMIK"},"content":{"rendered":"<div class=\"flex flex-col text-sm pb-25\">\n<article class=\"text-token-text-primary w-full focus:outline-none [--shadow-height:45px] has-data-writing-block:pointer-events-none has-data-writing-block:-mt-(--shadow-height) has-data-writing-block:pt-(--shadow-height) [&amp;:has([data-writing-block])&gt;*]:pointer-events-auto scroll-mt-[calc(var(--header-height)+min(200px,max(70px,20svh)))]\" dir=\"auto\" tabindex=\"-1\" data-turn-id=\"request-69a6839a-f714-832e-a9a4-e267656c4ad0-6\" data-testid=\"conversation-turn-4\" data-scroll-anchor=\"true\" data-turn=\"assistant\">\n<div class=\"text-base my-auto mx-auto pb-10 [--thread-content-margin:--spacing(4)] @w-sm\/main:[--thread-content-margin:--spacing(6)] @w-lg\/main:[--thread-content-margin:--spacing(16)] px-(--thread-content-margin)\">\n<div class=\"[--thread-content-max-width:40rem] @w-lg\/main:[--thread-content-max-width:48rem] mx-auto max-w-(--thread-content-max-width) flex-1 group\/turn-messages focus-visible:outline-hidden relative flex w-full min-w-0 flex-col agent-turn\" tabindex=\"-1\">\n<div class=\"flex max-w-full flex-col grow\">\n<div class=\"min-h-8 text-message relative flex w-full flex-col items-end gap-2 text-start break-words whitespace-normal [.text-message+&amp;]:mt-1\" dir=\"auto\" data-message-author-role=\"assistant\" data-message-id=\"c5840201-69dd-4446-b212-ea22869e36c4\" data-message-model-slug=\"gpt-5-3\">\n<div class=\"flex w-full flex-col gap-1 empty:hidden first:pt-[1px]\">\n<div class=\"markdown prose dark:prose-invert w-full wrap-break-word light markdown-new-styling\">\n<h1 data-start=\"0\" data-end=\"96\">Huppa Hanka naiste kevad-s\u00fcgis jope \u2013 veekindel ja kerge jope kevadeks, suveks ja s\u00fcgiseks<\/h1>\n<p data-start=\"98\" data-end=\"375\">Otsid <strong data-start=\"104\" data-end=\"138\">kerget veekindlat naiste jopet<\/strong>, mis sobib nii kevadeks, jahedamateks suvep\u00e4evadeks kui ka s\u00fcgiseks?<br data-start=\"207\" data-end=\"210\" \/><strong data-start=\"210\" data-end=\"249\">Huppa Hanka naiste kevad-s\u00fcgis jope<\/strong> on praktiline ja naiselik valik, mis pakub kaitset tuule ja vihma eest, kuid on samas kerge ja mugav igap\u00e4evaseks kandmiseks.<\/p>\n<p data-start=\"377\" data-end=\"578\">T\u00e4nu <strong data-start=\"382\" data-end=\"428\">40 g soojustusele ja hingavale materjalile<\/strong> sobib Hanka jope kandmiseks Eesti muutlikus kliimas <strong data-start=\"481\" data-end=\"506\">aprillist septembrini<\/strong> \u2013 olgu tegemist linnas liikumise, jalutusk\u00e4igu v\u00f5i aktiivse vaba ajaga.<\/p>\n<h2 data-start=\"585\" data-end=\"633\">Miks valida Huppa Hanka kevad-s\u00fcgis jope?<\/h2>\n<p data-start=\"635\" data-end=\"1012\">\u2714 <strong data-start=\"637\" data-end=\"681\">Tuule- ja veekindel materjal (10 000 mm)<\/strong> \u2013 kaitseb vihma ja tuule eest<br data-start=\"711\" data-end=\"714\" \/>\u2714 <strong data-start=\"716\" data-end=\"747\">Hingav kangas (10 000 g\/m\u00b2)<\/strong> \u2013 hoiab kehatemperatuuri mugavana<br data-start=\"781\" data-end=\"784\" \/>\u2714 <strong data-start=\"786\" data-end=\"804\">40 g soojustus<\/strong> \u2013 ideaalne kevadeks, s\u00fcgiseks ja jahedamateks suvep\u00e4evadeks<br data-start=\"864\" data-end=\"867\" \/>\u2714 <strong data-start=\"869\" data-end=\"891\">Reguleeritav talje<\/strong> \u2013 jope saab pingutusn\u00f6\u00f6riga ilusti taljesse s\u00e4ttida<br data-start=\"943\" data-end=\"946\" \/>\u2714 <strong data-start=\"948\" data-end=\"972\">Kerge ja mugav l\u00f5ige<\/strong> \u2013 sobib h\u00e4sti igap\u00e4evaseks kandmiseks<\/p>\n<p data-start=\"1014\" data-end=\"1134\">Kui otsid <strong data-start=\"1024\" data-end=\"1065\">veekindlat kevad-s\u00fcgis jopet naistele<\/strong>, mis oleks kerge, stiilne ja praktiline, on Hanka suurep\u00e4rane valik.<\/p>\n<h2 data-start=\"1141\" data-end=\"1183\">\u00a0L\u00e4bim\u00f5eldud ja praktilised detailid<\/h2>\n<p data-start=\"1185\" data-end=\"1581\"><strong data-start=\"1188\" data-end=\"1214\">Elastse \u00e4\u00e4rega kapuuts<\/strong> \u2013 p\u00fcsib paremini peas ka tuulise ilmaga<\/p>\n<p data-start=\"1185\" data-end=\"1581\"><strong>Kahesuunaline esilukk<\/strong>-lisamugavus istudes<br data-start=\"1254\" data-end=\"1257\" \/><strong data-start=\"1260\" data-end=\"1292\">2 lukuga suletavat esitaskut<\/strong> \u2013 turvaline koht telefoni ja v\u00f5tmete jaoks<br data-start=\"1335\" data-end=\"1338\" \/><strong data-start=\"1341\" data-end=\"1379\">Seespool reguleeritav pingutuskumm<\/strong> \u2013 v\u00f5imaldab jopet taljesse s\u00e4ttida<br data-start=\"1414\" data-end=\"1417\" \/>  <strong data-start=\"1420\" data-end=\"1453\">Veekindlaks teibitud \u00f5mblused<\/strong> \u2013 kapuutsi-, \u00f5la-, k\u00e4eaugu- ja kaelakaarte piirkonnas<br data-start=\"1507\" data-end=\"1510\" \/>\u2728 <strong data-start=\"1512\" data-end=\"1549\">Helkurdetailid varrukal ja seljal<\/strong> \u2013 parem n\u00e4htavus pimedal ajal<\/p>\n<h2 data-start=\"1588\" data-end=\"1626\">Materjal ja tehnilised omadused<\/h2>\n<ul data-start=\"1628\" data-end=\"1792\">\n<li data-start=\"1628\" data-end=\"1669\">\n<p data-start=\"1630\" data-end=\"1669\">Pealmine materjal: <strong data-start=\"1649\" data-end=\"1667\">100% pol\u00fcester<\/strong><\/p>\n<\/li>\n<li data-start=\"1670\" data-end=\"1700\">\n<p data-start=\"1672\" data-end=\"1700\">Vooder: <strong data-start=\"1680\" data-end=\"1698\">100% pol\u00fcester<\/strong><\/p>\n<\/li>\n<li data-start=\"1701\" data-end=\"1734\">\n<p data-start=\"1703\" data-end=\"1734\">Soojustus: <strong data-start=\"1714\" data-end=\"1732\">40 g\/m\u00b2 vatiin<\/strong><\/p>\n<\/li>\n<li data-start=\"1735\" data-end=\"1764\">\n<p data-start=\"1737\" data-end=\"1764\">Veepidavus: <strong data-start=\"1749\" data-end=\"1762\">10 000 mm<\/strong><\/p>\n<\/li>\n<li data-start=\"1765\" data-end=\"1792\">\n<p data-start=\"1767\" data-end=\"1792\">Hingavus: <strong data-start=\"1777\" data-end=\"1792\">10 000 g\/m\u00b2<\/strong><\/p>\n<\/li>\n<\/ul>\n<p data-start=\"1794\" data-end=\"1905\">See teeb Hankast <strong data-start=\"1811\" data-end=\"1862\">kvaliteetse veekindla kevad-s\u00fcgis jope naistele<\/strong>, mis sobib ideaalselt p\u00f5hjamaise kliimaga.<\/p>\n<h2 data-start=\"1912\" data-end=\"1947\">Suurused ja sobivus (XS\u20133XL)<\/h2>\n<p data-start=\"1949\" data-end=\"2004\">Huppa Hanka jope on saadaval suurustes <strong data-start=\"1988\" data-end=\"2003\">XS kuni 3XL<\/strong><\/p>\n<p data-start=\"2006\" data-end=\"2153\">Numbrid vastavad h\u00e4sti <strong data-start=\"2029\" data-end=\"2065\">tavap\u00e4rastele Euroopa suurustele<\/strong>, seega soovitame valida sama suurus, mida tavaliselt jopede v\u00f5i parkade puhul kannate.Juhul, kui kahtlete kahe suuruse vahel, siis Hanka jopepuhul soovitame valida pigem number suurema suuruse-jope on pisut kitsama l\u00f5ikega.<\/p>\n<h3 data-start=\"2155\" data-end=\"2173\">Huppa Hanka kevad-s\u00fcgis jope m\u00f5\u00f5dutabel<\/h3>\n<div class=\"TyagGW_tableContainer\">\n<div class=\"group TyagGW_tableWrapper flex flex-col-reverse w-fit\" tabindex=\"-1\">\n<table class=\"w-fit min-w-(--thread-content-width)\" style=\"height: 192px;\" width=\"763\" data-start=\"2175\" data-end=\"2632\">\n<thead data-start=\"2175\" data-end=\"2269\">\n<tr data-start=\"2175\" data-end=\"2269\">\n<th class=\"\" data-start=\"2175\" data-end=\"2184\" data-col-size=\"sm\">Suurus<\/th>\n<th class=\"\" data-start=\"2184\" data-end=\"2194\" data-col-size=\"sm\">XS (34)<\/th>\n<th class=\"\" data-start=\"2194\" data-end=\"2203\" data-col-size=\"sm\">S (36)<\/th>\n<th class=\"\" data-start=\"2203\" data-end=\"2215\" data-col-size=\"sm\">M (38\u201340)<\/th>\n<th class=\"\" data-start=\"2215\" data-end=\"2227\" data-col-size=\"sm\">L (42\u201344)<\/th>\n<th class=\"\" data-start=\"2227\" data-end=\"2240\" data-col-size=\"sm\">XL (44\u201346)<\/th>\n<th class=\"\" data-start=\"2240\" data-end=\"2254\" data-col-size=\"sm\">XXL (46\u201350)<\/th>\n<th class=\"\" data-start=\"2254\" data-end=\"2269\" data-col-size=\"sm\">3XL (50\u2013..)<\/th>\n<\/tr>\n<\/thead>\n<tbody data-start=\"2328\" data-end=\"2632\">\n<tr data-start=\"2328\" data-end=\"2391\">\n<td data-start=\"2328\" data-end=\"2350\" data-col-size=\"sm\">Rinna\u00fcmberm\u00f5\u00f5t (cm)<\/td>\n<td data-col-size=\"sm\" data-start=\"2350\" data-end=\"2355\">92<\/td>\n<td data-col-size=\"sm\" data-start=\"2355\" data-end=\"2360\">98<\/td>\n<td data-col-size=\"sm\" data-start=\"2360\" data-end=\"2366\">104<\/td>\n<td data-col-size=\"sm\" data-start=\"2366\" data-end=\"2372\">110<\/td>\n<td data-col-size=\"sm\" data-start=\"2372\" data-end=\"2378\">118<\/td>\n<td data-col-size=\"sm\" data-start=\"2378\" data-end=\"2384\">126<\/td>\n<td data-col-size=\"sm\" data-start=\"2384\" data-end=\"2391\">134<\/td>\n<\/tr>\n<tr data-start=\"2392\" data-end=\"2455\">\n<td data-start=\"2392\" data-end=\"2414\" data-col-size=\"sm\">Puusa\u00fcmberm\u00f5\u00f5t (cm)<\/td>\n<td data-col-size=\"sm\" data-start=\"2414\" data-end=\"2418\">\u2013<\/td>\n<td data-col-size=\"sm\" data-start=\"2418\" data-end=\"2424\">107<\/td>\n<td data-col-size=\"sm\" data-start=\"2424\" data-end=\"2430\">110<\/td>\n<td data-col-size=\"sm\" data-start=\"2430\" data-end=\"2436\">122<\/td>\n<td data-col-size=\"sm\" data-start=\"2436\" data-end=\"2442\">127<\/td>\n<td data-col-size=\"sm\" data-start=\"2442\" data-end=\"2448\">136<\/td>\n<td data-col-size=\"sm\" data-start=\"2448\" data-end=\"2455\">143<\/td>\n<\/tr>\n<tr data-start=\"2456\" data-end=\"2512\">\n<td data-start=\"2456\" data-end=\"2476\" data-col-size=\"sm\">\u00d5lgade laius (cm)<\/td>\n<td data-col-size=\"sm\" data-start=\"2476\" data-end=\"2481\">40<\/td>\n<td data-col-size=\"sm\" data-start=\"2481\" data-end=\"2486\">41<\/td>\n<td data-col-size=\"sm\" data-start=\"2486\" data-end=\"2491\">42<\/td>\n<td data-col-size=\"sm\" data-start=\"2491\" data-end=\"2496\">43<\/td>\n<td data-col-size=\"sm\" data-start=\"2496\" data-end=\"2501\">44<\/td>\n<td data-col-size=\"sm\" data-start=\"2501\" data-end=\"2506\">46<\/td>\n<td data-col-size=\"sm\" data-start=\"2506\" data-end=\"2512\">47<\/td>\n<\/tr>\n<tr data-start=\"2513\" data-end=\"2573\">\n<td data-start=\"2513\" data-end=\"2537\" data-col-size=\"sm\">Jope pikkus eest (cm)<\/td>\n<td data-col-size=\"sm\" data-start=\"2537\" data-end=\"2542\">86<\/td>\n<td data-col-size=\"sm\" data-start=\"2542\" data-end=\"2547\">88<\/td>\n<td data-col-size=\"sm\" data-start=\"2547\" data-end=\"2552\">90<\/td>\n<td data-col-size=\"sm\" data-start=\"2552\" data-end=\"2557\">92<\/td>\n<td data-col-size=\"sm\" data-start=\"2557\" data-end=\"2562\">94<\/td>\n<td data-col-size=\"sm\" data-start=\"2562\" data-end=\"2567\">96<\/td>\n<td data-col-size=\"sm\" data-start=\"2567\" data-end=\"2573\">96<\/td>\n<\/tr>\n<tr data-start=\"2574\" data-end=\"2632\">\n<td data-start=\"2574\" data-end=\"2596\" data-col-size=\"sm\">Varruka pikkus (cm)<\/td>\n<td data-col-size=\"sm\" data-start=\"2596\" data-end=\"2601\">62<\/td>\n<td data-col-size=\"sm\" data-start=\"2601\" data-end=\"2606\">63<\/td>\n<td data-col-size=\"sm\" data-start=\"2606\" data-end=\"2611\">64<\/td>\n<td data-col-size=\"sm\" data-start=\"2611\" data-end=\"2616\">65<\/td>\n<td data-col-size=\"sm\" data-start=\"2616\" data-end=\"2621\">66<\/td>\n<td data-col-size=\"sm\" data-start=\"2621\" data-end=\"2626\">67<\/td>\n<td data-col-size=\"sm\" data-start=\"2626\" data-end=\"2632\">68<\/td>\n<\/tr>\n<\/tbody>\n<\/table>\n<\/div>\n<\/div>\n<p data-start=\"2634\" data-end=\"2718\">  Soovitame v\u00f5rrelda m\u00f5\u00f5te enda olemasoleva jopega, et valida k\u00f5ige sobivam suurus.<\/p>\n<h2 data-start=\"2725\" data-end=\"2765\">Kiire tarne ja murevaba tellimine<\/h2>\n<p data-start=\"2767\" data-end=\"2983\">  Jope on <strong data-start=\"2778\" data-end=\"2798\">kohe laos olemas<\/strong> \u2013 tarneaeg tavaliselt vaid paar p\u00e4eva<br data-start=\"2836\" data-end=\"2839\" \/>  Enne <strong data-start=\"2847\" data-end=\"2904\">17:00 tehtud tellimused saadame teele samal t\u00f6\u00f6p\u00e4eval<\/strong><br data-start=\"2904\" data-end=\"2907\" \/>Pakk j\u00f5uab pakiautomaati tavaliselt <strong data-start=\"2946\" data-end=\"2983\">j\u00e4rgmisel v\u00f5i \u00fclej\u00e4rgmisel p\u00e4eval<\/strong><\/p>\n<p data-start=\"2985\" data-end=\"3125\">  <strong data-start=\"2988\" data-end=\"3007\">Suurus ei sobi?<\/strong><br data-start=\"3007\" data-end=\"3010\" \/>Pole probleemi \u2013 <strong data-start=\"3027\" data-end=\"3074\">vahetus DPD vahetuskoodiga on alati TASUTA.<\/strong><br data-start=\"3074\" data-end=\"3077\" \/>Vahetada saab nii suurust, v\u00e4rvi kui ka mudelit.<\/p>\n<p data-start=\"3127\" data-end=\"3244\">  Soovi korral saab tellida ka <strong data-start=\"3159\" data-end=\"3182\">telefonil 51 45 245<\/strong><br data-start=\"3182\" data-end=\"3185\" \/>Telefoni teel tellides on tasumine paki k\u00e4ttesaamisel pakiautomaadis.<\/p>\n<h1 data-start=\"3251\" data-end=\"3279\">Korduma kippuvad k\u00fcsimused<\/h1>\n<h3 data-start=\"3281\" data-end=\"3319\">\u2753 Kas Huppa Hanka jope peab vihma?<\/h3>\n<p data-start=\"3320\" data-end=\"3415\">Jah. Veepidavus <strong data-start=\"3336\" data-end=\"3349\">10 000 mm<\/strong> t\u00e4hendab, et jope peab h\u00e4sti vastu vihmasele ja tuulisele ilmale.<\/p>\n<h3 data-start=\"3417\" data-end=\"3459\">\u2753 Kas see jope on pigem \u00f5huke v\u00f5i soe?<\/h3>\n<p data-start=\"3460\" data-end=\"3594\">Jopel on <strong data-start=\"3469\" data-end=\"3487\">40 g soojustus<\/strong>, mis teeb sellest kerge, kuid samas piisavalt sooja jope kevadeks, s\u00fcgiseks ja jahedamateks suvep\u00e4evadeks.<\/p>\n<h3 data-start=\"3596\" data-end=\"3633\">\u2753 Kas jope on taljesse t\u00f6\u00f6deldud?<\/h3>\n<p data-start=\"3634\" data-end=\"3749\">Jah. Jope sees on <strong data-start=\"3652\" data-end=\"3681\">reguleeritav pingutuskumm<\/strong>, millega saab jope taljesse s\u00e4ttida ja muuta silueti naiselikumaks.<\/p>\n<h3 data-start=\"3751\" data-end=\"3795\">\u2753 Kas kapuuts p\u00fcsib tuulise ilmaga peas?<\/h3>\n<p data-start=\"3796\" data-end=\"3865\">Kapuutsil on <strong data-start=\"3809\" data-end=\"3825\">elastne serv<\/strong>, mis aitab sellel paremini peas p\u00fcsida.<\/p>\n<h3 data-start=\"3867\" data-end=\"3902\">\u2753 Mis siis, kui suurus ei sobi?<\/h3>\n<p data-start=\"3903\" data-end=\"3981\">Pole hullu. <strong data-start=\"3915\" data-end=\"3981\">Suuruse v\u00f5i mudeli vahetus on DPD vahetuskoodiga alati tasuta.<\/strong><\/p>\n<h3 data-start=\"3983\" data-end=\"4024\">\u2753 Kui kiiresti tellimus kohale j\u00f5uab?<\/h3>\n<p data-start=\"4025\" data-end=\"4159\">Kui tellimus tehakse t\u00f6\u00f6p\u00e4eval enne 17:00, paneme selle teele <strong data-start=\"4087\" data-end=\"4103\">samal p\u00e4eval<\/strong> ja pakk j\u00f5uab pakiautomaati tavaliselt <strong data-start=\"4143\" data-end=\"4158\">1\u20132 p\u00e4evaga<\/strong>.<\/p>\n<hr data-start=\"4161\" data-end=\"4164\" \/>\n<p data-start=\"4166\" data-end=\"4364\" data-is-last-node=\"\" data-is-only-node=\"\">Kui otsid <strong data-start=\"4176\" data-end=\"4235\">kerget, veekindlat ja stiilset naiste kevad-s\u00fcgis jopet<\/strong>, mis sobib h\u00e4sti nii linnas kandmiseks kui ka aktiivseks liikumiseks, on <strong data-start=\"4309\" data-end=\"4329\">Huppa Hanka jope<\/strong> praktiline ja usaldusv\u00e4\u00e4rne valik.<\/p>\n<\/div>\n<\/div>\n<\/div>\n<\/div>\n<div class=\"z-0 flex min-h-[46px] justify-start\"><\/div>\n<div class=\"mt-3 w-full empty:hidden\">\n<div class=\"text-center\"><\/div>\n<\/div>\n<\/div>\n<\/div>\n<\/article>\n<\/div>\n<div class=\"pointer-events-none h-px w-px absolute bottom-0\" aria-hidden=\"true\" data-edge=\"true\"><\/div>\n<p>&nbsp;<\/p>\n","protected":false},"excerpt":{"rendered":"<p>Huppa Hanka naiste kevad-s\u00fcgis jope \u2013 veekindel ja kerge jope kevadeks, suveks ja s\u00fcgiseks Otsid kerget veekindlat naiste jopet, mis sobib nii kevadeks, jahedamateks suvep\u00e4evadeks kui ka s\u00fcgiseks?Huppa Hanka naiste kevad-s\u00fcgis jope on praktiline ja naiselik valik, mis pakub kaitset tuule ja vihma eest, kuid on samas kerge ja mugav igap\u00e4evaseks kandmiseks. T\u00e4nu 40 g [&hellip;]<\/p>\n","protected":false},"featured_media":265144,"comment_status":"open","ping_status":"closed","template":"","meta":{"_acf_changed":false},"product_brand":[],"product_cat":[270],"product_tag":[],"class_list":{"0":"post-265260","1":"product","2":"type-product","3":"status-publish","4":"has-post-thumbnail","6":"product_cat-pavasario-ir-rudens-striukes-bei-svarkai","7":"product_shipping_class-tarneaeg-1-4-paeva","9":"first","10":"instock","11":"sale","12":"taxable","13":"shipping-taxable","14":"purchasable","15":"product-type-variable","16":"has-default-attributes","17":"add-to-wishlist-after_add_to_cart"},"acf":[],"_links":{"self":[{"href":"https:\/\/tellimused.stiilne.ee\/lt\/wp-json\/wp\/v2\/product\/265260","targetHints":{"allow":["GET"]}}],"collection":[{"href":"https:\/\/tellimused.stiilne.ee\/lt\/wp-json\/wp\/v2\/product"}],"about":[{"href":"https:\/\/tellimused.stiilne.ee\/lt\/wp-json\/wp\/v2\/types\/product"}],"replies":[{"embeddable":true,"href":"https:\/\/tellimused.stiilne.ee\/lt\/wp-json\/wp\/v2\/comments?post=265260"}],"wp:featuredmedia":[{"embeddable":true,"href":"https:\/\/tellimused.stiilne.ee\/lt\/wp-json\/wp\/v2\/media\/265144"}],"wp:attachment":[{"href":"https:\/\/tellimused.stiilne.ee\/lt\/wp-json\/wp\/v2\/media?parent=265260"}],"wp:term":[{"taxonomy":"product_brand","embeddable":true,"href":"https:\/\/tellimused.stiilne.ee\/lt\/wp-json\/wp\/v2\/product_brand?post=265260"},{"taxonomy":"product_cat","embeddable":true,"href":"https:\/\/tellimused.stiilne.ee\/lt\/wp-json\/wp\/v2\/product_cat?post=265260"},{"taxonomy":"product_tag","embeddable":true,"href":"https:\/\/tellimused.stiilne.ee\/lt\/wp-json\/wp\/v2\/product_tag?post=265260"}],"curies":[{"name":"wp","href":"https:\/\/api.w.org\/{rel}","templated":true}]}}