{"id":265272,"date":"2026-03-12T14:24:42","date_gmt":"2026-03-12T12:24:42","guid":{"rendered":"https:\/\/tellimused.stiilne.ee\/toode\/huppa-naiste-kevad-sugis-jope-hanka-mundiroheline-tumeroheline-must-40-gr-soojustusega-kohe-laos\/"},"modified":"2026-04-07T11:08:20","modified_gmt":"2026-04-07T08:08:20","slug":"huppa-lietaus-ir-vejo-nepraleidzianti-moteriska-pavasario-rudens-striuke-hanka-metu-zalia-tamsiai-zalia-juoda-40-gr-su-apsiltinimu-naudojame","status":"publish","type":"product","link":"https:\/\/tellimused.stiilne.ee\/lt\/produktas\/huppa-lietaus-ir-vejo-nepraleidzianti-moteriska-pavasario-rudens-striuke-hanka-metu-zalia-tamsiai-zalia-juoda-40-gr-su-apsiltinimu-naudojame\/","title":{"rendered":"HUPPA lietaus ir v\u0117jo nepraleid\u017eianti moteri\u0161ka pavasario-rudens striuk\u0117 Hanka (m\u0117t\u0173 \u017ealia, tamsiai \u017ealia, juoda) 40 gr su ap\u0161iltinimu &#8211; NAUDOJAME"},"content":{"rendered":"<p>&nbsp;<\/p>\n<p>Stilinga HUPPA 40g ap\u0161iltinta moteri\u0161ka pavasario-rudens striuk\u0117, tinkanti pavasariui, rudeniui ir vasarai.<\/p>\n<p>Estijoje rekomenduojama d\u0117v\u0117ti baland\u017eio-lapkri\u010dio m\u0117nesiais.<\/p>\n<p>Huppa moteri\u0161ka striuk\u0117 Hanka Hanka funkcijos:<\/p>\n<p>&#8211; V\u0117jui ir vandeniui atsparus<br \/>\n&#8211; Vandeniui atspariomis juostel\u0117mis u\u017eklijuotos pa\u017east\u0173, kaklo, gobtuvo ir pe\u010di\u0173 si\u016bl\u0117s<br \/>\n&#8211; Elastingas gobtuvas<br \/>\n&#8211; Reguliuojamas viduriukas su rai\u0161teliu<\/p>\n<p>2 ki\u0161en\u0117s su u\u017etrauktukais priekyje<\/p>\n<p>Atspindin\u010dios detal\u0117s ant nugaros ir rankovi\u0173<\/p>\n<p>&nbsp;<\/p>\n<p>Moteri\u0161kos striuk\u0117s med\u017eiaga: 100% poliesteris, pamu\u0161alas 100% poliesteris.<\/p>\n<p>Izoliacija 40 g\/m\u00b2, pralaidumas orui 10 000 g\/m\u00b2, atsparumas vandeniui 10 000 mm.<\/p>\n<p>Striuk\u0117s vidin\u0117je pus\u0117je yra rai\u0161telis, kuris leid\u017eia striuk\u0119 gra\u017eiai priderinti prie liemens.<\/p>\n<p>&nbsp;<\/p>\n<p><strong>Huppa Hanka moteri\u0161k\u0173 striuki\u0173 dyd\u017ei\u0173 lentel\u0117<\/strong><\/p>\n<p><strong>Dyd\u017eiai nurodomi tokia tvarka: XS(34), S(36), M(38-40), L(42-44), XL(44-46), XXL(46-50), 3XL(50-..).<\/strong><\/p>\n<p><strong>Kr\u016btin\u0117s apimtis 92(XS), 98(S), 104(M), 110(L), 118(XL), 126(XXL), 134(3XL) cm.<\/strong><\/p>\n<p>Plotis ties pe\u010diais 40, 41, 42, 43, 44, 46, 47 cm<\/p>\n<p>Striuk\u0117s ilgis 86, 88, 90, 92, 94, 96, 96 cm<\/p>\n<p>I\u0161orinis rankov\u0117s ilgis 62, 63, 64, 65, 66, 67, 68 cm cm cm<\/p>\n<p>&nbsp;<\/p>\n<p>&#8222;Huppa&#8221; moteri\u0161ka striuk\u0117 &#8211; pristatymo laikas 1-4 dienos<\/p>\n<p>U\u017esakymai, pateikti darbo dien\u0105 prie\u0161 v\u0117lavim\u0105, i\u0161siun\u010diami t\u0105 pa\u010di\u0105 dien\u0105, o siuntinys paprastai pristatomas \u012f siunt\u0173 automat\u0105 kit\u0105 dien\u0105.<\/p>\n<p>&nbsp;<\/p>\n<p>&nbsp;<\/p>\n<p>&nbsp;<\/p>\n","protected":false},"excerpt":{"rendered":"<p>&nbsp; Stilinga HUPPA 40g ap\u0161iltinta moteri\u0161ka pavasario-rudens striuk\u0117, tinkanti pavasariui, rudeniui ir vasarai. Estijoje rekomenduojama d\u0117v\u0117ti baland\u017eio-lapkri\u010dio m\u0117nesiais. Huppa moteri\u0161ka striuk\u0117 Hanka Hanka funkcijos: &#8211; V\u0117jui ir vandeniui atsparus &#8211; Vandeniui atspariomis juostel\u0117mis u\u017eklijuotos pa\u017east\u0173, kaklo, gobtuvo ir pe\u010di\u0173 si\u016bl\u0117s &#8211; Elastingas gobtuvas &#8211; Reguliuojamas viduriukas su rai\u0161teliu 2 ki\u0161en\u0117s su u\u017etrauktukais priekyje Atspindin\u010dios detal\u0117s [&hellip;]<\/p>\n","protected":false},"featured_media":265273,"comment_status":"open","ping_status":"closed","template":"","meta":{"_acf_changed":false},"product_brand":[],"product_cat":[270],"product_tag":[],"class_list":{"0":"post-265272","1":"product","2":"type-product","3":"status-publish","4":"has-post-thumbnail","6":"product_cat-pavasario-ir-rudens-striukes-bei-svarkai","7":"product_shipping_class-tarneaeg-1-4-paeva","9":"first","10":"instock","11":"sale","12":"taxable","13":"shipping-taxable","14":"purchasable","15":"product-type-variable","16":"has-default-attributes","17":"add-to-wishlist-after_add_to_cart"},"acf":[],"_links":{"self":[{"href":"https:\/\/tellimused.stiilne.ee\/lt\/wp-json\/wp\/v2\/product\/265272","targetHints":{"allow":["GET"]}}],"collection":[{"href":"https:\/\/tellimused.stiilne.ee\/lt\/wp-json\/wp\/v2\/product"}],"about":[{"href":"https:\/\/tellimused.stiilne.ee\/lt\/wp-json\/wp\/v2\/types\/product"}],"replies":[{"embeddable":true,"href":"https:\/\/tellimused.stiilne.ee\/lt\/wp-json\/wp\/v2\/comments?post=265272"}],"wp:featuredmedia":[{"embeddable":true,"href":"https:\/\/tellimused.stiilne.ee\/lt\/wp-json\/wp\/v2\/media\/265273"}],"wp:attachment":[{"href":"https:\/\/tellimused.stiilne.ee\/lt\/wp-json\/wp\/v2\/media?parent=265272"}],"wp:term":[{"taxonomy":"product_brand","embeddable":true,"href":"https:\/\/tellimused.stiilne.ee\/lt\/wp-json\/wp\/v2\/product_brand?post=265272"},{"taxonomy":"product_cat","embeddable":true,"href":"https:\/\/tellimused.stiilne.ee\/lt\/wp-json\/wp\/v2\/product_cat?post=265272"},{"taxonomy":"product_tag","embeddable":true,"href":"https:\/\/tellimused.stiilne.ee\/lt\/wp-json\/wp\/v2\/product_tag?post=265272"}],"curies":[{"name":"wp","href":"https:\/\/api.w.org\/{rel}","templated":true}]}}