{"id":265296,"date":"2026-03-12T14:22:24","date_gmt":"2026-03-12T12:22:24","guid":{"rendered":"https:\/\/tellimused.stiilne.ee\/toode\/huppa-naiste-kevad-sugis-parka-minna-must-40-gr-soojustusega\/"},"modified":"2026-04-07T11:08:21","modified_gmt":"2026-04-07T08:08:21","slug":"huppa-black-womens-spring-autumn-parka-minna-40-gr-insulated-xs-and-m-nearly-in-stock-other-sizes-pristatymo-laikas-iki-5-darbo-dienu","status":"publish","type":"product","link":"https:\/\/tellimused.stiilne.ee\/lt\/produktas\/huppa-black-womens-spring-autumn-parka-minna-40-gr-insulated-xs-and-m-nearly-in-stock-other-sizes-pristatymo-laikas-iki-5-darbo-dienu\/","title":{"rendered":"HUPPA juoda moteri\u0161ka pavasario-rudens striuk\u0117 \u201eMinna\u201c su 40 g \u201eInsulated-XS\u201c ir \u201eM\u201c dyd\u017ei\u0173 beveik yra sand\u0117lyje, kiti dyd\u017eiai pristatomi per 5 darbo dienas"},"content":{"rendered":"<h3 data-start=\"177\" data-end=\"275\"><strong data-start=\"181\" data-end=\"275\">&#8222;Huppa&#8221; moteri\u0161ka pavasario-rudens striuk\u0117 &#8222;Minna&#8221; &#8211; patikima ir moteri\u0161ka apsauga nuo permaining\u0173 oro s\u0105lyg\u0173<\/strong><\/h3>\n<p data-start=\"277\" data-end=\"583\">Jei ie\u0161kote dar daugiau apr\u0117pties ir \u0161ilumos suteikian\u010dios, bet kartu prakti\u0161kos ir stilingos parka, <strong data-start=\"383\" data-end=\"423\">&#8222;Huppa&#8221; moteri\u0161ka pavasario-rudens parka &#8222;Minna&#8221;<\/strong> yra puikus pasirinkimas. Ji sukurta patogum\u0105, funkcionalum\u0105 ir eleganti\u0161k\u0105 i\u0161vaizd\u0105 vertinan\u010diai moteriai &#8211; nesvarbu, ar tai b\u016bt\u0173 lietinga diena mieste, ar pasivaik\u0161\u010diojimas gamtoje.<\/p>\n<p data-start=\"585\" data-end=\"705\"><strong data-start=\"585\" data-end=\"625\">&#8222;Minna&#8221; pavasario-rudens park\u0105 galima d\u0117v\u0117ti nuo kovo iki spalio m\u0117nesio,<\/strong> kai orai gali b\u016bti \u012fvair\u016bs &#8211; nuo v\u0117juot\u0173 li\u016b\u010di\u0173 iki saul\u0117t\u0173, bet v\u0117si\u0173 dien\u0173.<\/p>\n<hr data-start=\"707\" data-end=\"710\" \/>\n<h3 data-start=\"712\" data-end=\"750\"><strong data-start=\"716\" data-end=\"750\">Kod\u0117l verta rinktis &#8222;Huppa Minna parka&#8221;?<\/strong><\/h3>\n<p data-start=\"752\" data-end=\"1169\">\u2705 <strong data-start=\"754\" data-end=\"777\">V\u0117jui ir vandeniui atspari<\/strong> med\u017eiaga &#8211; patikima apsauga permainingu Estijos oru (atsparumas vandeniui 10 000 mm)<br data-start=\"849\" data-end=\"852\" \/>\u2705 <strong data-start=\"854\" data-end=\"873\">Kv\u0117puojanti med\u017eiaga<\/strong> &#8211; u\u017etikrina ger\u0105 oro cirkuliacij\u0105 (kv\u0117puojamumas 10 000 g\/m\u00b2)<br data-start=\"921\" data-end=\"924\" \/>\u2705 <strong data-start=\"926\" data-end=\"943\">40 g izoliacija<\/strong> &#8211; u\u017etikrina \u0161ilum\u0105 pavasar\u012f, pavasar\u012f, ruden\u012f ir v\u0117siais vasaros vakarais<br data-start=\"1009\" data-end=\"1012\" \/>\u2705 <strong data-start=\"1014\" data-end=\"1029\">Ilgesnis kirpimas<\/strong> &#8211; geriau dengia klubus ir \u0161launis, kad b\u016bt\u0173 daugiau \u0161ilumos ir apsaugos<br data-start=\"1090\" data-end=\"1093\" \/>\u2705 <strong data-start=\"1095\" data-end=\"1127\">Fig\u016br\u0105 formuojantis kirpimas<\/strong> &#8211; reguliuojamas rai\u0161telis vir\u0161 juosmens<\/p>\n<hr data-start=\"1171\" data-end=\"1174\" \/>\n<h3 data-start=\"1176\" data-end=\"1217\"><strong data-start=\"1180\" data-end=\"1217\">Stilingos ir prakti\u0161kos detal\u0117s:<\/strong><\/h3>\n<ul data-start=\"1219\" data-end=\"1682\">\n<li data-start=\"1219\" data-end=\"1309\">\n<p data-start=\"1221\" data-end=\"1309\"><strong data-start=\"1221\" data-end=\"1258\">\u0160ilti briaunuoti rankovi\u0173 rankogaliai su<\/strong> laiko v\u0117j\u0105 ir padidina d\u0117v\u0117jimo patogum\u0105<\/p>\n<\/li>\n<li data-start=\"1310\" data-end=\"1412\">\n<p data-start=\"1312\" data-end=\"1412\"><strong data-start=\"1312\" data-end=\"1345\">\u0160onin\u0117s ki\u0161en\u0117s, u\u017esegamos \u0161akiniu keltuvu<\/strong> &#8211; saugus ir prakti\u0161kas sprendimas asmeniniams daiktams laikyti<\/p>\n<\/li>\n<li data-start=\"1413\" data-end=\"1476\">\n<p data-start=\"1415\" data-end=\"1476\"><strong data-start=\"1415\" data-end=\"1446\">Dviem kryptimis atidaromas priekinis u\u017eraktas<\/strong> &#8211; patogu s\u0117d\u0117ti ir va\u017eiuoti automobilyje<\/p>\n<\/li>\n<li data-start=\"1477\" data-end=\"1538\">\n<p data-start=\"1479\" data-end=\"1538\"><strong data-start=\"1479\" data-end=\"1512\">Vandeniui atsparios u\u017eklijuotos si\u016bl\u0117s<\/strong> (kapi\u0161onas, pe\u010diai, kaklas)<\/p>\n<\/li>\n<li data-start=\"1539\" data-end=\"1607\">\n<p data-start=\"1541\" data-end=\"1607\"><b>Reguliuojamas gobtuvo kra\u0161tas<\/b> &#8211; geriau laikosi v\u0117juotomis s\u0105lygomis<\/p>\n<\/li>\n<li data-start=\"1608\" data-end=\"1682\">\n<p data-start=\"1610\" data-end=\"1682\"><strong data-start=\"1610\" data-end=\"1628\">Atspindin\u010dios detal\u0117s<\/strong> priekyje, nugaroje ir <strong data-start=\"1610\" data-end=\"1628\">ant<\/strong> rankovi\u0173 &#8211; geresniam matomumui tamsoje<\/p>\n<\/li>\n<\/ul>\n<hr data-start=\"1684\" data-end=\"1687\" \/>\n<h3 data-start=\"1689\" data-end=\"1718\"><strong data-start=\"1693\" data-end=\"1718\">Med\u017eiaga ir kokyb\u0117<\/strong><\/h3>\n<ul data-start=\"1720\" data-end=\"1884\">\n<li data-start=\"1720\" data-end=\"1761\">\n<p data-start=\"1722\" data-end=\"1761\"><strong data-start=\"1722\" data-end=\"1744\">I\u0161orin\u0117 med\u017eiaga:<\/strong> 100% poliesteris<\/p>\n<\/li>\n<li data-start=\"1762\" data-end=\"1792\">\n<p data-start=\"1764\" data-end=\"1792\"><strong data-start=\"1764\" data-end=\"1775\">Pamu\u0161alas:<\/strong> 100% poliesteris<\/p>\n<\/li>\n<li data-start=\"1793\" data-end=\"1826\">\n<p data-start=\"1795\" data-end=\"1826\"><strong data-start=\"1795\" data-end=\"1809\">Reguliavimas:<\/strong> 40 g\/m\u00b2 medvilnin\u0117 vata<\/p>\n<\/li>\n<li data-start=\"1827\" data-end=\"1856\">\n<p data-start=\"1829\" data-end=\"1856\"><strong data-start=\"1829\" data-end=\"1844\">Atsparumas vandeniui:<\/strong> 10 000 mm<\/p>\n<\/li>\n<li data-start=\"1857\" data-end=\"1884\">\n<p data-start=\"1859\" data-end=\"1884\"><strong data-start=\"1859\" data-end=\"1872\">Tankis:<\/strong> 10 000 g\/m\u00b2<\/p>\n<\/li>\n<\/ul>\n<p data-start=\"1886\" data-end=\"2027\"><strong data-start=\"1886\" data-end=\"1914\">&#8222;Huppa&#8221; moteri\u0161ka striuk\u0117 &#8222;Minna&#8221;<\/strong> sukurta \u0161iaurieti\u0161kam pavasariui ir rudeniui &#8211; joje dera prakti\u0161kumas ir moteri\u0161kas dizainas.<\/p>\n<hr data-start=\"2029\" data-end=\"2032\" \/>\n<h3 data-start=\"2034\" data-end=\"2061\"><strong data-start=\"2038\" data-end=\"2061\">Dyd\u017eiai ir tinkamumas<\/strong><\/h3>\n<p data-start=\"2063\" data-end=\"2202\">&#8222;Minna&#8221; striuk\u0119 galima rinktis <strong data-start=\"2097\" data-end=\"2112\">nuo XS iki 3XL<\/strong> dyd\u017eio, kad tikt\u0173 \u012fvairiems k\u016bno tipams.<\/p>\n<p data-start=\"2063\" data-end=\"2202\">\u017dr. dyd\u017ei\u0173 lentel\u0119, kad i\u0161sirinktum\u0117te jums tinkamiausi\u0105 dyd\u012f.<\/p>\n<p><strong>Dyd\u017eiai XS(34), S(36), M(38-40), L(42-44), XL(44-46), XXL(46-50), 3XL(50-..)<\/strong><\/p>\n<p><strong>Kr\u016btin\u0117s apimtis 96(XS), 102(S), 108(M), 114(L), 122(XL), 130(XXL), 138(3XL) cm<\/strong><\/p>\n<p>Pe\u010di\u0173 plotis 40, 41, 42, 42, 42, 44, 46, 47,5 cm<\/p>\n<p>93, 94,5, 96, 97, 99, 100, 102 cm ilgio striuk\u0117s<\/p>\n<p>Striuk\u0117s ilgis nugaroje 96, 97,5, 99, 100, 102, 103, 105 cm<\/p>\n<p>I\u0161orinis rankov\u0117s ilgis 63, 64, 65, 66, 67, 68, 68, 68 cm cm cm<\/p>\n<p><strong data-start=\"2294\" data-end=\"2377\">Dyd\u017eio keitimas visada NEMOKAMAS, jei naudojamas DPD keitimo kodas.<\/strong><\/p>\n<h3 data-start=\"2125\" data-end=\"2152\"><strong data-start=\"2129\" data-end=\"2152\">Kod\u0117l verta u\u017esisakyti i\u0161 m\u016bs\u0173?<\/strong><\/h3>\n<p data-start=\"2154\" data-end=\"2429\"><b>Black Minna parka pristatymo laikas \u0161iuo metu yra iki 5 darbo dien\u0173<\/b><br data-start=\"2213\" data-end=\"2216\" \/><strong data-start=\"2294\" data-end=\"2377\">Netinkamas dydis arba spalva? Nesvarbu! Keitimas visada NEMOKAMAS su DPD keitimo kodu. <\/strong><br data-start=\"2377\" data-end=\"2380\" \/>&#8211; keisti dyd\u012f, spalv\u0105 ir model\u012f<\/p>\n<hr data-start=\"2586\" data-end=\"2589\" \/>\n<h3 data-start=\"2591\" data-end=\"2643\"><strong data-start=\"2595\" data-end=\"2643\">Minna parka &#8211; daugiau ilgio, daugiau apsaugos<\/strong><\/h3>\n<p data-start=\"2645\" data-end=\"2936\">Tai <strong data-start=\"2652\" data-end=\"2693\">prakti\u0161ka, patvari ir patogi striuk\u0117<\/strong>, puikiai tinkanti kasdieniam d\u0117v\u0117jimui mieste arba lauko pramogoms gamtoje. D\u0117l ilgesnio kirpimo, \u0161ilt\u0173 detali\u0173 ir gerai apgalvoto dizaino ji yra idealus pasirinkimas tiems, kurie nenori daryti kompromis\u0173 d\u0117l stiliaus ar patogumo.<\/p>\n<h3 data-start=\"962\" data-end=\"1032\"><strong data-start=\"966\" data-end=\"1032\">Kod\u0117l verta rinktis &#8222;Huppa&#8221; moteri\u0161k\u0105 pavasario-rudens park\u0105 &#8222;Minna&#8221; juodos spalvos?<\/strong><\/h3>\n<p data-start=\"1034\" data-end=\"1083\"><strong data-start=\"1034\" data-end=\"1083\">Juoda parka &#8211; nesenstanti klasika kiekvienai progai.<\/strong><\/p>\n<p data-start=\"1085\" data-end=\"1247\">Juoda spalva yra eleganti\u0161ka, universali ir visada madinga. Tai geras pasirinkimas bet kokiai progai &#8211; nesvarbu, ar tai b\u016bt\u0173 lietinga darbo diena, ar ramus savaitgalis, ar \u017eygis gamtoje.<\/p>\n<p data-start=\"1249\" data-end=\"1419\">Juoda spalva simbolizuoja stipryb\u0119, paprastum\u0105 ir patikimum\u0105. Ji neklausia tendencij\u0173 ar sezono &#8211; juod\u0105 spalv\u0105 galite d\u0117v\u0117ti bet kada ir bet kur, ji niekada nei\u0161eina i\u0161 mados.<\/p>\n<p data-start=\"1421\" data-end=\"1662\"><strong data-start=\"1421\" data-end=\"1442\">&#8222;Huppa Minna&#8221; parka<\/strong> yra prakti\u0161kas sprendimas permainingiems Estijos orams: <strong data-start=\"1495\" data-end=\"1510\">ilgesnis kirpimas<\/strong>, <strong data-start=\"1512\" data-end=\"1544\">v\u0117jui ir vandeniui atspari med\u017eiaga<\/strong>, <strong data-start=\"1546\" data-end=\"1583\">\u0161ilti briaunuoti rankovi\u0173 rankogaliai<\/strong> ir <strong data-start=\"1587\" data-end=\"1605\">ki\u0161en\u0117s su atvartu<\/strong> daro j\u0105 nepakei\u010diama pavasario ir rudens palydove.<\/p>\n<p>&nbsp;<\/p>\n","protected":false},"excerpt":{"rendered":"<p>&#8222;Huppa&#8221; moteri\u0161ka pavasario-rudens striuk\u0117 &#8222;Minna&#8221; &#8211; patikima ir moteri\u0161ka apsauga nuo permaining\u0173 oro s\u0105lyg\u0173 Jei ie\u0161kote dar daugiau apr\u0117pties ir \u0161ilumos suteikian\u010dios, bet kartu prakti\u0161kos ir stilingos parka, &#8222;Huppa&#8221; moteri\u0161ka pavasario-rudens parka &#8222;Minna&#8221; yra puikus pasirinkimas. Ji sukurta patogum\u0105, funkcionalum\u0105 ir eleganti\u0161k\u0105 i\u0161vaizd\u0105 vertinan\u010diai moteriai &#8211; nesvarbu, ar tai b\u016bt\u0173 lietinga diena mieste, ar pasivaik\u0161\u010diojimas [&hellip;]<\/p>\n","protected":false},"featured_media":265297,"comment_status":"open","ping_status":"closed","template":"","meta":{"_acf_changed":false},"product_brand":[],"product_cat":[270],"product_tag":[],"class_list":{"0":"post-265296","1":"product","2":"type-product","3":"status-publish","4":"has-post-thumbnail","6":"product_cat-pavasario-ir-rudens-striukes-bei-svarkai","7":"product_shipping_class-tarneaeg-1-4-paeva","9":"first","10":"instock","11":"sale","12":"taxable","13":"shipping-taxable","14":"purchasable","15":"product-type-variable","16":"has-default-attributes","17":"add-to-wishlist-after_add_to_cart"},"acf":[],"_links":{"self":[{"href":"https:\/\/tellimused.stiilne.ee\/lt\/wp-json\/wp\/v2\/product\/265296","targetHints":{"allow":["GET"]}}],"collection":[{"href":"https:\/\/tellimused.stiilne.ee\/lt\/wp-json\/wp\/v2\/product"}],"about":[{"href":"https:\/\/tellimused.stiilne.ee\/lt\/wp-json\/wp\/v2\/types\/product"}],"replies":[{"embeddable":true,"href":"https:\/\/tellimused.stiilne.ee\/lt\/wp-json\/wp\/v2\/comments?post=265296"}],"wp:featuredmedia":[{"embeddable":true,"href":"https:\/\/tellimused.stiilne.ee\/lt\/wp-json\/wp\/v2\/media\/265297"}],"wp:attachment":[{"href":"https:\/\/tellimused.stiilne.ee\/lt\/wp-json\/wp\/v2\/media?parent=265296"}],"wp:term":[{"taxonomy":"product_brand","embeddable":true,"href":"https:\/\/tellimused.stiilne.ee\/lt\/wp-json\/wp\/v2\/product_brand?post=265296"},{"taxonomy":"product_cat","embeddable":true,"href":"https:\/\/tellimused.stiilne.ee\/lt\/wp-json\/wp\/v2\/product_cat?post=265296"},{"taxonomy":"product_tag","embeddable":true,"href":"https:\/\/tellimused.stiilne.ee\/lt\/wp-json\/wp\/v2\/product_tag?post=265296"}],"curies":[{"name":"wp","href":"https:\/\/api.w.org\/{rel}","templated":true}]}}