{"id":265346,"date":"2026-03-12T14:19:50","date_gmt":"2026-03-12T12:19:50","guid":{"rendered":"https:\/\/tellimused.stiilne.ee\/toode\/huppa-softshell-vihma-ja-tuulekindel-must-naiste-kevad-sugis-jope\/"},"modified":"2026-04-07T11:08:21","modified_gmt":"2026-04-07T08:08:21","slug":"huppa-softshell-lietaus-ir-vejo-nepraleidzianti-juoda-moteriska-pavasario-rudens-striuke-turinys-iki-7-dienu","status":"publish","type":"product","link":"https:\/\/tellimused.stiilne.ee\/lt\/produktas\/huppa-softshell-lietaus-ir-vejo-nepraleidzianti-juoda-moteriska-pavasario-rudens-striuke-turinys-iki-7-dienu\/","title":{"rendered":"HUPPA softshell lietaus ir v\u0117jo nepraleid\u017eianti juoda moteri\u0161ka pavasario-rudens striuk\u0117-TURINYS iki 7 dien\u0173"},"content":{"rendered":"<div class=\"flex max-w-full flex-col grow\">\n<div class=\"min-h-8 text-message relative flex w-full flex-col items-end gap-2 text-start break-words whitespace-normal [.text-message+&amp;]:mt-5\" dir=\"auto\" data-message-author-role=\"assistant\" data-message-id=\"184789f0-7e0c-40af-a18e-a75c786bbd18\" data-message-model-slug=\"gpt-4o\">\n<div class=\"flex w-full flex-col gap-1 empty:hidden first:pt-[3px]\">\n<div class=\"markdown prose dark:prose-invert w-full break-words light markdown-new-styling\">\n<h3 data-start=\"185\" data-end=\"266\"><strong data-start=\"189\" data-end=\"266\">&#8222;Huppa&#8221; moteri\u0161ka softshell striuk\u0117 &#8222;Ava&#8221; &#8211; lengva ir moteri\u0161ka apsauga visais met\u0173 laikais<\/strong><\/h3>\n<p data-start=\"268\" data-end=\"522\">Ie\u0161kote <strong data-start=\"274\" data-end=\"325\">lengvos, oro s\u0105lygoms atsparios ir gerai priglundan\u010dios striuk\u0117s, kuri\u0105<\/strong> gal\u0117tum\u0117te d\u0117v\u0117ti pavasar\u012f, vasar\u0105 ir ruden\u012f?<br data-start=\"375\" data-end=\"378\"> &#8222;Huppa&#8221;<strong data-start=\"378\" data-end=\"413\">moteri\u0161ka softshell striuk\u0117 &#8222;Ava&#8221; &#8211;<\/strong> tai patogumo, moteri\u0161ko kirpimo ir prakti\u0161kumo derinys, tod\u0117l ji puikiai tinka d\u0117v\u0117ti miesto gatv\u0117je ar lauke.<\/p>\n<hr data-start=\"524\" data-end=\"527\">\n<h3 data-start=\"529\" data-end=\"574\"><strong data-start=\"533\" data-end=\"574\">Kod\u0117l verta rinktis &#8222;Huppa Ava&#8221; softshello striuk\u0119?<\/strong><\/h3>\n<p data-start=\"576\" data-end=\"1097\">\u2705 <strong data-start=\"578\" data-end=\"619\">V\u0117jui ir vandeniui atsparus 3 sluoksni\u0173 audinys<\/strong> &#8211; apsaugo nuo v\u0117jo, lietaus ir dr\u0117gm\u0117s (atsparumas vandeniui iki 5000 mm)<br data-start=\"680\" data-end=\"683\">\u2705 <strong data-start=\"685\" data-end=\"707\">Kv\u0117pavimo laidumas 3000 g\/m\u00b2<\/strong> &#8211; u\u017etikrina ger\u0105 ventiliacij\u0105 aktyviai judant<br data-start=\"752\" data-end=\"755\">\u2705 <strong data-start=\"757\" data-end=\"777\">Lengvas ir lankstus<\/strong> &#8211; idealiai tinka d\u0117v\u0117ti esant permainingam orui<br data-start=\"816\" data-end=\"819\">\u2705 <strong data-start=\"821\" data-end=\"861\">Siauras kirpimas ir reguliuojamas juosmuo<\/strong> &#8211; pabr\u0117\u017eia fig\u016br\u0105 ir geriau priglunda<br data-start=\"904\" data-end=\"907\">\u2705 <strong data-start=\"909\" data-end=\"940\">Kapi\u0161onas, pasl\u0117ptas apykakl\u0117je<\/strong>, &#8211; prireikus suteikia apsaug\u0105, kitaip nematomas<br data-start=\"984\" data-end=\"987\">\u2705 <strong data-start=\"989\" data-end=\"1014\">Dviej\u0173 kryp\u010di\u0173 u\u017esegimas priekyje<\/strong> &#8211; taip pat patogus s\u0117dint ar va\u017eiuojant<br data-start=\"1044\" data-end=\"1047\">\u2705 <strong data-start=\"1049\" data-end=\"1069\">Priekin\u0117s ki\u0161en\u0117s su u\u017etrauktuku<\/strong> &#8211; prakti\u0161kos ir saugios.<\/p>\n<hr data-start=\"1099\" data-end=\"1102\">\n<h3 data-start=\"1104\" data-end=\"1134\"><strong data-start=\"1108\" data-end=\"1134\">Matomumas ir saugumas<\/strong><\/h3>\n<ul data-start=\"1136\" data-end=\"1289\">\n<li data-start=\"1136\" data-end=\"1204\">\n<p data-start=\"1138\" data-end=\"1204\"><strong data-start=\"1138\" data-end=\"1171\">Audinys su \u0161vies\u0105 atspindin\u010diais vamzd\u017eiais<\/strong> &#8211; geresniam matomumui tamsoje<\/p>\n<\/li>\n<li data-start=\"1205\" data-end=\"1239\">\n<p data-start=\"1207\" data-end=\"1239\"><strong data-start=\"1207\" data-end=\"1225\">Atspindin\u010dios detal\u0117s<\/strong> priekyje ir gale<\/p>\n<\/li>\n<li data-start=\"1240\" data-end=\"1289\">\n<p data-start=\"1242\" data-end=\"1289\"><strong data-start=\"1242\" data-end=\"1265\">&#8222;Huppa&#8221; logotipas ant rankov\u0117s<\/strong> &#8211; stilingas ir diskreti\u0161kas<\/p>\n<\/li>\n<\/ul>\n<hr data-start=\"1291\" data-end=\"1294\">\n<h3 data-start=\"1296\" data-end=\"1323\"><strong data-start=\"1300\" data-end=\"1323\">Med\u017eiagos ir prie\u017ei\u016bra<\/strong><\/h3>\n<ul data-start=\"1325\" data-end=\"1457\">\n<li data-start=\"1325\" data-end=\"1356\">\n<p data-start=\"1327\" data-end=\"1356\"><strong data-start=\"1327\" data-end=\"1339\">Sud\u0117tis:<\/strong> 100% poliesteris<\/p>\n<\/li>\n<li data-start=\"1357\" data-end=\"1403\">\n<p data-start=\"1359\" data-end=\"1403\"><strong data-start=\"1359\" data-end=\"1374\">Vilnonis pamu\u0161alas<\/strong> &#8211; suteikia mink\u0161tumo ir \u0161ilumos<\/p>\n<\/li>\n<li data-start=\"1404\" data-end=\"1431\">\n<p data-start=\"1406\" data-end=\"1431\"><strong data-start=\"1406\" data-end=\"1421\">Atsparumas vandeniui<\/strong>: 5000 mm<\/p>\n<\/li>\n<li data-start=\"1432\" data-end=\"1457\">\n<p data-start=\"1434\" data-end=\"1457\"><strong data-start=\"1434\" data-end=\"1447\">Tankis:<\/strong> 3000 g\/m\u00b2<\/p>\n<\/li>\n<\/ul>\n<hr data-start=\"1459\" data-end=\"1462\">\n<h3 data-start=\"1464\" data-end=\"1491\"><strong data-start=\"1468\" data-end=\"1491\">Dyd\u017eiai ir tinkamumas<\/strong><\/h3>\n<p data-start=\"1493\" data-end=\"1641\">&#8222;Huppa Ava&#8221; striuk\u0117 pagaminta taip, kad tikt\u0173 <strong data-start=\"1515\" data-end=\"1551\">standartiniams Europos dyd\u017eiams<\/strong>.<br data-start=\"1552\" data-end=\"1555\">Rekomenduojame rinktis \u012fprast\u0105 dyd\u012f, t. y. tok\u012f, kok\u012f paprastai ne\u0161iojate su striuk\u0117mis.<\/p>\n<p data-start=\"1643\" data-end=\"1679\"><strong data-start=\"1643\" data-end=\"1679\">Kr\u016btin\u0117s matmenys pagal dyd\u012f.<\/strong><\/p>\n<p data-start=\"1643\" data-end=\"1679\"><strong data-start=\"1643\" data-end=\"1679\">Jei abejojate d\u0117l dviej\u0173 dyd\u017ei\u0173, rekomenduojame rinktis didesn\u012f &#8211; \u0161iek tiek siauresnio kirpimo model\u012f.<\/strong><\/p>\n<ul data-start=\"1681\" data-end=\"1867\">\n<li data-start=\"1681\" data-end=\"1700\">\n<p data-start=\"1683\" data-end=\"1700\">XS (34) &#8211; 82 cm<\/p>\n<\/li>\n<li data-start=\"1701\" data-end=\"1719\">\n<p data-start=\"1703\" data-end=\"1719\">S (36) &#8211; 88 cm<\/p>\n<\/li>\n<li data-start=\"1720\" data-end=\"1741\">\n<p data-start=\"1722\" data-end=\"1741\">M (38-40) &#8211; 90 cm<\/p>\n<\/li>\n<li data-start=\"1742\" data-end=\"1764\">\n<p data-start=\"1744\" data-end=\"1764\">L (42-44) &#8211; 102 cm<\/p>\n<\/li>\n<li data-start=\"1765\" data-end=\"1788\">\n<p data-start=\"1767\" data-end=\"1788\">XL (44-46) &#8211; 110 cm<\/p>\n<\/li>\n<li data-start=\"1789\" data-end=\"1867\">\n<p data-start=\"1791\" data-end=\"1867\">XXL (46-50) &#8211; 120 cm (\u0161iek tiek i\u0161sitempia), liemuo ~131 cm, vidutinio ilgio ~116 cm.<\/p>\n<\/li>\n<li data-start=\"1789\" data-end=\"1867\">\n<p data-start=\"1791\" data-end=\"1867\"><strong data-start=\"2294\" data-end=\"2377\">Dyd\u017eio keitimas visada NEMOKAMAS, jei naudojamas DPD keitimo kodas.<\/strong><\/p>\n<\/li>\n<\/ul>\n<hr data-start=\"1869\" data-end=\"1872\">\n<h3 data-start=\"1874\" data-end=\"1901\"><strong data-start=\"1878\" data-end=\"1901\">Kod\u0117l verta u\u017esisakyti i\u0161 m\u016bs\u0173?<\/strong><\/h3>\n<p data-start=\"1903\" data-end=\"2105\">\u2705 Striuk\u0117 <strong data-start=\"1913\" data-end=\"1933\">yra sand\u0117lyje<\/strong> &#8211; greitas pristatymas per 1-3 darbo dienas<br data-start=\"1960\" data-end=\"1963\">\u2705 <strong data-start=\"1965\" data-end=\"2016\">U\u017esakymai iki 17:00 val. bus i\u0161si\u0173sti t\u0105 pa\u010di\u0105 darbo dien\u0105<\/strong><br data-start=\"2016\" data-end=\"2019\">\u2705  <strong data-start=\"2294\" data-end=\"2377\">Netinkamas dydis arba spalva? Nesvarbu! Keitimas visada NEMOKAMAS su DPD keitimo kodu.  <\/strong><br data-start=\"2377\" data-end=\"2380\">&#8211; keisti dyd\u012f, spalv\u0105 ir model\u012f<\/p>\n<hr data-start=\"2107\" data-end=\"2110\">\n<h3 data-start=\"2112\" data-end=\"2165\"><strong data-start=\"2116\" data-end=\"2165\">&#8222;Ava&#8221; softshell &#8211; prakti\u0161kas, lengvas ir moteri\u0161kas<\/strong><\/h3>\n<p data-start=\"2167\" data-end=\"2434\">&#8222;<strong data-start=\"2167\" data-end=\"2195\">Huppa Ava&#8221; softshell striuk\u0117<\/strong> sukurta aktyviai gyvenan\u010diai moteriai, kuri nenori daryti kompromis\u0173 d\u0117l funkcionalumo ar i\u0161vaizdos. Ji puikiai tinka kasdieniam d\u0117v\u0117jimui <strong data-start=\"2334\" data-end=\"2355\">nuo pavasario iki rudens<\/strong>, nes i\u0161laiko sausum\u0105, apsaugo nuo v\u0117jo ir kartu puikiai atrodo. <\/p>\n<hr data-start=\"2436\" data-end=\"2439\">\n<p data-start=\"2441\" data-end=\"2541\" data-is-last-node=\"\" data-is-only-node=\"\">\n<\/div>\n<\/div>\n<\/div>\n<\/div>\n<div class=\"flex min-h-[46px] justify-start\"><\/div>\n","protected":false},"excerpt":{"rendered":"<p>&#8222;Huppa&#8221; moteri\u0161ka softshell striuk\u0117 &#8222;Ava&#8221; &#8211; lengva ir moteri\u0161ka apsauga visais met\u0173 laikais Ie\u0161kote lengvos, oro s\u0105lygoms atsparios ir gerai priglundan\u010dios striuk\u0117s, kuri\u0105 gal\u0117tum\u0117te d\u0117v\u0117ti pavasar\u012f, vasar\u0105 ir ruden\u012f? &#8222;Huppa&#8221;moteri\u0161ka softshell striuk\u0117 &#8222;Ava&#8221; &#8211; tai patogumo, moteri\u0161ko kirpimo ir prakti\u0161kumo derinys, tod\u0117l ji puikiai tinka d\u0117v\u0117ti miesto gatv\u0117je ar lauke. Kod\u0117l verta rinktis &#8222;Huppa Ava&#8221; [&hellip;]<\/p>\n","protected":false},"featured_media":265347,"comment_status":"open","ping_status":"closed","template":"","meta":{"_acf_changed":false},"product_brand":[],"product_cat":[270],"product_tag":[],"class_list":{"0":"post-265346","1":"product","2":"type-product","3":"status-publish","4":"has-post-thumbnail","6":"product_cat-pavasario-ir-rudens-striukes-bei-svarkai","7":"product_shipping_class-tarneaeg-1-4-paeva","9":"first","10":"instock","11":"sale","12":"taxable","13":"shipping-taxable","14":"purchasable","15":"product-type-variable","16":"has-default-attributes","17":"add-to-wishlist-after_add_to_cart"},"acf":[],"_links":{"self":[{"href":"https:\/\/tellimused.stiilne.ee\/lt\/wp-json\/wp\/v2\/product\/265346","targetHints":{"allow":["GET"]}}],"collection":[{"href":"https:\/\/tellimused.stiilne.ee\/lt\/wp-json\/wp\/v2\/product"}],"about":[{"href":"https:\/\/tellimused.stiilne.ee\/lt\/wp-json\/wp\/v2\/types\/product"}],"replies":[{"embeddable":true,"href":"https:\/\/tellimused.stiilne.ee\/lt\/wp-json\/wp\/v2\/comments?post=265346"}],"wp:featuredmedia":[{"embeddable":true,"href":"https:\/\/tellimused.stiilne.ee\/lt\/wp-json\/wp\/v2\/media\/265347"}],"wp:attachment":[{"href":"https:\/\/tellimused.stiilne.ee\/lt\/wp-json\/wp\/v2\/media?parent=265346"}],"wp:term":[{"taxonomy":"product_brand","embeddable":true,"href":"https:\/\/tellimused.stiilne.ee\/lt\/wp-json\/wp\/v2\/product_brand?post=265346"},{"taxonomy":"product_cat","embeddable":true,"href":"https:\/\/tellimused.stiilne.ee\/lt\/wp-json\/wp\/v2\/product_cat?post=265346"},{"taxonomy":"product_tag","embeddable":true,"href":"https:\/\/tellimused.stiilne.ee\/lt\/wp-json\/wp\/v2\/product_tag?post=265346"}],"curies":[{"name":"wp","href":"https:\/\/api.w.org\/{rel}","templated":true}]}}