{"id":265394,"date":"2026-03-12T14:14:46","date_gmt":"2026-03-12T12:14:46","guid":{"rendered":"https:\/\/tellimused.stiilne.ee\/toode\/tiina-mutsid-puuvillasest-longast-kasitoo-muts-fuksiaroosa-kohe-laos\/"},"modified":"2026-04-06T19:47:40","modified_gmt":"2026-04-06T16:47:40","slug":"tiina-mutsid-puuvillasest-longast-kasitoo-muts-fuksiaroosa-kohe-laos","status":"publish","type":"product","link":"https:\/\/tellimused.stiilne.ee\/lt\/produktas\/tiina-mutsid-puuvillasest-longast-kasitoo-muts-fuksiaroosa-kohe-laos\/","title":{"rendered":"TIINA M\u00dcTSID puuvillasest l\u00f5ngast naiste k\u00e4sit\u00f6\u00f6 m\u00fcts fuksiaroosa-KOHE LAOS"},"content":{"rendered":"<h2 data-section-id=\"6uht2f\" data-start=\"69\" data-end=\"152\"><span role=\"text\"><strong data-start=\"72\" data-end=\"152\">Eesti k\u00e4sit\u00f6\u00f6 naiste puuvillane m\u00fcts \u2013 mugav ja stiilne aastaringne m\u00fcts<\/strong><\/span><\/h2>\n<h2 data-section-id=\"63f0pc\" data-start=\"159\" data-end=\"226\"><span role=\"text\"><strong data-start=\"162\" data-end=\"226\">Pehme puuvillane m\u00fcts, mis ei aja s\u00fcgelema ega higistama<\/strong><\/span><\/h2>\n<p data-start=\"228\" data-end=\"439\">Eestis k\u00e4sit\u00f6\u00f6na valminud naiste m\u00fcts on loodud igap\u00e4evaseks mugavaks kandmiseks. M\u00fcts on valmistatud kvaliteetsest pehmest puuvillasest l\u00f5ngast, mis ei aja pead s\u00fcgelema ega higistama, vaid laseb nahal hingata.<\/p>\n<p data-start=\"441\" data-end=\"573\">T\u00e4nu oma materjalile sobib see puuvillane m\u00fcts kandmiseks aastaringselt \u2013 kevadel, s\u00fcgisel, talvel ning ka jahedamatel suvep\u00e4evadel.<\/p>\n<h2 data-section-id=\"1rhavos\" data-start=\"580\" data-end=\"634\"><span role=\"text\"><strong data-start=\"583\" data-end=\"634\">Universaalne suurus \u2013 loodud Eesti naistele<\/strong><\/span><\/h2>\n<p data-start=\"636\" data-end=\"745\">M\u00fctsi suurus on disainitud k\u00f5ige populaarsema Eesti naiste pea m\u00f5\u00f5du j\u00e4rgi, tagades hea istuvuse ja mugavuse.<\/p>\n<p data-start=\"747\" data-end=\"858\">See on ideaalne valik ka neile, kes on varem arvanud:<br data-start=\"800\" data-end=\"803\" \/><em data-start=\"803\" data-end=\"831\">&#8222;Mulle ei sobi \u00fckski m\u00fcts&#8221;<\/em> v\u00f5i <em data-start=\"836\" data-end=\"857\">&#8222;ma ei kanna m\u00fctse&#8221;<\/em>.<\/p>\n<h2 data-section-id=\"f8p26y\" data-start=\"865\" data-end=\"913\"><span role=\"text\"><strong data-start=\"868\" data-end=\"913\">Lisa oma outfitile v\u00e4rvi ja isikup\u00e4ra<\/strong><\/span><\/h2>\n<p data-start=\"915\" data-end=\"1099\">Stiilne k\u00e4sit\u00f6\u00f6 m\u00fcts aitab sul lihtsa vaevaga lisada oma igap\u00e4evasele outfitile v\u00e4rvi ja isikup\u00e4ra. Sobita see teksade, mantli v\u00f5i kleidiga \u2013 \u00fcks m\u00fcts, palju erinevaid stiiliv\u00f5imalusi.<\/p>\n<h2 data-section-id=\"11v0wa1\" data-start=\"1106\" data-end=\"1159\"><span role=\"text\"><strong data-start=\"1109\" data-end=\"1159\">Valminud k\u00e4sit\u00f6\u00f6na \u2013 iga m\u00fcts on oma looga<\/strong><\/span><\/h2>\n<p data-start=\"1161\" data-end=\"1271\">K\u00f5ik m\u00fctsid valmivad k\u00e4sit\u00f6\u00f6na T\u00e4di Tiina poolt, kes elab Sakus ja koob iga m\u00fctsi hoole ja armastusega valmis.<\/p>\n<p data-start=\"1273\" data-end=\"1424\">Kui sinu valitud v\u00e4rv peaks juhuslikult laost otsa saama, ei pea sa muretsema \u2013 T\u00e4di Tiina koob sulle kiiresti uue m\u00fctsi ning ooteaeg on umbes 1 n\u00e4dal.<\/p>\n<h2 data-section-id=\"1iju7gb\" data-start=\"1431\" data-end=\"1478\"><span role=\"text\"><strong data-start=\"1434\" data-end=\"1478\">Kiire tarne\u00a0<\/strong><\/span><\/h2>\n<p data-start=\"1480\" data-end=\"1641\">\u2714 M\u00fcts on enamasti laos kohe olemas<br data-start=\"1515\" data-end=\"1518\" \/>\u2714 Tarneaeg 1\u20134 t\u00f6\u00f6p\u00e4eva<br data-start=\"1541\" data-end=\"1544\" \/>\u2714 Kui v\u00e4rv on otsas, valmib uus k\u00e4sit\u00f6\u00f6 m\u00fcts umbes n\u00e4dalaga<br data-start=\"1603\" data-end=\"1606\" \/>\u2714 Sobib ideaalselt ka kingituseks<\/p>\n<p data-start=\"1480\" data-end=\"1641\">Kui otsid isikup\u00e4rast, nahas\u00f5bralikku ja erilise looga m\u00fctsi, mida tavapoest ei leia, siis see on m\u00fcts, mis paneb sind end h\u00e4sti tundma ja mida kannad r\u00f5\u00f5muga iga p\u00e4ev.<\/p>\n","protected":false},"excerpt":{"rendered":"<p>Eesti k\u00e4sit\u00f6\u00f6 naiste puuvillane m\u00fcts \u2013 mugav ja stiilne aastaringne m\u00fcts Pehme puuvillane m\u00fcts, mis ei aja s\u00fcgelema ega higistama Eestis k\u00e4sit\u00f6\u00f6na valminud naiste m\u00fcts on loodud igap\u00e4evaseks mugavaks kandmiseks. M\u00fcts on valmistatud kvaliteetsest pehmest puuvillasest l\u00f5ngast, mis ei aja pead s\u00fcgelema ega higistama, vaid laseb nahal hingata. T\u00e4nu oma materjalile sobib see puuvillane m\u00fcts [&hellip;]<\/p>\n","protected":false},"featured_media":265395,"comment_status":"open","ping_status":"closed","template":"","meta":{"_acf_changed":false},"product_brand":[],"product_cat":[264],"product_tag":[],"class_list":{"0":"post-265394","1":"product","2":"type-product","3":"status-publish","4":"has-post-thumbnail","6":"product_cat-kepures-pirstines-salikai","7":"product_shipping_class-tarneaeg-1-4-paeva","9":"first","10":"instock","11":"taxable","12":"shipping-taxable","13":"purchasable","14":"product-type-variable","15":"has-default-attributes","16":"add-to-wishlist-after_add_to_cart"},"acf":[],"_links":{"self":[{"href":"https:\/\/tellimused.stiilne.ee\/lt\/wp-json\/wp\/v2\/product\/265394","targetHints":{"allow":["GET"]}}],"collection":[{"href":"https:\/\/tellimused.stiilne.ee\/lt\/wp-json\/wp\/v2\/product"}],"about":[{"href":"https:\/\/tellimused.stiilne.ee\/lt\/wp-json\/wp\/v2\/types\/product"}],"replies":[{"embeddable":true,"href":"https:\/\/tellimused.stiilne.ee\/lt\/wp-json\/wp\/v2\/comments?post=265394"}],"wp:featuredmedia":[{"embeddable":true,"href":"https:\/\/tellimused.stiilne.ee\/lt\/wp-json\/wp\/v2\/media\/265395"}],"wp:attachment":[{"href":"https:\/\/tellimused.stiilne.ee\/lt\/wp-json\/wp\/v2\/media?parent=265394"}],"wp:term":[{"taxonomy":"product_brand","embeddable":true,"href":"https:\/\/tellimused.stiilne.ee\/lt\/wp-json\/wp\/v2\/product_brand?post=265394"},{"taxonomy":"product_cat","embeddable":true,"href":"https:\/\/tellimused.stiilne.ee\/lt\/wp-json\/wp\/v2\/product_cat?post=265394"},{"taxonomy":"product_tag","embeddable":true,"href":"https:\/\/tellimused.stiilne.ee\/lt\/wp-json\/wp\/v2\/product_tag?post=265394"}],"curies":[{"name":"wp","href":"https:\/\/api.w.org\/{rel}","templated":true}]}}