{"id":265422,"date":"2026-03-12T14:12:59","date_gmt":"2026-03-12T12:12:59","guid":{"rendered":"https:\/\/tellimused.stiilne.ee\/toode\/tiina-mutsid-puuvillasest-longast-kasitoo-muts-helehall-kohe-laos\/"},"modified":"2026-04-07T11:08:22","modified_gmt":"2026-04-07T08:08:22","slug":"tiina-mutsid-ranku-darbo-skrybele-is-medvilniniu-siulu-sviesiai-pilka-cia-parduodama","status":"publish","type":"product","link":"https:\/\/tellimused.stiilne.ee\/lt\/produktas\/tiina-mutsid-ranku-darbo-skrybele-is-medvilniniu-siulu-sviesiai-pilka-cia-parduodama\/","title":{"rendered":"TIINA M\u00dcTSID rank\u0173 darbo skryb\u0117l\u0117 i\u0161 medvilnini\u0173 si\u016bl\u0173, \u0161viesiai pilka &#8211; \u010cIA PARDUODAMA"},"content":{"rendered":"<p>&nbsp;<\/p>\n<p>\u0160i\u0105 stiling\u0105 kepur\u0119, rank\u0173 darbo Estijoje pagamint\u0105 i\u0161 mink\u0161t\u0173 medvilnini\u0173 si\u016bl\u0173, galima d\u0117v\u0117ti visus metus ruden\u012f, \u017eiem\u0105, pavasar\u012f ir \u0161altu oru vasar\u0105<\/p>\n<p>Kepur\u0117 pagaminta i\u0161 mink\u0161tos medviln\u0117s, tod\u0117l neprakaituoja ir neskauda, <\/p>\n<p> kepures gaminame pagal kliento u\u017esakyt\u0105 verpal\u0173 spalv\u0105 &#8211; jei kliento pasirinktos spalvos kepur\u0117s n\u0117ra sand\u0117lyje, laukimo laikas iki 7 dien\u0173<\/p>\n<p>\u0160viesiai pilka kepur\u0117 \u0161iuo metu yra sand\u0117lyje &#8211; pristatymo laikas kelios dienos<\/p>\n<p>Tiinos rank\u0173 darbo kepur\u0117s puikiai dera su &#8222;Huppa&#8221; moteri\u0161komis palaidin\u0117mis, kurias galite rasti \u010dia <a href=\"https:\/\/www.stiilne.ee\/pood\/?s=Huppa%20kunstkarvaga%20naiste%20talveparka\">https:\/\/www.stiilne.ee\/pood\/?s=Huppa moteri\u0161ka dirbtinio kailio \u017eiemin\u0117 parka.<\/a><\/p>\n","protected":false},"excerpt":{"rendered":"<p>&nbsp; \u0160i\u0105 stiling\u0105 kepur\u0119, rank\u0173 darbo Estijoje pagamint\u0105 i\u0161 mink\u0161t\u0173 medvilnini\u0173 si\u016bl\u0173, galima d\u0117v\u0117ti visus metus ruden\u012f, \u017eiem\u0105, pavasar\u012f ir \u0161altu oru vasar\u0105 Kepur\u0117 pagaminta i\u0161 mink\u0161tos medviln\u0117s, tod\u0117l neprakaituoja ir neskauda, kepures gaminame pagal kliento u\u017esakyt\u0105 verpal\u0173 spalv\u0105 &#8211; jei kliento pasirinktos spalvos kepur\u0117s n\u0117ra sand\u0117lyje, laukimo laikas iki 7 dien\u0173 \u0160viesiai pilka kepur\u0117 [&hellip;]<\/p>\n","protected":false},"featured_media":265423,"comment_status":"open","ping_status":"closed","template":"","meta":{"_acf_changed":false},"product_brand":[],"product_cat":[264],"product_tag":[],"class_list":{"0":"post-265422","1":"product","2":"type-product","3":"status-publish","4":"has-post-thumbnail","6":"product_cat-kepures-pirstines-salikai","7":"product_shipping_class-tarneaeg-1-4-paeva","9":"first","10":"instock","11":"taxable","12":"shipping-taxable","13":"purchasable","14":"product-type-variable","15":"has-default-attributes","16":"add-to-wishlist-after_add_to_cart"},"acf":[],"_links":{"self":[{"href":"https:\/\/tellimused.stiilne.ee\/lt\/wp-json\/wp\/v2\/product\/265422","targetHints":{"allow":["GET"]}}],"collection":[{"href":"https:\/\/tellimused.stiilne.ee\/lt\/wp-json\/wp\/v2\/product"}],"about":[{"href":"https:\/\/tellimused.stiilne.ee\/lt\/wp-json\/wp\/v2\/types\/product"}],"replies":[{"embeddable":true,"href":"https:\/\/tellimused.stiilne.ee\/lt\/wp-json\/wp\/v2\/comments?post=265422"}],"wp:featuredmedia":[{"embeddable":true,"href":"https:\/\/tellimused.stiilne.ee\/lt\/wp-json\/wp\/v2\/media\/265423"}],"wp:attachment":[{"href":"https:\/\/tellimused.stiilne.ee\/lt\/wp-json\/wp\/v2\/media?parent=265422"}],"wp:term":[{"taxonomy":"product_brand","embeddable":true,"href":"https:\/\/tellimused.stiilne.ee\/lt\/wp-json\/wp\/v2\/product_brand?post=265422"},{"taxonomy":"product_cat","embeddable":true,"href":"https:\/\/tellimused.stiilne.ee\/lt\/wp-json\/wp\/v2\/product_cat?post=265422"},{"taxonomy":"product_tag","embeddable":true,"href":"https:\/\/tellimused.stiilne.ee\/lt\/wp-json\/wp\/v2\/product_tag?post=265422"}],"curies":[{"name":"wp","href":"https:\/\/api.w.org\/{rel}","templated":true}]}}