{"id":265433,"date":"2026-03-12T14:12:58","date_gmt":"2026-03-12T12:12:58","guid":{"rendered":"https:\/\/tellimused.stiilne.ee\/toode\/tiina-mutsid-puuvillasest-longast-kasitoo-muts-mundiroheline-kohe-laos\/"},"modified":"2026-04-07T11:08:21","modified_gmt":"2026-04-07T08:08:21","slug":"tiina-mutsid-ranku-darbo-skrybele-is-medvilniniu-siulu-metu-zalumo-knyga-yra-sandelyje","status":"publish","type":"product","link":"https:\/\/tellimused.stiilne.ee\/lt\/produktas\/tiina-mutsid-ranku-darbo-skrybele-is-medvilniniu-siulu-metu-zalumo-knyga-yra-sandelyje\/","title":{"rendered":"TIINA M\u00dcTSID rank\u0173 darbo skryb\u0117l\u0117 i\u0161 medvilnini\u0173 si\u016bl\u0173, m\u0117t\u0173 \u017ealumo &#8211; Knyga yra sand\u0117lyje"},"content":{"rendered":"<p>\u0160i\u0105 stiling\u0105, i\u0161 mink\u0161t\u0173 medvilnini\u0173 si\u016bl\u0173 Estijoje rankomis pagamint\u0105 kepur\u0119 galima d\u0117v\u0117ti visus metus ruden\u012f, \u017eiem\u0105, pavasar\u012f ir \u0161altesn\u0117mis vasaromis<\/p>\n<p>Kepur\u0117 pagaminta i\u0161 mink\u0161t\u0173 medvilnini\u0173 si\u016bl\u0173 &#8211; nuo jos neprakaituosite ir neskaud\u0117s, o galva bus \u0161ilta<\/p>\n<p>Kepur\u0117 jau sand\u0117lyje &#8211; pristatymas per 1-4 dienas<\/p>\n<p>Ji taip pat puikiai tinka tiems, kurie sako, kad man netinka jokia kepur\u0117, o a\u0161 niekada nene\u0161ioju kepuri\u0173.<\/p>\n<p>Tiinos rank\u0173 darbo kepur\u0117s puikiai dera su &#8222;Huppa&#8221; moteri\u0161komis palaidin\u0117mis, kurias rasite \u010dia <a href=\"https:\/\/www.stiilne.ee\/pood\/?s=Huppa%20kunstkarvaga%20naiste%20talveparka\">https:\/\/www.stiilne.ee\/pood\/?s=Huppa moteri\u0161kos \u017eiemin\u0117s palaidin\u0117s su dirbtiniu kailiu<\/a>.<\/p>\n<p>&nbsp;<\/p>\n","protected":false},"excerpt":{"rendered":"<p>\u0160i\u0105 stiling\u0105, i\u0161 mink\u0161t\u0173 medvilnini\u0173 si\u016bl\u0173 Estijoje rankomis pagamint\u0105 kepur\u0119 galima d\u0117v\u0117ti visus metus ruden\u012f, \u017eiem\u0105, pavasar\u012f ir \u0161altesn\u0117mis vasaromis Kepur\u0117 pagaminta i\u0161 mink\u0161t\u0173 medvilnini\u0173 si\u016bl\u0173 &#8211; nuo jos neprakaituosite ir neskaud\u0117s, o galva bus \u0161ilta Kepur\u0117 jau sand\u0117lyje &#8211; pristatymas per 1-4 dienas Ji taip pat puikiai tinka tiems, kurie sako, kad man netinka [&hellip;]<\/p>\n","protected":false},"featured_media":265434,"comment_status":"open","ping_status":"closed","template":"","meta":{"_acf_changed":false},"product_brand":[],"product_cat":[264],"product_tag":[],"class_list":{"0":"post-265433","1":"product","2":"type-product","3":"status-publish","4":"has-post-thumbnail","6":"product_cat-kepures-pirstines-salikai","7":"product_shipping_class-tarneaeg-1-4-paeva","9":"first","10":"instock","11":"taxable","12":"shipping-taxable","13":"purchasable","14":"product-type-variable","15":"has-default-attributes","16":"add-to-wishlist-after_add_to_cart"},"acf":[],"_links":{"self":[{"href":"https:\/\/tellimused.stiilne.ee\/lt\/wp-json\/wp\/v2\/product\/265433","targetHints":{"allow":["GET"]}}],"collection":[{"href":"https:\/\/tellimused.stiilne.ee\/lt\/wp-json\/wp\/v2\/product"}],"about":[{"href":"https:\/\/tellimused.stiilne.ee\/lt\/wp-json\/wp\/v2\/types\/product"}],"replies":[{"embeddable":true,"href":"https:\/\/tellimused.stiilne.ee\/lt\/wp-json\/wp\/v2\/comments?post=265433"}],"wp:featuredmedia":[{"embeddable":true,"href":"https:\/\/tellimused.stiilne.ee\/lt\/wp-json\/wp\/v2\/media\/265434"}],"wp:attachment":[{"href":"https:\/\/tellimused.stiilne.ee\/lt\/wp-json\/wp\/v2\/media?parent=265433"}],"wp:term":[{"taxonomy":"product_brand","embeddable":true,"href":"https:\/\/tellimused.stiilne.ee\/lt\/wp-json\/wp\/v2\/product_brand?post=265433"},{"taxonomy":"product_cat","embeddable":true,"href":"https:\/\/tellimused.stiilne.ee\/lt\/wp-json\/wp\/v2\/product_cat?post=265433"},{"taxonomy":"product_tag","embeddable":true,"href":"https:\/\/tellimused.stiilne.ee\/lt\/wp-json\/wp\/v2\/product_tag?post=265433"}],"curies":[{"name":"wp","href":"https:\/\/api.w.org\/{rel}","templated":true}]}}