{"id":265436,"date":"2026-03-12T14:11:53","date_gmt":"2026-03-12T12:11:53","guid":{"rendered":"https:\/\/tellimused.stiilne.ee\/toode\/caprice-naturaalnahast-mustad-naiste-slip-on-vabaaja-jalatsid-kohe-laos-super-hind-klientide-lemmik\/"},"modified":"2026-04-07T11:08:45","modified_gmt":"2026-04-07T08:08:45","slug":"caprice-natural-leather-black-womens-slip-on-casual-shoes-in-stock-super-price-clushional-classics-home","status":"publish","type":"product","link":"https:\/\/tellimused.stiilne.ee\/lt\/produktas\/caprice-natural-leather-black-womens-slip-on-casual-shoes-in-stock-super-price-clushional-classics-home\/","title":{"rendered":"CAPRICE nat\u016bralios odos juodi moteri\u0161ki \u201eslip-on\u201c laisvalaikio batai \u2013 TURIME SAND\u0116LYJE \u2013 SUPER KAINA \u2013 CLUSHIONAL CLASSICS HOME"},"content":{"rendered":"<p>&nbsp;<\/p>\n<p>Vokie\u010di\u0173 kompanijos &#8222;Caprice&#8221; nat\u016bralios odos suvarstomi sportba\u010diai patog\u016bs p\u0117doms, tod\u0117l yra geriausias pasirinkimas pavasario, vasaros ir rudens sezonams &#8211; taip pat geras pasirinkimas mokyklinei ir darbo avalynei.<\/p>\n<p>Klasikin\u0117 ir stilinga suvarstom\u0173 sportba\u010di\u0173 i\u0161vaizda leid\u017eia juos labai lengvai derinti prie sukneli\u0173 ir kelni\u0173.<\/p>\n<p><strong>I\u0161orin\u0117 ir vidin\u0117 \u0161lepe\u010di\u0173 med\u017eiaga pagaminta i\u0161 nat\u016bralios odos,<\/strong> tod\u0117l bateliai patog\u016bs p\u0117doms, be to, jie i\u0161sitempia, kad prisitaikyt\u0173 prie p\u0117dos formos. be to, avint nat\u016bralios odos batelius kojos ne taip greitai prakaituos, nes nat\u016bralios odos med\u017eiaga geriau kv\u0117puoja nei dirbtin\u0117.<\/p>\n<p>\u0160lepet\u0117s yra sand\u0117lyje ir siunt\u0173 ma\u0161inoje atsiduria per kelias dienas.<\/p>\n<p>&nbsp;<\/p>\n<p>&nbsp;<\/p>\n<p>&nbsp;<\/p>\n<p>&nbsp;<\/p>\n","protected":false},"excerpt":{"rendered":"<p>&nbsp; Vokie\u010di\u0173 kompanijos &#8222;Caprice&#8221; nat\u016bralios odos suvarstomi sportba\u010diai patog\u016bs p\u0117doms, tod\u0117l yra geriausias pasirinkimas pavasario, vasaros ir rudens sezonams &#8211; taip pat geras pasirinkimas mokyklinei ir darbo avalynei. Klasikin\u0117 ir stilinga suvarstom\u0173 sportba\u010di\u0173 i\u0161vaizda leid\u017eia juos labai lengvai derinti prie sukneli\u0173 ir kelni\u0173. I\u0161orin\u0117 ir vidin\u0117 \u0161lepe\u010di\u0173 med\u017eiaga pagaminta i\u0161 nat\u016bralios odos, tod\u0117l bateliai patog\u016bs [&hellip;]<\/p>\n","protected":false},"featured_media":265437,"comment_status":"open","ping_status":"closed","template":"","meta":{"_acf_changed":false},"product_brand":[],"product_cat":[357],"product_tag":[],"class_list":{"0":"post-265436","1":"product","2":"type-product","3":"status-publish","4":"has-post-thumbnail","6":"product_cat-laisvalaikio-avalyne","7":"product_shipping_class-tarneaeg-1-4-paeva","9":"first","10":"instock","11":"sale","12":"taxable","13":"shipping-taxable","14":"purchasable","15":"product-type-variable","16":"has-default-attributes","17":"add-to-wishlist-after_add_to_cart"},"acf":[],"_links":{"self":[{"href":"https:\/\/tellimused.stiilne.ee\/lt\/wp-json\/wp\/v2\/product\/265436","targetHints":{"allow":["GET"]}}],"collection":[{"href":"https:\/\/tellimused.stiilne.ee\/lt\/wp-json\/wp\/v2\/product"}],"about":[{"href":"https:\/\/tellimused.stiilne.ee\/lt\/wp-json\/wp\/v2\/types\/product"}],"replies":[{"embeddable":true,"href":"https:\/\/tellimused.stiilne.ee\/lt\/wp-json\/wp\/v2\/comments?post=265436"}],"wp:featuredmedia":[{"embeddable":true,"href":"https:\/\/tellimused.stiilne.ee\/lt\/wp-json\/wp\/v2\/media\/265437"}],"wp:attachment":[{"href":"https:\/\/tellimused.stiilne.ee\/lt\/wp-json\/wp\/v2\/media?parent=265436"}],"wp:term":[{"taxonomy":"product_brand","embeddable":true,"href":"https:\/\/tellimused.stiilne.ee\/lt\/wp-json\/wp\/v2\/product_brand?post=265436"},{"taxonomy":"product_cat","embeddable":true,"href":"https:\/\/tellimused.stiilne.ee\/lt\/wp-json\/wp\/v2\/product_cat?post=265436"},{"taxonomy":"product_tag","embeddable":true,"href":"https:\/\/tellimused.stiilne.ee\/lt\/wp-json\/wp\/v2\/product_tag?post=265436"}],"curies":[{"name":"wp","href":"https:\/\/api.w.org\/{rel}","templated":true}]}}