{"id":265473,"date":"2026-03-12T14:08:02","date_gmt":"2026-03-12T12:08:02","guid":{"rendered":"https:\/\/tellimused.stiilne.ee\/toode\/yemi-disain-helehall-kapuutsiga-pusa-jakk-uhetooniline-suurused-xl-xxl-ja-3xl-kohe-laos\/"},"modified":"2026-04-07T11:08:16","modified_gmt":"2026-04-07T08:08:16","slug":"yemi-disain-sviesiai-pilka-vienspalve-palaidine-su-gobtuvu-ir-dzemperis-xl-xxl-ir-3xl-dydziai-pasiulymas-dabar","status":"publish","type":"product","link":"https:\/\/tellimused.stiilne.ee\/lt\/produktas\/yemi-disain-sviesiai-pilka-vienspalve-palaidine-su-gobtuvu-ir-dzemperis-xl-xxl-ir-3xl-dydziai-pasiulymas-dabar\/","title":{"rendered":"YEMI DISAIN \u0161viesiai pilka vienspalv\u0117 palaidin\u0117 su gobtuvu ir d\u017eemperis &#8211; XL, XXL ir 3XL dyd\u017eiai PASI\u016aLYMAS DABAR!"},"content":{"rendered":"<p>&nbsp;<\/p>\n<p>&#8222;Pusa&#8221; striuk\u0117s med\u017eiaga yra storesnis, vadinamasis &#8222;blown dressi&#8221; audinys.<\/p>\n<p>L, XL, XXL ir 3XL dyd\u017eiai yra sand\u0117lyje &#8211; pristatymo laikas kelios dienos<\/p>\n<p>Kiti dyd\u017eiai pagal u\u017esakym\u0105 ir pristatymo laikas iki 3 savai\u010di\u0173<\/p>\n<p>&#8222;Pusa&#8221; striuki\u0173 dyd\u017ei\u0173 lentel\u0119 rasite po papildomomis nuotraukomis.<\/p>\n<p>Visi &#8222;Yemi Design&#8221; gaminiai kuriami Estijoje ir gaminami rankomis Estijoje.<\/p>\n","protected":false},"excerpt":{"rendered":"<p>&nbsp; &#8222;Pusa&#8221; striuk\u0117s med\u017eiaga yra storesnis, vadinamasis &#8222;blown dressi&#8221; audinys. L, XL, XXL ir 3XL dyd\u017eiai yra sand\u0117lyje &#8211; pristatymo laikas kelios dienos Kiti dyd\u017eiai pagal u\u017esakym\u0105 ir pristatymo laikas iki 3 savai\u010di\u0173 &#8222;Pusa&#8221; striuki\u0173 dyd\u017ei\u0173 lentel\u0119 rasite po papildomomis nuotraukomis. Visi &#8222;Yemi Design&#8221; gaminiai kuriami Estijoje ir gaminami rankomis Estijoje.<\/p>\n","protected":false},"featured_media":265474,"comment_status":"open","ping_status":"closed","template":"","meta":{"_acf_changed":false},"product_brand":[],"product_cat":[409],"product_tag":[],"class_list":{"0":"post-265473","1":"product","2":"type-product","3":"status-publish","4":"has-post-thumbnail","6":"product_cat-yemi-disain-pusa-jakid","7":"product_shipping_class-tarneaeg-5-15-paeva","9":"first","10":"instock","11":"sale","12":"taxable","13":"shipping-taxable","14":"purchasable","15":"product-type-variable","16":"has-default-attributes","17":"add-to-wishlist-after_add_to_cart"},"acf":[],"_links":{"self":[{"href":"https:\/\/tellimused.stiilne.ee\/lt\/wp-json\/wp\/v2\/product\/265473","targetHints":{"allow":["GET"]}}],"collection":[{"href":"https:\/\/tellimused.stiilne.ee\/lt\/wp-json\/wp\/v2\/product"}],"about":[{"href":"https:\/\/tellimused.stiilne.ee\/lt\/wp-json\/wp\/v2\/types\/product"}],"replies":[{"embeddable":true,"href":"https:\/\/tellimused.stiilne.ee\/lt\/wp-json\/wp\/v2\/comments?post=265473"}],"wp:featuredmedia":[{"embeddable":true,"href":"https:\/\/tellimused.stiilne.ee\/lt\/wp-json\/wp\/v2\/media\/265474"}],"wp:attachment":[{"href":"https:\/\/tellimused.stiilne.ee\/lt\/wp-json\/wp\/v2\/media?parent=265473"}],"wp:term":[{"taxonomy":"product_brand","embeddable":true,"href":"https:\/\/tellimused.stiilne.ee\/lt\/wp-json\/wp\/v2\/product_brand?post=265473"},{"taxonomy":"product_cat","embeddable":true,"href":"https:\/\/tellimused.stiilne.ee\/lt\/wp-json\/wp\/v2\/product_cat?post=265473"},{"taxonomy":"product_tag","embeddable":true,"href":"https:\/\/tellimused.stiilne.ee\/lt\/wp-json\/wp\/v2\/product_tag?post=265473"}],"curies":[{"name":"wp","href":"https:\/\/api.w.org\/{rel}","templated":true}]}}