{"id":265483,"date":"2026-03-12T14:07:22","date_gmt":"2026-03-12T12:07:22","guid":{"rendered":"https:\/\/tellimused.stiilne.ee\/toode\/yemi-disain-helesinine-kapuutsiga-pusa-jakk-xl-ja-xxl-kohe-laos\/"},"modified":"2026-04-07T11:08:16","modified_gmt":"2026-04-07T08:08:16","slug":"yemi-disain-sviesiai-melyna-palaidine-su-gobtuvu-xl-ir-xxl","status":"publish","type":"product","link":"https:\/\/tellimused.stiilne.ee\/lt\/produktas\/yemi-disain-sviesiai-melyna-palaidine-su-gobtuvu-xl-ir-xxl\/","title":{"rendered":"YEMI DISAIN \u0161viesiai m\u0117lyna palaidin\u0117 su gobtuvu &#8211; XL ir XXL"},"content":{"rendered":"<p>&nbsp;<\/p>\n<p>Striuk\u0117s &#8222;Pusa&#8221; med\u017eiaga yra storesnis vadinamasis &#8222;blown dressi&#8221; audinys.<\/p>\n<p>Striuk\u0117 &#8222;Pusa&#8221; jau yra sand\u0117lyje &#8211; pristatymo laikas &#8211; kelios dienos<\/p>\n<p>Striuki\u0173 &#8222;Pusa&#8221; i\u0161matavim\u0173 lentel\u0119 rasite po papildomomis nuotraukomis.<\/p>\n<p>Visi &#8222;Yemi Design&#8221; gaminiai kuriami Estijoje ir gaminami rankomis Estijoje.<\/p>\n","protected":false},"excerpt":{"rendered":"<p>&nbsp; Striuk\u0117s &#8222;Pusa&#8221; med\u017eiaga yra storesnis vadinamasis &#8222;blown dressi&#8221; audinys. Striuk\u0117 &#8222;Pusa&#8221; jau yra sand\u0117lyje &#8211; pristatymo laikas &#8211; kelios dienos Striuki\u0173 &#8222;Pusa&#8221; i\u0161matavim\u0173 lentel\u0119 rasite po papildomomis nuotraukomis. Visi &#8222;Yemi Design&#8221; gaminiai kuriami Estijoje ir gaminami rankomis Estijoje.<\/p>\n","protected":false},"featured_media":265484,"comment_status":"open","ping_status":"closed","template":"","meta":{"_acf_changed":false},"product_brand":[],"product_cat":[409],"product_tag":[],"class_list":{"0":"post-265483","1":"product","2":"type-product","3":"status-publish","4":"has-post-thumbnail","6":"product_cat-yemi-disain-pusa-jakid","7":"product_shipping_class-tarneaeg-1-4-paeva","9":"first","10":"instock","11":"sale","12":"taxable","13":"shipping-taxable","14":"purchasable","15":"product-type-variable","16":"has-default-attributes","17":"add-to-wishlist-after_add_to_cart"},"acf":[],"_links":{"self":[{"href":"https:\/\/tellimused.stiilne.ee\/lt\/wp-json\/wp\/v2\/product\/265483","targetHints":{"allow":["GET"]}}],"collection":[{"href":"https:\/\/tellimused.stiilne.ee\/lt\/wp-json\/wp\/v2\/product"}],"about":[{"href":"https:\/\/tellimused.stiilne.ee\/lt\/wp-json\/wp\/v2\/types\/product"}],"replies":[{"embeddable":true,"href":"https:\/\/tellimused.stiilne.ee\/lt\/wp-json\/wp\/v2\/comments?post=265483"}],"wp:featuredmedia":[{"embeddable":true,"href":"https:\/\/tellimused.stiilne.ee\/lt\/wp-json\/wp\/v2\/media\/265484"}],"wp:attachment":[{"href":"https:\/\/tellimused.stiilne.ee\/lt\/wp-json\/wp\/v2\/media?parent=265483"}],"wp:term":[{"taxonomy":"product_brand","embeddable":true,"href":"https:\/\/tellimused.stiilne.ee\/lt\/wp-json\/wp\/v2\/product_brand?post=265483"},{"taxonomy":"product_cat","embeddable":true,"href":"https:\/\/tellimused.stiilne.ee\/lt\/wp-json\/wp\/v2\/product_cat?post=265483"},{"taxonomy":"product_tag","embeddable":true,"href":"https:\/\/tellimused.stiilne.ee\/lt\/wp-json\/wp\/v2\/product_tag?post=265483"}],"curies":[{"name":"wp","href":"https:\/\/api.w.org\/{rel}","templated":true}]}}