{"id":265511,"date":"2026-03-12T14:01:01","date_gmt":"2026-03-12T12:01:01","guid":{"rendered":"https:\/\/tellimused.stiilne.ee\/toode\/yemi-disain-tumesinine-pikk-kapuutsiga-pusa-jakk-xl-ja-xxl-kohe-laos\/"},"modified":"2026-04-07T11:08:43","modified_gmt":"2026-04-07T08:08:43","slug":"yemi-disain-tamsiai-melyna-ilga-palaidine-su-gobtuvu-xl-ir-xxl-sirtes-isparduotos","status":"publish","type":"product","link":"https:\/\/tellimused.stiilne.ee\/lt\/produktas\/yemi-disain-tamsiai-melyna-ilga-palaidine-su-gobtuvu-xl-ir-xxl-sirtes-isparduotos\/","title":{"rendered":"YEMI DISAIN tamsiai m\u0117lyna ilga palaidin\u0117 su gobtuvu &#8211; XL ir XXL-\u0160IRT\u0116S I\u0160PARDUOTOS"},"content":{"rendered":"<p>&nbsp;<\/p>\n<p>Puskailis yra universalus ir prakti\u0161kas drabu\u017eis, nes Estijoje j\u012f galite d\u0117v\u0117ti i\u0161tisus metus &#8211; pasivaik\u0161\u010dioti su k\u016bdikiu ar \u0161unimi, \u0161altesniais kepsni\u0173 vakarais vasar\u0105 arba kaip papildom\u0105 \u0161ilum\u0105 po striuke ruden\u012f-\u017eiem\u0105.<\/p>\n<p>Puskailis pagamintas i\u0161 storesnio &#8222;p\u016bsto dresi&#8221; audinio, kuris yra mink\u0161tas ir \u0161iltas prie odos &#8211; med\u017eiag\u0105 sudaro 70 % medviln\u0117s ir 30 % poliesterio.<\/p>\n<p>Visi &#8222;Yemi Design&#8221; gamini\u0173 audiniai yra rank\u0173 darbo \u010dia, Estijoje, pri\u017ei\u016brimi m\u016bs\u0173 pa\u010di\u0173 kvalifikuot\u0173 siuv\u0117j\u0173.<\/p>\n<p>Po nuotraukomis pateikta dyd\u017ei\u0173 lentel\u0117 pad\u0117s i\u0161sirinkti tinkam\u0105 dyd\u012f.<\/p>\n<p>Sand\u0117lyje esantys dyd\u017eiai bus jums pristatyti per kelias darbo dienas.<\/p>\n","protected":false},"excerpt":{"rendered":"<p>&nbsp; Puskailis yra universalus ir prakti\u0161kas drabu\u017eis, nes Estijoje j\u012f galite d\u0117v\u0117ti i\u0161tisus metus &#8211; pasivaik\u0161\u010dioti su k\u016bdikiu ar \u0161unimi, \u0161altesniais kepsni\u0173 vakarais vasar\u0105 arba kaip papildom\u0105 \u0161ilum\u0105 po striuke ruden\u012f-\u017eiem\u0105. Puskailis pagamintas i\u0161 storesnio &#8222;p\u016bsto dresi&#8221; audinio, kuris yra mink\u0161tas ir \u0161iltas prie odos &#8211; med\u017eiag\u0105 sudaro 70 % medviln\u0117s ir 30 % poliesterio. [&hellip;]<\/p>\n","protected":false},"featured_media":265512,"comment_status":"open","ping_status":"closed","template":"","meta":{"_acf_changed":false},"product_brand":[],"product_cat":[409],"product_tag":[],"class_list":{"0":"post-265511","1":"product","2":"type-product","3":"status-publish","4":"has-post-thumbnail","6":"product_cat-yemi-disain-pusa-jakid","7":"product_shipping_class-tarneaeg-5-15-paeva","9":"first","10":"instock","11":"sale","12":"taxable","13":"shipping-taxable","14":"purchasable","15":"product-type-variable","16":"has-default-attributes","17":"add-to-wishlist-after_add_to_cart"},"acf":[],"_links":{"self":[{"href":"https:\/\/tellimused.stiilne.ee\/lt\/wp-json\/wp\/v2\/product\/265511","targetHints":{"allow":["GET"]}}],"collection":[{"href":"https:\/\/tellimused.stiilne.ee\/lt\/wp-json\/wp\/v2\/product"}],"about":[{"href":"https:\/\/tellimused.stiilne.ee\/lt\/wp-json\/wp\/v2\/types\/product"}],"replies":[{"embeddable":true,"href":"https:\/\/tellimused.stiilne.ee\/lt\/wp-json\/wp\/v2\/comments?post=265511"}],"wp:featuredmedia":[{"embeddable":true,"href":"https:\/\/tellimused.stiilne.ee\/lt\/wp-json\/wp\/v2\/media\/265512"}],"wp:attachment":[{"href":"https:\/\/tellimused.stiilne.ee\/lt\/wp-json\/wp\/v2\/media?parent=265511"}],"wp:term":[{"taxonomy":"product_brand","embeddable":true,"href":"https:\/\/tellimused.stiilne.ee\/lt\/wp-json\/wp\/v2\/product_brand?post=265511"},{"taxonomy":"product_cat","embeddable":true,"href":"https:\/\/tellimused.stiilne.ee\/lt\/wp-json\/wp\/v2\/product_cat?post=265511"},{"taxonomy":"product_tag","embeddable":true,"href":"https:\/\/tellimused.stiilne.ee\/lt\/wp-json\/wp\/v2\/product_tag?post=265511"}],"curies":[{"name":"wp","href":"https:\/\/api.w.org\/{rel}","templated":true}]}}