{"id":265537,"date":"2026-03-12T14:00:27","date_gmt":"2026-03-12T12:00:27","guid":{"rendered":"https:\/\/tellimused.stiilne.ee\/toode\/vero-moda-mundirohelised-naiste-dressipuksid-bea-kohe-laos\/"},"modified":"2026-04-07T11:08:42","modified_gmt":"2026-04-07T08:08:42","slug":"vero-moda-moteriskos-metu-zalumo-megztines-kelnes-bea-kohe-pasirinkti","status":"publish","type":"product","link":"https:\/\/tellimused.stiilne.ee\/lt\/produktas\/vero-moda-moteriskos-metu-zalumo-megztines-kelnes-bea-kohe-pasirinkti\/","title":{"rendered":"VERO MODA moteri\u0161kos m\u0117t\u0173 \u017ealumo megztin\u0117s keln\u0117s Bea-PASIRINKTI"},"content":{"rendered":"<p>&nbsp;<\/p>\n<p>Patogios &#8222;Vero Moda&#8221; m\u0117t\u0173 \u017ealios spalvos megztin\u0117s keln\u0117s puikiai tinka tiek laisvalaikiui, tiek namams.<\/p>\n<p>Megztin\u0117s keln\u0117s jau sand\u0117lyje &#8211; pristatymas per kelias dienas<\/p>\n<p>Gra\u017ei\u0105 rank\u0173 darbo skryb\u0117l\u0119, pagamint\u0105 Estijoje i\u0161 medvilninio audinio, kuri\u0105 gal\u0117site d\u0117v\u0117ti i\u0161tisus metus, rasite \u010dia <a href=\"\/?product_cat=naiste-mutsid\">https:\/\/www.stiilne.ee\/tootekategooria\/naistele\/riided\/naiste-mutsid\/<\/a>.<\/p>\n","protected":false},"excerpt":{"rendered":"<p>&nbsp; Patogios &#8222;Vero Moda&#8221; m\u0117t\u0173 \u017ealios spalvos megztin\u0117s keln\u0117s puikiai tinka tiek laisvalaikiui, tiek namams. Megztin\u0117s keln\u0117s jau sand\u0117lyje &#8211; pristatymas per kelias dienas Gra\u017ei\u0105 rank\u0173 darbo skryb\u0117l\u0119, pagamint\u0105 Estijoje i\u0161 medvilninio audinio, kuri\u0105 gal\u0117site d\u0117v\u0117ti i\u0161tisus metus, rasite \u010dia https:\/\/www.stiilne.ee\/tootekategooria\/naistele\/riided\/naiste-mutsid\/.<\/p>\n","protected":false},"featured_media":265538,"comment_status":"open","ping_status":"closed","template":"","meta":{"_acf_changed":false},"product_brand":[],"product_cat":[363],"product_tag":[],"class_list":{"0":"post-265537","1":"product","2":"type-product","3":"status-publish","4":"has-post-thumbnail","6":"product_cat-vero-moda-kelnes","7":"product_shipping_class-tarneaeg-1-4-paeva","9":"first","10":"instock","11":"sale","12":"taxable","13":"shipping-taxable","14":"purchasable","15":"product-type-variable","16":"has-default-attributes","17":"add-to-wishlist-after_add_to_cart"},"acf":[],"_links":{"self":[{"href":"https:\/\/tellimused.stiilne.ee\/lt\/wp-json\/wp\/v2\/product\/265537","targetHints":{"allow":["GET"]}}],"collection":[{"href":"https:\/\/tellimused.stiilne.ee\/lt\/wp-json\/wp\/v2\/product"}],"about":[{"href":"https:\/\/tellimused.stiilne.ee\/lt\/wp-json\/wp\/v2\/types\/product"}],"replies":[{"embeddable":true,"href":"https:\/\/tellimused.stiilne.ee\/lt\/wp-json\/wp\/v2\/comments?post=265537"}],"wp:featuredmedia":[{"embeddable":true,"href":"https:\/\/tellimused.stiilne.ee\/lt\/wp-json\/wp\/v2\/media\/265538"}],"wp:attachment":[{"href":"https:\/\/tellimused.stiilne.ee\/lt\/wp-json\/wp\/v2\/media?parent=265537"}],"wp:term":[{"taxonomy":"product_brand","embeddable":true,"href":"https:\/\/tellimused.stiilne.ee\/lt\/wp-json\/wp\/v2\/product_brand?post=265537"},{"taxonomy":"product_cat","embeddable":true,"href":"https:\/\/tellimused.stiilne.ee\/lt\/wp-json\/wp\/v2\/product_cat?post=265537"},{"taxonomy":"product_tag","embeddable":true,"href":"https:\/\/tellimused.stiilne.ee\/lt\/wp-json\/wp\/v2\/product_tag?post=265537"}],"curies":[{"name":"wp","href":"https:\/\/api.w.org\/{rel}","templated":true}]}}