{"id":265544,"date":"2026-03-12T13:59:55","date_gmt":"2026-03-12T11:59:55","guid":{"rendered":"https:\/\/tellimused.stiilne.ee\/toode\/vero-moda-naiste-mustad-dressipuksid-bea-kohe-laos-viimased\/"},"modified":"2026-04-07T11:08:41","modified_gmt":"2026-04-07T08:08:41","slug":"vero-moda-moteriskos-juodos-sportines-kelnes-bea-kohe-laos-viimased","status":"publish","type":"product","link":"https:\/\/tellimused.stiilne.ee\/lt\/produktas\/vero-moda-moteriskos-juodos-sportines-kelnes-bea-kohe-laos-viimased\/","title":{"rendered":"VERO MODA moteri\u0161kos juodos sportin\u0117s keln\u0117s Bea-SAND\u0116LYJE \u2013 PASKUTINIAI"},"content":{"rendered":"<p>Patogios sportin\u0117s keln\u0117s, tinkan\u010dios laisvalaikiui ar d\u0117v\u0117ti namuose.<\/p>\n<p>Sportin\u0117s keln\u0117s jau sand\u0117lyje &#8211; pristatymas per kelias dienas<\/p>\n<p>Gra\u017ei\u0105 rank\u0173 darbo kepur\u0119, pagamint\u0105 Estijoje i\u0161 medvilninio audinio, kuri\u0105 gal\u0117site d\u0117v\u0117ti i\u0161tisus metus, rasite \u010dia <a href=\"\/?product_cat=naiste-mutsid\">https:\/\/www.stiilne.ee\/tootekategooria\/naistele\/riided\/naiste-mutsid\/ https:\/\/www.stiilne.ee\/tootekategooria\/naistele\/riided\/naiste-mutsid\/<\/a><\/p>\n","protected":false},"excerpt":{"rendered":"<p>Patogios sportin\u0117s keln\u0117s, tinkan\u010dios laisvalaikiui ar d\u0117v\u0117ti namuose. Sportin\u0117s keln\u0117s jau sand\u0117lyje &#8211; pristatymas per kelias dienas Gra\u017ei\u0105 rank\u0173 darbo kepur\u0119, pagamint\u0105 Estijoje i\u0161 medvilninio audinio, kuri\u0105 gal\u0117site d\u0117v\u0117ti i\u0161tisus metus, rasite \u010dia https:\/\/www.stiilne.ee\/tootekategooria\/naistele\/riided\/naiste-mutsid\/ https:\/\/www.stiilne.ee\/tootekategooria\/naistele\/riided\/naiste-mutsid\/<\/p>\n","protected":false},"featured_media":265545,"comment_status":"open","ping_status":"closed","template":"","meta":{"_acf_changed":false},"product_brand":[],"product_cat":[363],"product_tag":[],"class_list":{"0":"post-265544","1":"product","2":"type-product","3":"status-publish","4":"has-post-thumbnail","6":"product_cat-vero-moda-kelnes","7":"product_shipping_class-tarneaeg-1-4-paeva","9":"first","10":"instock","11":"sale","12":"taxable","13":"shipping-taxable","14":"purchasable","15":"product-type-variable","16":"has-default-attributes","17":"add-to-wishlist-after_add_to_cart"},"acf":[],"_links":{"self":[{"href":"https:\/\/tellimused.stiilne.ee\/lt\/wp-json\/wp\/v2\/product\/265544","targetHints":{"allow":["GET"]}}],"collection":[{"href":"https:\/\/tellimused.stiilne.ee\/lt\/wp-json\/wp\/v2\/product"}],"about":[{"href":"https:\/\/tellimused.stiilne.ee\/lt\/wp-json\/wp\/v2\/types\/product"}],"replies":[{"embeddable":true,"href":"https:\/\/tellimused.stiilne.ee\/lt\/wp-json\/wp\/v2\/comments?post=265544"}],"wp:featuredmedia":[{"embeddable":true,"href":"https:\/\/tellimused.stiilne.ee\/lt\/wp-json\/wp\/v2\/media\/265545"}],"wp:attachment":[{"href":"https:\/\/tellimused.stiilne.ee\/lt\/wp-json\/wp\/v2\/media?parent=265544"}],"wp:term":[{"taxonomy":"product_brand","embeddable":true,"href":"https:\/\/tellimused.stiilne.ee\/lt\/wp-json\/wp\/v2\/product_brand?post=265544"},{"taxonomy":"product_cat","embeddable":true,"href":"https:\/\/tellimused.stiilne.ee\/lt\/wp-json\/wp\/v2\/product_cat?post=265544"},{"taxonomy":"product_tag","embeddable":true,"href":"https:\/\/tellimused.stiilne.ee\/lt\/wp-json\/wp\/v2\/product_tag?post=265544"}],"curies":[{"name":"wp","href":"https:\/\/api.w.org\/{rel}","templated":true}]}}