{"id":265583,"date":"2026-03-12T13:56:31","date_gmt":"2026-03-12T11:56:31","guid":{"rendered":"https:\/\/tellimused.stiilne.ee\/toode\/pikem-avara-loikega-taskutega-pusa-rabamets-uudis\/"},"modified":"2026-04-07T11:08:42","modified_gmt":"2026-04-07T08:08:42","slug":"ilgesne-palaidine-su-kisenemis-ir-plataus-kirpimo-azalijos-geles","status":"publish","type":"product","link":"https:\/\/tellimused.stiilne.ee\/lt\/produktas\/ilgesne-palaidine-su-kisenemis-ir-plataus-kirpimo-azalijos-geles\/","title":{"rendered":"Ilgesn\u0117 palaidin\u0117 su ki\u0161en\u0117mis ir plataus kirpimo Azalijos g\u0117l\u0117s"},"content":{"rendered":"<h1>Ilgesn\u0117 esti\u0161ka rank\u0173 darbo palaidin\u0117 moterims su ki\u0161en\u0117mis<\/h1>\n<h2>Patogus, \u0161iltas ir nepavaldus laikui &#8211; puikiai tinka d\u0117v\u0117ti kiekvien\u0105 dien\u0105<\/h2>\n<p>Gra\u017ei <strong>ilgesn\u0117 platesnio kirpimo palaidin\u0117 su ki\u0161en\u0117mis <\/strong> sukurta taip, kad jaustum\u0117t\u0117s patogiai namie, laisvalaikiu, vaik\u0161\u010diodami su \u0161unimi ar darbe. <\/p>\n<p>Ilgesnis kirpimas gra\u017eiai dengia klubus ir puikiai tinka <strong>prie kelni\u0173 ir megztini\u0173<\/strong>. \u017demesnio \u016bgio moterims \u0161i palaidin\u0117 taip pat puikiai tinka <strong>d\u0117v\u0117ti kaip suknel\u0117<\/strong>. <\/p>\n<div contenteditable=\"false\">\n<hr>\n<\/div>\n<h2>Kod\u0117l verta rinktis \u0161i\u0105 palaidin\u0119?<\/h2>\n<ul data-spread=\"false\">\n<li><strong>\u0160iltas ir patogus<\/strong> &#8211; idealiai tinka d\u0117v\u0117ti i\u0161tisus metus, o \u0161altesniu oru su\u0161ildo kitus drabu\u017eius.<\/li>\n<li><strong>Ilgesnio kirpimo<\/strong> &#8211; tinka ant megztini\u0173 ir kelni\u0173<\/li>\n<li><strong>Prakti\u0161kos ki\u0161en\u0117s<\/strong> &#8211; kasdieniam naudojimui<\/li>\n<li><strong>Odai draugi\u0161kas medvilninis audinys<\/strong><\/li>\n<li><strong>Rank\u0173 darbo Estijoje<\/strong><\/li>\n<\/ul>\n<div contenteditable=\"false\">\n<hr>\n<\/div>\n<h2>Med\u017eiaga &#8211; mink\u0161ta ir draugi\u0161ka odai  <\/h2>\n<p>Palaidin\u0117 pagaminta i\u0161 kokybi\u0161ko ir orui laidaus audinio.<\/p>\n<ul data-spread=\"false\">\n<li><strong>95 % medviln\u0117<\/strong> &#8211; nat\u016brali ir draugi\u0161ka odai<\/li>\n<li><strong>5 % elastano<\/strong> &#8211; suteikia elastingumo ir judesi\u0173 laisv\u0119<\/li>\n<\/ul>\n<p>Galima d\u0117v\u0117ti <strong>visus metus,<\/strong> ypa\u010d rudens ir \u017eiemos sezonais.<\/p>\n<div contenteditable=\"false\">\n<hr>\n<\/div>\n<h2>Estijos rankdarbiai ir special\u016bs u\u017esakymai<\/h2>\n<p>Visos <strong>&#8222;Yemi Design&#8221; rankin\u0117s gaminamos rankomis Estijoje<\/strong>. Kiekviena palaidin\u0117 gaminama <strong>pagal u\u017esakym\u0105<\/strong>, atsi\u017evelgiant \u012f kliento pasirinkt\u0105 audin\u012f ir dyd\u012f. <\/p>\n<p>Daugumos produkt\u0173 <strong>pristatymo laikas &#8211; ma\u017edaug 1 savait\u0117.<\/strong><\/p>\n<div contenteditable=\"false\">\n<hr>\n<\/div>\n<h2>Kaip ir kur d\u0117v\u0117ti?   <\/h2>\n<p>\u0160i palaidin\u0117 yra tikra kasdien\u0117 m\u0117gstamiausia<\/p>\n<ul data-spread=\"false\">\n<li>namuose ir laisvalaikiu<\/li>\n<li>pasivaik\u0161\u010diojimas su \u0161unimi<\/li>\n<li>mokymas ir aktyvi mank\u0161ta<\/li>\n<li>darbe, jei vertinate komfort\u0105 ir \u0161ilum\u0105.<\/li>\n<\/ul>\n<div contenteditable=\"false\">\n<hr>\n<\/div>\n<h2>Modelis ir tinkamumas<\/h2>\n<p>Nuotraukoje pavaizduotas modelis yra <strong>158 cm \u016bgio<\/strong> &#8211; palaidin\u0119 ji gali d\u0117v\u0117ti ir <strong>kaip suknel\u0119<\/strong>. Auk\u0161tesn\u0117ms moterims palaidin\u0117 yra patogaus tunikos ilgio. <\/p>\n<div contenteditable=\"false\">\n<hr>\n<\/div>\n<h2>Matmen\u0173 lentel\u0117 (cm)<\/h2>\n<table style=\"height: 210px;\" width=\"773\">\n<thead>\n<tr>\n<th>Matmenys<\/th>\n<th>XS<\/th>\n<th>S<\/th>\n<th>M<\/th>\n<th>L<\/th>\n<th>XL<\/th>\n<th>2XL<\/th>\n<th>3XL<\/th>\n<th>4XL<\/th>\n<th>5XL<\/th>\n<\/tr>\n<\/thead>\n<tbody>\n<tr>\n<td><strong>Kr\u016btin\u0117s l\u0105stos apimtis<\/strong><\/td>\n<td>96<\/td>\n<td>102<\/td>\n<td>108<\/td>\n<td>114<\/td>\n<td>120<\/td>\n<td>126<\/td>\n<td>132<\/td>\n<td>138<\/td>\n<td>144<\/td>\n<\/tr>\n<tr>\n<td><strong>Klub\u0173 apimtis<\/strong><\/td>\n<td>104.1<\/td>\n<td>110.1<\/td>\n<td>116.1<\/td>\n<td>122.1<\/td>\n<td>128.1<\/td>\n<td>134.1<\/td>\n<td>140.1<\/td>\n<td>146.1<\/td>\n<td>152.1<\/td>\n<\/tr>\n<tr>\n<td><strong>Rankovi\u0173 ilgis su rankogaliu<\/strong><\/td>\n<td>67.2<\/td>\n<td>69.3<\/td>\n<td>71.4<\/td>\n<td>73.5<\/td>\n<td>75.6<\/td>\n<td>77.2<\/td>\n<td>78.8<\/td>\n<td>80.4<\/td>\n<td>82.0<\/td>\n<\/tr>\n<tr>\n<td><strong>Nugaros ilgis su briauna<\/strong><\/td>\n<td>81.6<\/td>\n<td>82.1<\/td>\n<td>82.6<\/td>\n<td>83.6<\/td>\n<td>84.6<\/td>\n<td>85.6<\/td>\n<td>86.6<\/td>\n<td>87.6<\/td>\n<td>88.6<\/td>\n<\/tr>\n<tr>\n<td><strong>Rankov\u0117s plotis ties pa\u017eastimi<\/strong><\/td>\n<td>19.5<\/td>\n<td>20.4<\/td>\n<td>21.2<\/td>\n<td>22.1<\/td>\n<td>23.0<\/td>\n<td>23.8<\/td>\n<td>24.6<\/td>\n<td>25.5<\/td>\n<td>26.3<\/td>\n<\/tr>\n<\/tbody>\n<\/table>\n<p>Ilgesnio ir platesnio kirpimo su ki\u0161en\u0117mis, \u0161i moteri\u0161ka palaidin\u0117 puikiai tinka, jei ie\u0161kote patogios ir \u0161iltos <strong>esti\u0161kos rank\u0173 darbo palaidin\u0117s<\/strong> kasdieniam ne\u0161iojimui. Laisvas kirpimas ir mink\u0161tas <strong>medvilninis audinys<\/strong> u\u017etikrina, kad palaidin\u0117 puikiai tiks namuose, darbe ir laisvalaikiu. D\u0117l plataus dyd\u017ei\u0173 pasirinkimo \u0161i <strong>palaidin\u0117 su ki\u0161en\u0117mis <\/strong> tinka \u012fvairiems fig\u016bros tipams. Idealiai tinka \u0161altam orui ir sluoksniavimui.   <\/p>\n<p>&nbsp;<\/p>\n<p>&nbsp;<\/p>\n<p>&nbsp;<\/p>\n","protected":false},"excerpt":{"rendered":"<p>Ilgesn\u0117 esti\u0161ka rank\u0173 darbo palaidin\u0117 moterims su ki\u0161en\u0117mis Patogus, \u0161iltas ir nepavaldus laikui &#8211; puikiai tinka d\u0117v\u0117ti kiekvien\u0105 dien\u0105 Gra\u017ei ilgesn\u0117 platesnio kirpimo palaidin\u0117 su ki\u0161en\u0117mis sukurta taip, kad jaustum\u0117t\u0117s patogiai namie, laisvalaikiu, vaik\u0161\u010diodami su \u0161unimi ar darbe. Ilgesnis kirpimas gra\u017eiai dengia klubus ir puikiai tinka prie kelni\u0173 ir megztini\u0173. \u017demesnio \u016bgio moterims \u0161i palaidin\u0117 [&hellip;]<\/p>\n","protected":false},"featured_media":265584,"comment_status":"open","ping_status":"closed","template":"","meta":{"_acf_changed":false},"product_brand":[],"product_cat":[278],"product_tag":[],"class_list":{"0":"post-265583","1":"product","2":"type-product","3":"status-publish","4":"has-post-thumbnail","6":"product_cat-yemi-disain-ranku-darbo-megztiniai","7":"product_shipping_class-tarneaeg-5-15-paeva","9":"first","10":"instock","11":"sale","12":"taxable","13":"shipping-taxable","14":"purchasable","15":"product-type-variable","16":"has-default-attributes","17":"add-to-wishlist-after_add_to_cart"},"acf":[],"_links":{"self":[{"href":"https:\/\/tellimused.stiilne.ee\/lt\/wp-json\/wp\/v2\/product\/265583","targetHints":{"allow":["GET"]}}],"collection":[{"href":"https:\/\/tellimused.stiilne.ee\/lt\/wp-json\/wp\/v2\/product"}],"about":[{"href":"https:\/\/tellimused.stiilne.ee\/lt\/wp-json\/wp\/v2\/types\/product"}],"replies":[{"embeddable":true,"href":"https:\/\/tellimused.stiilne.ee\/lt\/wp-json\/wp\/v2\/comments?post=265583"}],"wp:featuredmedia":[{"embeddable":true,"href":"https:\/\/tellimused.stiilne.ee\/lt\/wp-json\/wp\/v2\/media\/265584"}],"wp:attachment":[{"href":"https:\/\/tellimused.stiilne.ee\/lt\/wp-json\/wp\/v2\/media?parent=265583"}],"wp:term":[{"taxonomy":"product_brand","embeddable":true,"href":"https:\/\/tellimused.stiilne.ee\/lt\/wp-json\/wp\/v2\/product_brand?post=265583"},{"taxonomy":"product_cat","embeddable":true,"href":"https:\/\/tellimused.stiilne.ee\/lt\/wp-json\/wp\/v2\/product_cat?post=265583"},{"taxonomy":"product_tag","embeddable":true,"href":"https:\/\/tellimused.stiilne.ee\/lt\/wp-json\/wp\/v2\/product_tag?post=265583"}],"curies":[{"name":"wp","href":"https:\/\/api.w.org\/{rel}","templated":true}]}}