{"id":265594,"date":"2026-03-12T13:55:52","date_gmt":"2026-03-12T11:55:52","guid":{"rendered":"https:\/\/tellimused.stiilne.ee\/toode\/beagles-veekindel-must-unisexsobib-nii-meestele-kui-naistele-reisikott-spordikott-uudis-tellimisel\/"},"modified":"2026-04-07T11:08:41","modified_gmt":"2026-04-07T08:08:41","slug":"beagles-neperslampamas-juodas-unisex-tinka-tiek-vyrams-tiek-moterims-kelioninis-krepsys-sportinis-krepsys-pagal-uzsakyma","status":"publish","type":"product","link":"https:\/\/tellimused.stiilne.ee\/lt\/produktas\/beagles-neperslampamas-juodas-unisex-tinka-tiek-vyrams-tiek-moterims-kelioninis-krepsys-sportinis-krepsys-pagal-uzsakyma\/","title":{"rendered":"BEAGLES neper\u0161lampamas juodas unisex (tinka tiek vyrams, tiek moterims) kelioninis krep\u0161ys \/ sportinis krep\u0161ys &#8211; pagal u\u017esakym\u0105"},"content":{"rendered":"<p>&nbsp;<\/p>\n<p>\u012e stiling\u0105 neper\u0161lampam\u0105 kelionin\u012f krep\u0161\u012f-savaitgal\u012f-sportin\u012f krep\u0161\u012f telpa visi treniruo\u010di\u0173 reikmenys (sportba\u010diai, keln\u0117s, mar\u0161kin\u0117liai, didelis rank\u0161luostis ir vandens buteliukas) ir savaitgalio kelioni\u0173 reikmenys.<\/p>\n<p>Krep\u0161ys turi papildom\u0105 didel\u0119 ki\u0161en\u0119 priekin\u0117je pus\u0117je, kuri\u0105 galima u\u017esegti u\u017etrauktuku ir \u012f kuri\u0105 patogu \u012fsid\u0117ti ma\u017eesnius daiktus, pavyzd\u017eiui, mobil\u0173j\u012f telefon\u0105, raktus, pinigin\u0119.Kuprin\u0117s-sportinio krep\u0161io modelis yra unisex, tod\u0117l jis tinka tiek vyrams, tiek moterims.<\/p>\n<p>Trump\u0105 sporto krep\u0161io, kelioninio krep\u0161io vaizdo \u012fra\u0161\u0105 galite rasti m\u016bs\u0173 &#8222;Facebook&#8221; puslapyje \u010dia <a href=\"https:\/\/www.facebook.com\/reel\/719216820278354\">https:\/\/www.facebook.com\/reel\/719216820278354<\/a>.<\/p>\n<p>&nbsp;<\/p>\n<p>Krep\u0161ys yra 40 <strong>cm<\/strong> auk\u0161\u010dio x 56<strong> cm<\/strong> plo\u010dio x <strong> 16,5 cm<\/strong> gylio.<\/p>\n<p>Patogus, patogus ir solidaus dyd\u017eio krep\u0161ys, puikiai tinkantis \u012f sporto sal\u0119, savaitgalio nuotykiams ar trumpesnei kelionei.<\/p>\n<p>Med\u017eiaga stipri vandeniui atspari gumos med\u017eiaga<\/p>\n<p>Krep\u0161io priekyje yra u\u017etrauktuku u\u017esegama ki\u0161en\u0117 smulkesniems daiktams laikyti<\/p>\n<p>Krep\u0161ys turi ma\u017eesnes rankenas, skirtas ne\u0161iotis ant rankos galo, ir ilg\u0105 reguliuojam\u0105 dir\u017e\u0105 per pet\u012f, jei norite j\u012f ne\u0161ioti ant peties.<\/p>\n<p>Kuprin\u0117s gale ir priekyje yra \u0161vies\u0105 atspindinti juostel\u0117, kad b\u016bt\u0173 saugiau vairuoti tamsoje.<\/p>\n<p>Krep\u0161ys u\u017esegamas u\u017etrauktuku ir yra atsparus vandeniui, tod\u0117l nereikia jaudintis, kad lietingu oru krep\u0161yje esantys daiktai su\u0161laps.<\/p>\n<p>Kelioninis krep\u0161ys-sportinis krep\u0161ys \u0161iuo metu u\u017esakomas ir pristatomas per 15 darbo dien\u0173.<\/p>\n","protected":false},"excerpt":{"rendered":"<p>&nbsp; \u012e stiling\u0105 neper\u0161lampam\u0105 kelionin\u012f krep\u0161\u012f-savaitgal\u012f-sportin\u012f krep\u0161\u012f telpa visi treniruo\u010di\u0173 reikmenys (sportba\u010diai, keln\u0117s, mar\u0161kin\u0117liai, didelis rank\u0161luostis ir vandens buteliukas) ir savaitgalio kelioni\u0173 reikmenys. Krep\u0161ys turi papildom\u0105 didel\u0119 ki\u0161en\u0119 priekin\u0117je pus\u0117je, kuri\u0105 galima u\u017esegti u\u017etrauktuku ir \u012f kuri\u0105 patogu \u012fsid\u0117ti ma\u017eesnius daiktus, pavyzd\u017eiui, mobil\u0173j\u012f telefon\u0105, raktus, pinigin\u0119.Kuprin\u0117s-sportinio krep\u0161io modelis yra unisex, tod\u0117l jis tinka tiek vyrams, [&hellip;]<\/p>\n","protected":false},"featured_media":265595,"comment_status":"open","ping_status":"closed","template":"","meta":{"_acf_changed":false},"product_brand":[],"product_cat":[408],"product_tag":[],"class_list":{"0":"post-265594","1":"product","2":"type-product","3":"status-publish","4":"has-post-thumbnail","6":"product_cat-kelioniniai-krepsiai-sportiniai-krepsiai","7":"product_shipping_class-tarneaeg-5-10-paeva","9":"first","10":"instock","11":"taxable","12":"shipping-taxable","13":"product-type-variable","14":"has-default-attributes","15":"add-to-wishlist-after_add_to_cart"},"acf":[],"_links":{"self":[{"href":"https:\/\/tellimused.stiilne.ee\/lt\/wp-json\/wp\/v2\/product\/265594","targetHints":{"allow":["GET"]}}],"collection":[{"href":"https:\/\/tellimused.stiilne.ee\/lt\/wp-json\/wp\/v2\/product"}],"about":[{"href":"https:\/\/tellimused.stiilne.ee\/lt\/wp-json\/wp\/v2\/types\/product"}],"replies":[{"embeddable":true,"href":"https:\/\/tellimused.stiilne.ee\/lt\/wp-json\/wp\/v2\/comments?post=265594"}],"wp:featuredmedia":[{"embeddable":true,"href":"https:\/\/tellimused.stiilne.ee\/lt\/wp-json\/wp\/v2\/media\/265595"}],"wp:attachment":[{"href":"https:\/\/tellimused.stiilne.ee\/lt\/wp-json\/wp\/v2\/media?parent=265594"}],"wp:term":[{"taxonomy":"product_brand","embeddable":true,"href":"https:\/\/tellimused.stiilne.ee\/lt\/wp-json\/wp\/v2\/product_brand?post=265594"},{"taxonomy":"product_cat","embeddable":true,"href":"https:\/\/tellimused.stiilne.ee\/lt\/wp-json\/wp\/v2\/product_cat?post=265594"},{"taxonomy":"product_tag","embeddable":true,"href":"https:\/\/tellimused.stiilne.ee\/lt\/wp-json\/wp\/v2\/product_tag?post=265594"}],"curies":[{"name":"wp","href":"https:\/\/api.w.org\/{rel}","templated":true}]}}