{"id":265608,"date":"2026-03-12T13:55:51","date_gmt":"2026-03-12T11:55:51","guid":{"rendered":"https:\/\/tellimused.stiilne.ee\/toode\/beagles-veekindel-helesinine-reisikott-spordikott-kohe-laos\/"},"modified":"2026-04-07T11:08:40","modified_gmt":"2026-04-07T08:08:40","slug":"beagles-neperslampamas-sviesiai-melynas-kelioninis-krepsys-sportinis-krepsys-naudojamas","status":"publish","type":"product","link":"https:\/\/tellimused.stiilne.ee\/lt\/produktas\/beagles-neperslampamas-sviesiai-melynas-kelioninis-krepsys-sportinis-krepsys-naudojamas\/","title":{"rendered":"BEAGLES neper\u0161lampamas \u0161viesiai m\u0117lynas kelioninis krep\u0161ys\/sportinis krep\u0161ys &#8211; NAUDOJAMAS"},"content":{"rendered":"<p>&nbsp;<\/p>\n<p>\u012e stiling\u0105 neper\u0161lampam\u0105 kelionin\u012f krep\u0161\u012f-savaitgal\u012f-sportin\u012f krep\u0161\u012f telpa visi treniruo\u010di\u0173 reikmenys (sportba\u010diai, keln\u0117s, mar\u0161kin\u0117liai, didelis rank\u0161luostis ir vandens buteliukas) ir savaitgalio kelioni\u0173 reikmenys.<\/p>\n<p>Krep\u0161ys turi papildom\u0105 didel\u0119 ki\u0161en\u0119 priekin\u0117je pus\u0117je, kurioje galima laikyti ma\u017eesnius daiktus, pavyzd\u017eiui, mobil\u0173j\u012f telefon\u0105, raktus, pinigin\u0119.Sportinis krep\u0161ys yra unisex modelis, tod\u0117l tinka tiek vyrams, tiek moterims.<\/p>\n<p>Trump\u0105 sporto krep\u0161io, kelioninio krep\u0161io vaizdo \u012fra\u0161\u0105 galite rasti m\u016bs\u0173 &#8222;Facebook&#8221; puslapyje \u010dia <a href=\"https:\/\/www.facebook.com\/reel\/719216820278354\">https:\/\/www.facebook.com\/reel\/719216820278354<\/a>.<\/p>\n<p>&nbsp;<\/p>\n<p>Krep\u0161ys yra 40 <strong>cm<\/strong> auk\u0161\u010dio x 56<strong> cm<\/strong> plo\u010dio x <strong> 16,5 cm<\/strong> gylio.<\/p>\n<p>Patogus, patogus ir solidaus dyd\u017eio krep\u0161ys, puikiai tinkantis \u012f sporto sal\u0119, savaitgalio nuotykiams ar trumpesnei kelionei.<\/p>\n<p>Med\u017eiaga stipri vandeniui atspari gumos med\u017eiaga<\/p>\n<p>Krep\u0161io priekyje yra u\u017etrauktuku u\u017esegama ki\u0161en\u0117 smulkesniems daiktams laikyti<\/p>\n<p>Krep\u0161ys turi ma\u017eesnes rankenas, skirtas ne\u0161iotis ant rankos galo, ir ilg\u0105 reguliuojam\u0105 dir\u017e\u0105 per pet\u012f.<\/p>\n<p>Kuprin\u0117s gale ir priekyje yra \u0161vies\u0105 atspindinti juostel\u0117, kad b\u016bt\u0173 saugiau vairuoti tamsoje.<\/p>\n<p>Krep\u0161ys yra atsparus vandeniui, tod\u0117l nereikia nerimauti, kad lietingu oru jame esantys daiktai su\u0161laps.<\/p>\n<p>Kelioninis krep\u0161ys-sportinis krep\u0161ys \u0161iuo metu yra sand\u0117lyje &#8211; pristatymas per kelias dienas.<\/p>\n","protected":false},"excerpt":{"rendered":"<p>&nbsp; \u012e stiling\u0105 neper\u0161lampam\u0105 kelionin\u012f krep\u0161\u012f-savaitgal\u012f-sportin\u012f krep\u0161\u012f telpa visi treniruo\u010di\u0173 reikmenys (sportba\u010diai, keln\u0117s, mar\u0161kin\u0117liai, didelis rank\u0161luostis ir vandens buteliukas) ir savaitgalio kelioni\u0173 reikmenys. Krep\u0161ys turi papildom\u0105 didel\u0119 ki\u0161en\u0119 priekin\u0117je pus\u0117je, kurioje galima laikyti ma\u017eesnius daiktus, pavyzd\u017eiui, mobil\u0173j\u012f telefon\u0105, raktus, pinigin\u0119.Sportinis krep\u0161ys yra unisex modelis, tod\u0117l tinka tiek vyrams, tiek moterims. Trump\u0105 sporto krep\u0161io, kelioninio krep\u0161io [&hellip;]<\/p>\n","protected":false},"featured_media":265609,"comment_status":"open","ping_status":"closed","template":"","meta":{"_acf_changed":false},"product_brand":[],"product_cat":[408],"product_tag":[],"class_list":{"0":"post-265608","1":"product","2":"type-product","3":"status-publish","4":"has-post-thumbnail","6":"product_cat-kelioniniai-krepsiai-sportiniai-krepsiai","7":"product_shipping_class-tarneaeg-1-4-paeva","9":"first","10":"instock","11":"sale","12":"taxable","13":"shipping-taxable","14":"purchasable","15":"product-type-variable","16":"has-default-attributes","17":"add-to-wishlist-after_add_to_cart"},"acf":[],"_links":{"self":[{"href":"https:\/\/tellimused.stiilne.ee\/lt\/wp-json\/wp\/v2\/product\/265608","targetHints":{"allow":["GET"]}}],"collection":[{"href":"https:\/\/tellimused.stiilne.ee\/lt\/wp-json\/wp\/v2\/product"}],"about":[{"href":"https:\/\/tellimused.stiilne.ee\/lt\/wp-json\/wp\/v2\/types\/product"}],"replies":[{"embeddable":true,"href":"https:\/\/tellimused.stiilne.ee\/lt\/wp-json\/wp\/v2\/comments?post=265608"}],"wp:featuredmedia":[{"embeddable":true,"href":"https:\/\/tellimused.stiilne.ee\/lt\/wp-json\/wp\/v2\/media\/265609"}],"wp:attachment":[{"href":"https:\/\/tellimused.stiilne.ee\/lt\/wp-json\/wp\/v2\/media?parent=265608"}],"wp:term":[{"taxonomy":"product_brand","embeddable":true,"href":"https:\/\/tellimused.stiilne.ee\/lt\/wp-json\/wp\/v2\/product_brand?post=265608"},{"taxonomy":"product_cat","embeddable":true,"href":"https:\/\/tellimused.stiilne.ee\/lt\/wp-json\/wp\/v2\/product_cat?post=265608"},{"taxonomy":"product_tag","embeddable":true,"href":"https:\/\/tellimused.stiilne.ee\/lt\/wp-json\/wp\/v2\/product_tag?post=265608"}],"curies":[{"name":"wp","href":"https:\/\/api.w.org\/{rel}","templated":true}]}}