{"id":265623,"date":"2026-03-12T13:54:19","date_gmt":"2026-03-12T11:54:19","guid":{"rendered":"https:\/\/tellimused.stiilne.ee\/toode\/vero-moda-mahe-roheline-100-puuvillasest-longast-naiste-dsemper-care-kohe-laos-uudis\/"},"modified":"2026-04-07T11:08:41","modified_gmt":"2026-04-07T08:08:41","slug":"vero-moda-svelniai-zalias-100-audinys-moteriskas-sampunas-prieziura-baltas-sandelyje-isparduotas-sandelyje","status":"publish","type":"product","link":"https:\/\/tellimused.stiilne.ee\/lt\/produktas\/vero-moda-svelniai-zalias-100-audinys-moteriskas-sampunas-prieziura-baltas-sandelyje-isparduotas-sandelyje\/","title":{"rendered":"&#8222;VERO MODA&#8221; \u0161velniai \u017ealias 100 % audinys Moteri\u0161kas \u0161amp\u016bnas prie\u017ei\u016bra-baltas sand\u0117lyje-i\u0161parduotas sand\u0117lyje"},"content":{"rendered":"<p>&nbsp;<\/p>\n<p>D\u017eemperio med\u017eiaga &#8211; 100 % medviln\u0117, kuri yra draugi\u0161ka odai &#8211; nuo jos oda neskaud\u0117s ir neprakaituos.<\/p>\n<p>Stilingo ir paprasto dizaino d\u017eemper\u012f lengva d\u0117v\u0117ti prie sijono ar kelni\u0173.<\/p>\n<p>&#8222;Vero Moda&#8221; d\u017eemperis dabar yra sand\u0117lyje ir gali b\u016bti pristatytas per por\u0105 dien\u0173.<\/p>\n<p>Puikus pasirinkimas rudeniui, \u017eiemai, pavasariui &#8211; laisvalaikiui ar darbui.<\/p>\n","protected":false},"excerpt":{"rendered":"<p>&nbsp; D\u017eemperio med\u017eiaga &#8211; 100 % medviln\u0117, kuri yra draugi\u0161ka odai &#8211; nuo jos oda neskaud\u0117s ir neprakaituos. Stilingo ir paprasto dizaino d\u017eemper\u012f lengva d\u0117v\u0117ti prie sijono ar kelni\u0173. &#8222;Vero Moda&#8221; d\u017eemperis dabar yra sand\u0117lyje ir gali b\u016bti pristatytas per por\u0105 dien\u0173. Puikus pasirinkimas rudeniui, \u017eiemai, pavasariui &#8211; laisvalaikiui ar darbui.<\/p>\n","protected":false},"featured_media":265624,"comment_status":"open","ping_status":"closed","template":"","meta":{"_acf_changed":false},"product_brand":[],"product_cat":[295],"product_tag":[],"class_list":{"0":"post-265623","1":"product","2":"type-product","3":"status-publish","4":"has-post-thumbnail","6":"product_cat-moteriski-megztiniai-marskineliai","7":"product_shipping_class-tarneaeg-1-4-paeva","9":"first","10":"instock","11":"sale","12":"taxable","13":"shipping-taxable","14":"purchasable","15":"product-type-variable","16":"has-default-attributes","17":"add-to-wishlist-after_add_to_cart"},"acf":[],"_links":{"self":[{"href":"https:\/\/tellimused.stiilne.ee\/lt\/wp-json\/wp\/v2\/product\/265623","targetHints":{"allow":["GET"]}}],"collection":[{"href":"https:\/\/tellimused.stiilne.ee\/lt\/wp-json\/wp\/v2\/product"}],"about":[{"href":"https:\/\/tellimused.stiilne.ee\/lt\/wp-json\/wp\/v2\/types\/product"}],"replies":[{"embeddable":true,"href":"https:\/\/tellimused.stiilne.ee\/lt\/wp-json\/wp\/v2\/comments?post=265623"}],"wp:featuredmedia":[{"embeddable":true,"href":"https:\/\/tellimused.stiilne.ee\/lt\/wp-json\/wp\/v2\/media\/265624"}],"wp:attachment":[{"href":"https:\/\/tellimused.stiilne.ee\/lt\/wp-json\/wp\/v2\/media?parent=265623"}],"wp:term":[{"taxonomy":"product_brand","embeddable":true,"href":"https:\/\/tellimused.stiilne.ee\/lt\/wp-json\/wp\/v2\/product_brand?post=265623"},{"taxonomy":"product_cat","embeddable":true,"href":"https:\/\/tellimused.stiilne.ee\/lt\/wp-json\/wp\/v2\/product_cat?post=265623"},{"taxonomy":"product_tag","embeddable":true,"href":"https:\/\/tellimused.stiilne.ee\/lt\/wp-json\/wp\/v2\/product_tag?post=265623"}],"curies":[{"name":"wp","href":"https:\/\/api.w.org\/{rel}","templated":true}]}}