{"id":265630,"date":"2026-03-12T13:53:52","date_gmt":"2026-03-12T11:53:52","guid":{"rendered":"https:\/\/tellimused.stiilne.ee\/toode\/stiilne-pehmest-samet-kangast-bomberjakk-bordoopunane-kohe-laos-suurus-xl44-46\/"},"modified":"2026-04-07T11:08:37","modified_gmt":"2026-04-07T08:08:37","slug":"stilingas-minksto-aksomo-audinio-bomber-stiliaus-svarkas-bordo-raudonos-spalvos-naudojamas-xl-dydzio-44-46","status":"publish","type":"product","link":"https:\/\/tellimused.stiilne.ee\/lt\/produktas\/stilingas-minksto-aksomo-audinio-bomber-stiliaus-svarkas-bordo-raudonos-spalvos-naudojamas-xl-dydzio-44-46\/","title":{"rendered":"Stilingas mink\u0161to aksomo audinio bomber stiliaus \u0161varkas Bordo raudonos spalvos &#8211; NAUDOJAMAS XL dyd\u017eio (44-46)"},"content":{"rendered":"<p>&nbsp;<\/p>\n<p>Patogus bomber stiliaus \u0161varkas i\u0161 mink\u0161to aksomo audinio tinka d\u0117v\u0117ti i\u0161tisus metus &#8211; derinkite j\u012f prie kelni\u0173 ar suknel\u0117s &#8211; bomber stiliaus \u0161vark\u0105 lengva priderinti prie \u012fvairi\u0173 drabu\u017ei\u0173.<\/p>\n<p>Bomber stiliaus \u0161varkas pagamintas i\u0161 mink\u0161to aksomo audinio.<\/p>\n<p>Ro\u017einis bomber stiliaus \u0161varkas dabar yra sand\u0117lyje &#8211; pristatymo laikas 1-2 dienos<\/p>\n<p>Bomber stiliaus striuk\u0117s matmen\u0173 lentel\u0119 rasite papildomose nuotraukose<\/p>\n<p>Visi &#8222;Yemi Design&#8221; gaminiai yra rank\u0173 darbo Estijoje.<\/p>\n<p>&nbsp;<\/p>\n","protected":false},"excerpt":{"rendered":"<p>&nbsp; Patogus bomber stiliaus \u0161varkas i\u0161 mink\u0161to aksomo audinio tinka d\u0117v\u0117ti i\u0161tisus metus &#8211; derinkite j\u012f prie kelni\u0173 ar suknel\u0117s &#8211; bomber stiliaus \u0161vark\u0105 lengva priderinti prie \u012fvairi\u0173 drabu\u017ei\u0173. Bomber stiliaus \u0161varkas pagamintas i\u0161 mink\u0161to aksomo audinio. Ro\u017einis bomber stiliaus \u0161varkas dabar yra sand\u0117lyje &#8211; pristatymo laikas 1-2 dienos Bomber stiliaus striuk\u0117s matmen\u0173 lentel\u0119 rasite [&hellip;]<\/p>\n","protected":false},"featured_media":265631,"comment_status":"open","ping_status":"closed","template":"","meta":{"_acf_changed":false},"product_brand":[],"product_cat":[396],"product_tag":[],"class_list":{"0":"post-265630","1":"product","2":"type-product","3":"status-publish","4":"has-post-thumbnail","6":"product_cat-yemi-striukes","7":"product_shipping_class-tarneaeg-1-4-paeva","9":"first","10":"instock","11":"sale","12":"taxable","13":"shipping-taxable","14":"purchasable","15":"product-type-variable","16":"has-default-attributes","17":"add-to-wishlist-after_add_to_cart"},"acf":[],"_links":{"self":[{"href":"https:\/\/tellimused.stiilne.ee\/lt\/wp-json\/wp\/v2\/product\/265630","targetHints":{"allow":["GET"]}}],"collection":[{"href":"https:\/\/tellimused.stiilne.ee\/lt\/wp-json\/wp\/v2\/product"}],"about":[{"href":"https:\/\/tellimused.stiilne.ee\/lt\/wp-json\/wp\/v2\/types\/product"}],"replies":[{"embeddable":true,"href":"https:\/\/tellimused.stiilne.ee\/lt\/wp-json\/wp\/v2\/comments?post=265630"}],"wp:featuredmedia":[{"embeddable":true,"href":"https:\/\/tellimused.stiilne.ee\/lt\/wp-json\/wp\/v2\/media\/265631"}],"wp:attachment":[{"href":"https:\/\/tellimused.stiilne.ee\/lt\/wp-json\/wp\/v2\/media?parent=265630"}],"wp:term":[{"taxonomy":"product_brand","embeddable":true,"href":"https:\/\/tellimused.stiilne.ee\/lt\/wp-json\/wp\/v2\/product_brand?post=265630"},{"taxonomy":"product_cat","embeddable":true,"href":"https:\/\/tellimused.stiilne.ee\/lt\/wp-json\/wp\/v2\/product_cat?post=265630"},{"taxonomy":"product_tag","embeddable":true,"href":"https:\/\/tellimused.stiilne.ee\/lt\/wp-json\/wp\/v2\/product_tag?post=265630"}],"curies":[{"name":"wp","href":"https:\/\/api.w.org\/{rel}","templated":true}]}}