{"id":265633,"date":"2026-03-12T13:53:22","date_gmt":"2026-03-12T11:53:22","guid":{"rendered":"https:\/\/tellimused.stiilne.ee\/toode\/stiilne-pehmest-samet-kangast-bomberjakk-roosa-kohe-laos-suurus-m38-40\/"},"modified":"2026-04-07T11:08:40","modified_gmt":"2026-04-07T08:08:40","slug":"stilingas-bomber-stiliaus-svarkas-is-svelnaus-aksomo-audinio-pink-dabar-naudojamas-m-dydzio-38-40","status":"publish","type":"product","link":"https:\/\/tellimused.stiilne.ee\/lt\/produktas\/stilingas-bomber-stiliaus-svarkas-is-svelnaus-aksomo-audinio-pink-dabar-naudojamas-m-dydzio-38-40\/","title":{"rendered":"Stilingas bomber stiliaus \u0161varkas i\u0161 \u0161velnaus aksomo audinio Pink &#8211; DABAR NAUDOJAMAS M dyd\u017eio (38-40)"},"content":{"rendered":"<p>&nbsp;<\/p>\n<p>Patogus bomber stiliaus \u0161varkas i\u0161 mink\u0161to aksomo audinio tinka d\u0117v\u0117ti i\u0161tisus metus &#8211; derinkite j\u012f prie kelni\u0173 ar suknel\u0117s &#8211; bomber stiliaus \u0161vark\u0105 lengva priderinti prie \u012fvairi\u0173 drabu\u017ei\u0173.<\/p>\n<p>Bomber stiliaus striuk\u0117s med\u017eiaga &#8211; mink\u0161tas aksomo audinys.<\/p>\n<p>Ro\u017einis bomber stiliaus \u0161varkas dabar yra sand\u0117lyje &#8211; pristatymo laikas 1-2 dienos<\/p>\n<p>Bomber stiliaus striuk\u0117s matmen\u0173 lentel\u0119 rasite papildomose nuotraukose<\/p>\n<p>Visi &#8222;Yemi Design&#8221; gaminiai yra rank\u0173 darbo Estijoje.<\/p>\n<p>&nbsp;<\/p>\n","protected":false},"excerpt":{"rendered":"<p>&nbsp; Patogus bomber stiliaus \u0161varkas i\u0161 mink\u0161to aksomo audinio tinka d\u0117v\u0117ti i\u0161tisus metus &#8211; derinkite j\u012f prie kelni\u0173 ar suknel\u0117s &#8211; bomber stiliaus \u0161vark\u0105 lengva priderinti prie \u012fvairi\u0173 drabu\u017ei\u0173. Bomber stiliaus striuk\u0117s med\u017eiaga &#8211; mink\u0161tas aksomo audinys. Ro\u017einis bomber stiliaus \u0161varkas dabar yra sand\u0117lyje &#8211; pristatymo laikas 1-2 dienos Bomber stiliaus striuk\u0117s matmen\u0173 lentel\u0119 rasite [&hellip;]<\/p>\n","protected":false},"featured_media":265634,"comment_status":"open","ping_status":"closed","template":"","meta":{"_acf_changed":false},"product_brand":[],"product_cat":[396],"product_tag":[],"class_list":{"0":"post-265633","1":"product","2":"type-product","3":"status-publish","4":"has-post-thumbnail","6":"product_cat-yemi-striukes","7":"product_shipping_class-tarneaeg-1-4-paeva","9":"first","10":"instock","11":"sale","12":"taxable","13":"shipping-taxable","14":"purchasable","15":"product-type-variable","16":"has-default-attributes","17":"add-to-wishlist-after_add_to_cart"},"acf":[],"_links":{"self":[{"href":"https:\/\/tellimused.stiilne.ee\/lt\/wp-json\/wp\/v2\/product\/265633","targetHints":{"allow":["GET"]}}],"collection":[{"href":"https:\/\/tellimused.stiilne.ee\/lt\/wp-json\/wp\/v2\/product"}],"about":[{"href":"https:\/\/tellimused.stiilne.ee\/lt\/wp-json\/wp\/v2\/types\/product"}],"replies":[{"embeddable":true,"href":"https:\/\/tellimused.stiilne.ee\/lt\/wp-json\/wp\/v2\/comments?post=265633"}],"wp:featuredmedia":[{"embeddable":true,"href":"https:\/\/tellimused.stiilne.ee\/lt\/wp-json\/wp\/v2\/media\/265634"}],"wp:attachment":[{"href":"https:\/\/tellimused.stiilne.ee\/lt\/wp-json\/wp\/v2\/media?parent=265633"}],"wp:term":[{"taxonomy":"product_brand","embeddable":true,"href":"https:\/\/tellimused.stiilne.ee\/lt\/wp-json\/wp\/v2\/product_brand?post=265633"},{"taxonomy":"product_cat","embeddable":true,"href":"https:\/\/tellimused.stiilne.ee\/lt\/wp-json\/wp\/v2\/product_cat?post=265633"},{"taxonomy":"product_tag","embeddable":true,"href":"https:\/\/tellimused.stiilne.ee\/lt\/wp-json\/wp\/v2\/product_tag?post=265633"}],"curies":[{"name":"wp","href":"https:\/\/api.w.org\/{rel}","templated":true}]}}