{"id":265697,"date":"2026-03-12T13:48:30","date_gmt":"2026-03-12T11:48:30","guid":{"rendered":"https:\/\/tellimused.stiilne.ee\/toode\/marco-mazzini-naturaalnahast-must-naiste-kaekott-2\/"},"modified":"2026-04-07T11:08:36","modified_gmt":"2026-04-07T08:08:36","slug":"marco-mazzini-juodos-naturalios-odos-moteriska-rankine-2","status":"publish","type":"product","link":"https:\/\/tellimused.stiilne.ee\/lt\/produktas\/marco-mazzini-juodos-naturalios-odos-moteriska-rankine-2\/","title":{"rendered":"Marco Mazzini juodos nat\u016bralios odos moteri\u0161ka rankin\u0117"},"content":{"rendered":"<p>&nbsp;<\/p>\n<p>Rankin\u0117s med\u017eiaga &#8211; mink\u0161ta nat\u016brali oda<\/p>\n<p>Rankin\u0117 turi patog\u0173 reguliuojam\u0105 dir\u017e\u0105 per pet\u012f<\/p>\n<p>Rankin\u0117 u\u017esegama u\u017etrauktuku vir\u0161uje, viduje yra ma\u017eesn\u0117s ki\u0161en\u0117s, o i\u0161or\u0117je &#8211; didesn\u0117 ki\u0161en\u0117<\/p>\n<p>Rankin\u0117s auk\u0161tis &#8211; 22 cm, plotis &#8211; 25 cm, gylis &#8211; 5 cm<\/p>\n<p>Rankin\u0117 rank\u0173 darbo, pagaminta Italijoje<\/p>\n<p>Vidutinis pristatymo laikas &#8211; 10 darbo dien\u0173.<\/p>\n","protected":false},"excerpt":{"rendered":"<p>&nbsp; Rankin\u0117s med\u017eiaga &#8211; mink\u0161ta nat\u016brali oda Rankin\u0117 turi patog\u0173 reguliuojam\u0105 dir\u017e\u0105 per pet\u012f Rankin\u0117 u\u017esegama u\u017etrauktuku vir\u0161uje, viduje yra ma\u017eesn\u0117s ki\u0161en\u0117s, o i\u0161or\u0117je &#8211; didesn\u0117 ki\u0161en\u0117 Rankin\u0117s auk\u0161tis &#8211; 22 cm, plotis &#8211; 25 cm, gylis &#8211; 5 cm Rankin\u0117 rank\u0173 darbo, pagaminta Italijoje Vidutinis pristatymo laikas &#8211; 10 darbo dien\u0173.<\/p>\n","protected":false},"featured_media":265698,"comment_status":"open","ping_status":"closed","template":"","meta":{"_acf_changed":false},"product_brand":[],"product_cat":[302],"product_tag":[],"class_list":{"0":"post-265697","1":"product","2":"type-product","3":"status-publish","4":"has-post-thumbnail","6":"product_cat-uncategorized","7":"product_shipping_class-tarneaeg-5-15-paeva","9":"first","10":"instock","11":"taxable","12":"shipping-taxable","13":"purchasable","14":"product-type-variable","15":"has-default-attributes","16":"add-to-wishlist-after_add_to_cart"},"acf":[],"_links":{"self":[{"href":"https:\/\/tellimused.stiilne.ee\/lt\/wp-json\/wp\/v2\/product\/265697","targetHints":{"allow":["GET"]}}],"collection":[{"href":"https:\/\/tellimused.stiilne.ee\/lt\/wp-json\/wp\/v2\/product"}],"about":[{"href":"https:\/\/tellimused.stiilne.ee\/lt\/wp-json\/wp\/v2\/types\/product"}],"replies":[{"embeddable":true,"href":"https:\/\/tellimused.stiilne.ee\/lt\/wp-json\/wp\/v2\/comments?post=265697"}],"wp:featuredmedia":[{"embeddable":true,"href":"https:\/\/tellimused.stiilne.ee\/lt\/wp-json\/wp\/v2\/media\/265698"}],"wp:attachment":[{"href":"https:\/\/tellimused.stiilne.ee\/lt\/wp-json\/wp\/v2\/media?parent=265697"}],"wp:term":[{"taxonomy":"product_brand","embeddable":true,"href":"https:\/\/tellimused.stiilne.ee\/lt\/wp-json\/wp\/v2\/product_brand?post=265697"},{"taxonomy":"product_cat","embeddable":true,"href":"https:\/\/tellimused.stiilne.ee\/lt\/wp-json\/wp\/v2\/product_cat?post=265697"},{"taxonomy":"product_tag","embeddable":true,"href":"https:\/\/tellimused.stiilne.ee\/lt\/wp-json\/wp\/v2\/product_tag?post=265697"}],"curies":[{"name":"wp","href":"https:\/\/api.w.org\/{rel}","templated":true}]}}