{"id":265700,"date":"2026-03-12T13:48:30","date_gmt":"2026-03-12T11:48:30","guid":{"rendered":"https:\/\/tellimused.stiilne.ee\/toode\/marco-mazzini-naturaalnahast-konjakipruun-kaekott\/"},"modified":"2026-04-07T11:08:22","modified_gmt":"2026-04-07T08:08:22","slug":"marco-mazzini-naturalios-odos-konjako-rudos-spalvos-rankine","status":"publish","type":"product","link":"https:\/\/tellimused.stiilne.ee\/lt\/produktas\/marco-mazzini-naturalios-odos-konjako-rudos-spalvos-rankine\/","title":{"rendered":"Marco Mazzini nat\u016bralios odos konjako rudos spalvos rankin\u0117"},"content":{"rendered":"<p>&nbsp;<\/p>\n<p>Rankin\u0117s med\u017eiaga &#8211; nat\u016brali oda<\/p>\n<p>Rankin\u0117s matmenys: auk\u0161tis 19 cm, plotis 24 cm, gylis 9 cm<\/p>\n<p>Rankin\u0117 rank\u0173 darbo, pagaminta Italijoje<\/p>\n<p>Pristatymo laikas 1-2 dienos &#8211; netrukus bus sand\u0117lyje.<\/p>\n","protected":false},"excerpt":{"rendered":"<p>&nbsp; Rankin\u0117s med\u017eiaga &#8211; nat\u016brali oda Rankin\u0117s matmenys: auk\u0161tis 19 cm, plotis 24 cm, gylis 9 cm Rankin\u0117 rank\u0173 darbo, pagaminta Italijoje Pristatymo laikas 1-2 dienos &#8211; netrukus bus sand\u0117lyje.<\/p>\n","protected":false},"featured_media":265701,"comment_status":"open","ping_status":"closed","template":"","meta":{"_acf_changed":false},"product_brand":[],"product_cat":[302],"product_tag":[],"class_list":{"0":"post-265700","1":"product","2":"type-product","3":"status-publish","4":"has-post-thumbnail","6":"product_cat-uncategorized","7":"product_shipping_class-tarneaeg-1-4-paeva","9":"first","10":"instock","11":"taxable","12":"shipping-taxable","13":"purchasable","14":"product-type-variable","15":"has-default-attributes","16":"add-to-wishlist-after_add_to_cart"},"acf":[],"_links":{"self":[{"href":"https:\/\/tellimused.stiilne.ee\/lt\/wp-json\/wp\/v2\/product\/265700","targetHints":{"allow":["GET"]}}],"collection":[{"href":"https:\/\/tellimused.stiilne.ee\/lt\/wp-json\/wp\/v2\/product"}],"about":[{"href":"https:\/\/tellimused.stiilne.ee\/lt\/wp-json\/wp\/v2\/types\/product"}],"replies":[{"embeddable":true,"href":"https:\/\/tellimused.stiilne.ee\/lt\/wp-json\/wp\/v2\/comments?post=265700"}],"wp:featuredmedia":[{"embeddable":true,"href":"https:\/\/tellimused.stiilne.ee\/lt\/wp-json\/wp\/v2\/media\/265701"}],"wp:attachment":[{"href":"https:\/\/tellimused.stiilne.ee\/lt\/wp-json\/wp\/v2\/media?parent=265700"}],"wp:term":[{"taxonomy":"product_brand","embeddable":true,"href":"https:\/\/tellimused.stiilne.ee\/lt\/wp-json\/wp\/v2\/product_brand?post=265700"},{"taxonomy":"product_cat","embeddable":true,"href":"https:\/\/tellimused.stiilne.ee\/lt\/wp-json\/wp\/v2\/product_cat?post=265700"},{"taxonomy":"product_tag","embeddable":true,"href":"https:\/\/tellimused.stiilne.ee\/lt\/wp-json\/wp\/v2\/product_tag?post=265700"}],"curies":[{"name":"wp","href":"https:\/\/api.w.org\/{rel}","templated":true}]}}