{"id":265712,"date":"2026-03-12T13:48:02","date_gmt":"2026-03-12T11:48:02","guid":{"rendered":"https:\/\/tellimused.stiilne.ee\/toode\/kott-tooli-taidis-kohe-laos-eri-suurused\/"},"modified":"2026-04-07T11:08:25","modified_gmt":"2026-04-07T08:08:25","slug":"krepsys-kedziu-uzpildas-naudojame-ivairiu-dydziu","status":"publish","type":"product","link":"https:\/\/tellimused.stiilne.ee\/lt\/produktas\/krepsys-kedziu-uzpildas-naudojame-ivairiu-dydziu\/","title":{"rendered":"Krep\u0161ys-k\u0117d\u017ei\u0173 u\u017epildas &#8211; NAUDOJAME \u012evairi\u0173 dyd\u017ei\u0173"},"content":{"rendered":"<h2 data-start=\"342\" data-end=\"394\">Mai\u0161\u0173-k\u0117d\u017ei\u0173 u\u017epildas &#8211; polistireninio putplas\u010dio granul\u0117s<\/h2>\n<p data-start=\"396\" data-end=\"628\"><strong data-start=\"396\" data-end=\"417\">Krep\u0161inio k\u0117d\u0117s kim\u0161imas<\/strong> skirtas atkurti pirmin\u012f patogum\u0105 ir pirmin\u0119 k\u0117d\u0117s form\u0105.<br data-start=\"483\" data-end=\"486\">Jei laikui b\u0117gant k\u0117d\u0117 i\u0161sikreip\u0117 ir neb\u0117ra tokia patogi, kokia buvo anks\u010diau, k\u0117d\u0117s <strong data-start=\"565\" data-end=\"585\">kim\u0161imas<\/strong> gali greitai ir lengvai atkurti pirmin\u0119 jos form\u0105.<\/p>\n<p data-start=\"630\" data-end=\"750\">M\u016bs\u0173 krep\u0161i\u0173-k\u0117d\u017ei\u0173 u\u017epildo med\u017eiaga yra auk\u0161tos kokyb\u0117s <strong data-start=\"679\" data-end=\"709\">polistireninio putplas\u010dio granul\u0117s<\/strong>, tinkan\u010dios <strong data-start=\"723\" data-end=\"749\">visiems krep\u0161iams-k\u0117d\u0117ms<\/strong>.<\/p>\n<h2 data-start=\"757\" data-end=\"801\">\u2728 Kod\u0117l verta rinktis \u0161\u012f mai\u0161el\u012f k\u0117d\u0117je?<\/h2>\n<p data-start=\"803\" data-end=\"904\">  A <strong data-start=\"806\" data-end=\"837\">tkuria patogum\u0105 s\u0117dint krep\u0161yje<\/strong><br data-start=\"837\" data-end=\"840\">Granul\u0117s u\u017epildo tarpus ir s\u0117dint prisitaiko prie j\u016bs\u0173 k\u016bno formos.<\/p>\n<p data-start=\"906\" data-end=\"997\">  <strong data-start=\"909\" data-end=\"942\">Universalus krep\u0161io k\u0117d\u0117s u\u017epildas<\/strong><br data-start=\"942\" data-end=\"945\">Tinka \u012fvairi\u0173 gamintoj\u0173 ir modeli\u0173 krep\u0161iams-k\u0117d\u0117ms.<\/p>\n<p data-start=\"999\" data-end=\"1081\">\u267b\ufe0f <strong data-start=\"1002\" data-end=\"1021\">Lengva naudoti<\/strong><br data-start=\"1021\" data-end=\"1024\">Krep\u0161io-k\u0117d\u0117s u\u017epild\u0105 galima prid\u0117ti per ang\u0105 su krep\u0161iu-k\u0117d\u0117s u\u017eraktu.<\/p>\n<h2 data-start=\"1088\" data-end=\"1123\">  Galimi \u012fvair\u016bs dyd\u017eiai<\/h2>\n<p data-start=\"1125\" data-end=\"1234\">Krep\u0161io-k\u0117d\u0117s u\u017epildas gali b\u016bti <strong data-start=\"1155\" data-end=\"1182\">trij\u0173 skirting\u0173 kieki\u0173<\/strong>, tod\u0117l galite rasti savo krep\u0161iniui-k\u0117dei tinkam\u0105 u\u017epild\u0105:<\/p>\n<p data-start=\"1236\" data-end=\"1453\">&#8211; <strong data-start=\"1238\" data-end=\"1252\">30 litr\u0173<\/strong> &#8211; jei k\u0117d\u0117 su mai\u0161u ir audeklu tik \u0161iek tiek atsilenkia<br data-start=\"1298\" data-end=\"1301\">&#8211; <strong data-start=\"1303\" data-end=\"1317\">80 litr\u0173<\/strong> &#8211; jei k\u0117dei su mai\u0161u ir audeklu jau reikia gerokai padidinti<br data-start=\"1367\" data-end=\"1370\">&#8211; <strong data-start=\"1372\" data-end=\"1387\">150 litr\u0173<\/strong> &#8211; jei k\u0117d\u0117 su mai\u0161u ir audeklu labai atsilenkia ir j\u0105 reikia i\u0161 esm\u0117s atnaujinti.<\/p>\n<p data-start=\"1455\" data-end=\"1621\">  Populiariausias mai\u0161o k\u0117d\u0117s dydis yra <strong data-start=\"1497\" data-end=\"1512\">250 litr\u0173<\/strong>.<br data-start=\"1513\" data-end=\"1516\">Jei tokia mai\u0161o k\u0117d\u0117 yra tik \u0161iek tiek \u012fdubusi, paprastai u\u017etenka <strong data-start=\"1580\" data-end=\"1620\">30 litr\u0173 mai\u0161o k\u0117d\u0117s papildymo mai\u0161o<\/strong>.<\/p>\n<hr data-start=\"1623\" data-end=\"1626\">\n<h2 data-start=\"1628\" data-end=\"1668\"> \ufe0f Kokio dyd\u017eio mai\u0161\u0105-k\u0117d\u0117s u\u017epild\u0105 pasirinkti?<\/h2>\n<p data-start=\"1670\" data-end=\"1796\">\u2714\ufe0f <strong data-start=\"1673\" data-end=\"1702\">\u0160iek tiek \u012fdubusi krep\u0161io k\u0117d\u0117<\/strong> \u2192 30 l<br data-start=\"1709\" data-end=\"1712\">\u2714\ufe0f <strong data-start=\"1715\" data-end=\"1747\">Vidutini\u0161kai \u012fdubusi krep\u0161io k\u0117d\u0117<\/strong> \u2192 80 l<br data-start=\"1754\" data-end=\"1757\">\u2714\ufe0f <strong data-start=\"1760\" data-end=\"1786\">Labai \u012fdubusi krep\u0161io k\u0117d\u0117<\/strong> \u2192 150 l<\/p>\n<p data-start=\"1798\" data-end=\"1889\">Jei norite, \u012fdar\u0105 galite pilti <strong data-start=\"1833\" data-end=\"1850\">keliais etapais<\/strong>, kol pasieksite patog\u0173 lyg\u012f.<\/p>\n<hr data-start=\"1891\" data-end=\"1894\">\n<h2 data-start=\"1896\" data-end=\"1911\">  Pristatymo informacija<\/h2>\n<p data-start=\"1913\" data-end=\"1944\">  <strong data-start=\"1916\" data-end=\"1929\">Pristatymo laikas:<\/strong> 1-4 darbo dienos<\/p>\n<p data-start=\"1946\" data-end=\"2076\">  Krep\u0161eli\u0173-k\u0117d\u017ei\u0173 u\u017epild\u0105 galima u\u017esisakyti <strong data-start=\"1980\" data-end=\"2000\">tik per kurjer\u012f<\/strong>, nes u\u017epild\u0173 pakuot\u0117s netelpa \u012f automatus.<br data-start=\"2045\" data-end=\"2048\">  Pristatymas visoje Estijoje kainuoja <strong data-start=\"2068\" data-end=\"2076\">10 \u20ac.<\/strong><\/p>\n<p data-start=\"2078\" data-end=\"2159\">  Kurjeris susisieks su jumis prie\u0161 pristatym\u0105 ir susitars d\u0117l jums tinkamo laiko.<\/p>\n<p data-start=\"2078\" data-end=\"2159\">Jei pageidaujate, galite atvykti \u012f m\u016bs\u0173 sand\u0117l\u012f adresu Kanarbiku tee 15\/3, J\u00e4rvek\u00fcla, jums patogiu laiku.<\/p>\n<p data-start=\"2078\" data-end=\"2159\">Jei krep\u0161\u012f ir k\u0117d\u0119 ve\u017eate patys, papildom\u0173 transportavimo i\u0161laid\u0173 n\u0117ra.<\/p>\n<hr data-start=\"2161\" data-end=\"2164\">\n<h2 data-start=\"2166\" data-end=\"2217\">\u2753 Da\u017enai u\u017eduodami klausimai &#8211; mai\u0161elis k\u0117d\u0117je su \u012fdaru<\/h2>\n<p data-start=\"2219\" data-end=\"2379\"><strong data-start=\"2219\" data-end=\"2274\">Ar \u0161is k\u0117d\u0117s mai\u0161o u\u017epildas tinka kiekvienai k\u0117dei?<\/strong><br data-start=\"2274\" data-end=\"2277\">Taip. Polistireninio putplas\u010dio granul\u0117s tinka <strong data-start=\"2317\" data-end=\"2345\">daugumai krep\u0161i\u0173 k\u0117d\u017ei\u0173<\/strong>, nepriklausomai nuo j\u0173 mark\u0117s ar modelio. <\/p>\n<p data-start=\"2381\" data-end=\"2528\"><strong data-start=\"2381\" data-end=\"2427\">Ar sunku prid\u0117ti mai\u0161\u0173-k\u0117d\u017ei\u0173 u\u017epild\u0105?<\/strong><br data-start=\"2427\" data-end=\"2430\">Ne. Dauguma mai\u0161\u0173 k\u0117d\u017ei\u0173 turi u\u017erakinam\u0105 ang\u0105, kad b\u016bt\u0173 galima lengvai pasiekti u\u017epildymo granules.Parodyta papildomoje gaminio nuotraukoje. <\/p>\n<p data-start=\"2530\" data-end=\"2750\"><strong data-start=\"2530\" data-end=\"2571\">Kiek reikia u\u017epildo mai\u0161ui-k\u0117dutei?<\/strong><br data-start=\"2571\" data-end=\"2574\">Tai priklauso nuo to, kiek mai\u0161as-k\u0117dut\u0117 yra \u012flinkusi.<br data-start=\"2625\" data-end=\"2628\">\u0160iek tiek \u012flinkusiai mai\u0161ui-k\u0117dutei da\u017enai pakanka <strong data-start=\"2675\" data-end=\"2690\">30 litr\u0173<\/strong>, o labiau \u012flinkusiai mai\u0161ui-k\u0117dutei reikia <strong data-start=\"2727\" data-end=\"2749\">80 arba 150 litr\u0173<\/strong>.<\/p>\n<p data-start=\"2752\" data-end=\"2902\"><strong data-start=\"2752\" data-end=\"2809\">Ar galima vienu metu \u012f mai\u0161\u0105 \/ k\u0117d\u0119 \u012fd\u0117ti per daug \u012fdaro?<\/strong><br data-start=\"2809\" data-end=\"2812\">Rekomenduojame \u012fdar\u0105 d\u0117ti <strong data-start=\"2836\" data-end=\"2852\">palaipsniui,<\/strong> kad gal\u0117tum\u0117te i\u0161sirinkti jums tinkant\u012f \u012fdar\u0105.<\/p>\n<p data-start=\"2904\" data-end=\"3032\"><strong data-start=\"2904\" data-end=\"2939\">Ar saugus k\u0117d\u0117je esan\u010di\u0173 krep\u0161i\u0173 u\u017epildas?<\/strong><br data-start=\"2939\" data-end=\"2942\">Taip. Polistireninio putplas\u010dio granul\u0117s yra pla\u010diai naudojama ir saugi mai\u0161eli\u0173-k\u0117d\u017ei\u0173 u\u017epildymo med\u017eiaga. <\/p>\n<hr data-start=\"3034\" data-end=\"3037\">\n<h2 data-start=\"3039\" data-end=\"3073\">\u2b50 Suteikite savo krep\u0161io k\u0117dei nauj\u0105 gyvenim\u0105<\/h2>\n<p data-start=\"3075\" data-end=\"3286\">Jei j\u016bs\u0173 k\u0117d\u0117-mai\u0161as neb\u0117ra tokia patogi, kokia buvo anks\u010diau, <strong data-start=\"3132\" data-end=\"3153\">k\u0117d\u0117s-mai\u0161o u\u017epildas<\/strong> yra papras\u010diausias ir prieinamiausias sprendimas.<br data-start=\"3187\" data-end=\"3190\">\u012ed\u0117kite u\u017epildo, sureguliuokite patogum\u0105 ir v\u0117l m\u0117gaukit\u0117s patogiu s\u0117d\u0117jimu &#8211; <strong data-start=\"3252\" data-end=\"3283\">tereikia vieno mai\u0161o u\u017epildo<\/strong>  .<\/p>\n<p>&nbsp;<\/p>\n","protected":false},"excerpt":{"rendered":"<p>Mai\u0161\u0173-k\u0117d\u017ei\u0173 u\u017epildas &#8211; polistireninio putplas\u010dio granul\u0117s Krep\u0161inio k\u0117d\u0117s kim\u0161imas skirtas atkurti pirmin\u012f patogum\u0105 ir pirmin\u0119 k\u0117d\u0117s form\u0105.Jei laikui b\u0117gant k\u0117d\u0117 i\u0161sikreip\u0117 ir neb\u0117ra tokia patogi, kokia buvo anks\u010diau, k\u0117d\u0117s kim\u0161imas gali greitai ir lengvai atkurti pirmin\u0119 jos form\u0105. M\u016bs\u0173 krep\u0161i\u0173-k\u0117d\u017ei\u0173 u\u017epildo med\u017eiaga yra auk\u0161tos kokyb\u0117s polistireninio putplas\u010dio granul\u0117s, tinkan\u010dios visiems krep\u0161iams-k\u0117d\u0117ms. \u2728 Kod\u0117l verta rinktis [&hellip;]<\/p>\n","protected":false},"featured_media":265713,"comment_status":"open","ping_status":"closed","template":"","meta":{"_acf_changed":false},"product_brand":[],"product_cat":[410],"product_tag":[],"class_list":{"0":"post-265712","1":"product","2":"type-product","3":"status-publish","4":"has-post-thumbnail","6":"product_cat-vietines-gamybos-kedes-su-maisais","7":"product_shipping_class-tarneaeg-1-4-paeva","9":"first","10":"instock","11":"taxable","12":"shipping-taxable","13":"purchasable","14":"product-type-variable","15":"has-default-attributes","16":"add-to-wishlist-after_add_to_cart"},"acf":[],"_links":{"self":[{"href":"https:\/\/tellimused.stiilne.ee\/lt\/wp-json\/wp\/v2\/product\/265712","targetHints":{"allow":["GET"]}}],"collection":[{"href":"https:\/\/tellimused.stiilne.ee\/lt\/wp-json\/wp\/v2\/product"}],"about":[{"href":"https:\/\/tellimused.stiilne.ee\/lt\/wp-json\/wp\/v2\/types\/product"}],"replies":[{"embeddable":true,"href":"https:\/\/tellimused.stiilne.ee\/lt\/wp-json\/wp\/v2\/comments?post=265712"}],"wp:featuredmedia":[{"embeddable":true,"href":"https:\/\/tellimused.stiilne.ee\/lt\/wp-json\/wp\/v2\/media\/265713"}],"wp:attachment":[{"href":"https:\/\/tellimused.stiilne.ee\/lt\/wp-json\/wp\/v2\/media?parent=265712"}],"wp:term":[{"taxonomy":"product_brand","embeddable":true,"href":"https:\/\/tellimused.stiilne.ee\/lt\/wp-json\/wp\/v2\/product_brand?post=265712"},{"taxonomy":"product_cat","embeddable":true,"href":"https:\/\/tellimused.stiilne.ee\/lt\/wp-json\/wp\/v2\/product_cat?post=265712"},{"taxonomy":"product_tag","embeddable":true,"href":"https:\/\/tellimused.stiilne.ee\/lt\/wp-json\/wp\/v2\/product_tag?post=265712"}],"curies":[{"name":"wp","href":"https:\/\/api.w.org\/{rel}","templated":true}]}}