{"id":265717,"date":"2026-03-12T13:48:02","date_gmt":"2026-03-12T11:48:02","guid":{"rendered":"https:\/\/tellimused.stiilne.ee\/toode\/marco-mazzini-naturaalnahast-must-naiste-kaekott\/"},"modified":"2026-04-06T19:47:13","modified_gmt":"2026-04-06T16:47:13","slug":"marco-mazzini-naturaalnahast-must-naiste-kaekott-2","status":"publish","type":"product","link":"https:\/\/tellimused.stiilne.ee\/lt\/produktas\/marco-mazzini-naturaalnahast-must-naiste-kaekott-2\/","title":{"rendered":"Marco Mazzini naturaalnahast must naiste k\u00e4ekott"},"content":{"rendered":"<p>&nbsp;<\/p>\n<p>Koti materjaliks on pehme naturaalnahk<\/p>\n<p>Kotil on hea mugav reguleeritva \u00f5larihm<\/p>\n<p>Kott on pealt lukuga suletav ja kotil on sees v\u00e4iksemad lisataskud ning v\u00e4lisk\u00fcljel ka suurem lisatasku<\/p>\n<p>Koti m\u00f5\u00f5dud k\u00f5rgus 22 cm, laius 25 cm ja s\u00fcgavus 5 cm<\/p>\n<p>Kott on valminud k\u00e4sit\u00f6\u00f6na Itaalias<\/p>\n<p>Koti tarneaeg on keskmiselt 10 t\u00f6\u00f6p\u00e4eva<\/p>\n","protected":false},"excerpt":{"rendered":"<p>&nbsp; Koti materjaliks on pehme naturaalnahk Kotil on hea mugav reguleeritva \u00f5larihm Kott on pealt lukuga suletav ja kotil on sees v\u00e4iksemad lisataskud ning v\u00e4lisk\u00fcljel ka suurem lisatasku Koti m\u00f5\u00f5dud k\u00f5rgus 22 cm, laius 25 cm ja s\u00fcgavus 5 cm Kott on valminud k\u00e4sit\u00f6\u00f6na Itaalias Koti tarneaeg on keskmiselt 10 t\u00f6\u00f6p\u00e4eva<\/p>\n","protected":false},"featured_media":265718,"comment_status":"open","ping_status":"closed","template":"","meta":{"_acf_changed":false},"product_brand":[],"product_cat":[302],"product_tag":[],"class_list":{"0":"post-265717","1":"product","2":"type-product","3":"status-publish","4":"has-post-thumbnail","6":"product_cat-uncategorized","7":"product_shipping_class-tarneaeg-5-15-paeva","9":"first","10":"instock","11":"taxable","12":"shipping-taxable","13":"purchasable","14":"product-type-variable","15":"has-default-attributes","16":"add-to-wishlist-after_add_to_cart"},"acf":[],"_links":{"self":[{"href":"https:\/\/tellimused.stiilne.ee\/lt\/wp-json\/wp\/v2\/product\/265717","targetHints":{"allow":["GET"]}}],"collection":[{"href":"https:\/\/tellimused.stiilne.ee\/lt\/wp-json\/wp\/v2\/product"}],"about":[{"href":"https:\/\/tellimused.stiilne.ee\/lt\/wp-json\/wp\/v2\/types\/product"}],"replies":[{"embeddable":true,"href":"https:\/\/tellimused.stiilne.ee\/lt\/wp-json\/wp\/v2\/comments?post=265717"}],"wp:featuredmedia":[{"embeddable":true,"href":"https:\/\/tellimused.stiilne.ee\/lt\/wp-json\/wp\/v2\/media\/265718"}],"wp:attachment":[{"href":"https:\/\/tellimused.stiilne.ee\/lt\/wp-json\/wp\/v2\/media?parent=265717"}],"wp:term":[{"taxonomy":"product_brand","embeddable":true,"href":"https:\/\/tellimused.stiilne.ee\/lt\/wp-json\/wp\/v2\/product_brand?post=265717"},{"taxonomy":"product_cat","embeddable":true,"href":"https:\/\/tellimused.stiilne.ee\/lt\/wp-json\/wp\/v2\/product_cat?post=265717"},{"taxonomy":"product_tag","embeddable":true,"href":"https:\/\/tellimused.stiilne.ee\/lt\/wp-json\/wp\/v2\/product_tag?post=265717"}],"curies":[{"name":"wp","href":"https:\/\/api.w.org\/{rel}","templated":true}]}}