{"id":265720,"date":"2026-03-12T13:48:02","date_gmt":"2026-03-12T11:48:02","guid":{"rendered":"https:\/\/tellimused.stiilne.ee\/toode\/hide-stiches-naturaalnahast-stiilne-unisex-seljakott-must-klientide-lemmik-kohe-laos\/"},"modified":"2026-04-07T11:08:25","modified_gmt":"2026-04-07T08:08:25","slug":"hide-stiches-naturalios-odos-stilinga-unisex-kuprine-juodos-spalvos-clients-lemmik-work-islaikyta","status":"publish","type":"product","link":"https:\/\/tellimused.stiilne.ee\/lt\/produktas\/hide-stiches-naturalios-odos-stilinga-unisex-kuprine-juodos-spalvos-clients-lemmik-work-islaikyta\/","title":{"rendered":"HIDE STICHES nat\u016bralios odos stilinga unisex kuprin\u0117 juodos spalvos-KLIENT\u0172 M\u0116GSTAMIAUSIAS-WORK I\u0160LAIKYTA"},"content":{"rendered":"<p data-start=\"0\" data-end=\"69\"><strong data-start=\"0\" data-end=\"69\">Nat\u016bralios odos kuprin\u0117 &#8211; stilingas ir prakti\u0161kas kasdienis palydovas<\/strong><\/p>\n<p data-start=\"71\" data-end=\"291\">Klasikinio ir paprasto dizaino <strong data-start=\"104\" data-end=\"132\">nat\u016bralios odos kuprin\u0117<\/strong> puikiai tinka darbui, mokyklai ar atostogoms. Ji pakankamai didel\u0117, kad \u012f j\u0105 tilpt\u0173 visi daiktai, reikalingi visai dienai &#8211; patogi, patvari ir nepavaldi laikui.<\/p>\n<hr data-start=\"293\" data-end=\"296\" \/>\n<p data-start=\"298\" data-end=\"328\"><strong data-start=\"298\" data-end=\"328\">Prakti\u0161kas ir i\u0161manus turinys<\/strong><\/p>\n<p data-start=\"330\" data-end=\"548\">Kuprin\u0117s viduje rasite kelias <strong data-start=\"371\" data-end=\"392\">papildomas<\/strong> \u012fvairaus dyd\u017eio <strong data-start=\"371\" data-end=\"392\">ki\u0161enes su u\u017etrauktukais, kuriose<\/strong> gal\u0117site saugiai laikyti telefon\u0105, raktus, \u012fkrovikl\u012f ir kitus smulkius daiktus. Tai padeda i\u0161laikyti turin\u012f tvarking\u0105 ir lengvai randam\u0105.<\/p>\n<hr data-start=\"550\" data-end=\"553\" \/>\n<p data-start=\"555\" data-end=\"590\"><strong data-start=\"555\" data-end=\"590\">&#8222;Hide Stiches&#8221; kuprin\u0117 &#8222;Hide Stiches&#8221; kuprin\u0117 funkcijos<\/strong><\/p>\n<ul data-start=\"592\" data-end=\"909\">\n<li data-start=\"592\" data-end=\"645\">\n<p data-start=\"594\" data-end=\"645\">Pagaminta <strong data-start=\"606\" data-end=\"643\">i\u0161 auk\u0161tos kokyb\u0117s nat\u016bralios odos<\/strong><\/p>\n<\/li>\n<li data-start=\"646\" data-end=\"732\">\n<p data-start=\"648\" data-end=\"732\">D\u0117klo matmenys: <strong data-start=\"661\" data-end=\"677\">auk\u0161tis 39 cm,<\/strong> <strong data-start=\"679\" data-end=\"694\">plotis 29 cm<\/strong> &#8211; telpa <strong data-start=\"710\" data-end=\"730\">ne\u0161iojamasis kompiuteris iki 33 cm.<\/strong><\/p>\n<\/li>\n<li data-start=\"733\" data-end=\"785\">\n<p data-start=\"735\" data-end=\"785\">Vir\u0161uje <strong data-start=\"741\" data-end=\"759\">u\u017erakinama<\/strong>, kad b\u016bt\u0173 apsaugotas turinys<\/p>\n<\/li>\n<li data-start=\"786\" data-end=\"839\">\n<p data-start=\"788\" data-end=\"839\">Patogios papildomos ki\u0161en\u0117s viduje, kad gal\u0117tum\u0117te tvarkingai laikyti<\/p>\n<\/li>\n<li data-start=\"840\" data-end=\"909\">\n<p data-start=\"842\" data-end=\"909\"><strong data-start=\"842\" data-end=\"859\">&#8222;Unisex&#8221; dizainas<\/strong> &#8211; puikiai tinka ir vyrams, ir moterims<\/p>\n<\/li>\n<\/ul>\n<hr data-start=\"911\" data-end=\"914\" \/>\n<p data-start=\"916\" data-end=\"943\"><strong data-start=\"916\" data-end=\"943\">Greitas pristatymas<\/strong><\/p>\n<p data-start=\"945\" data-end=\"1041\">Kuprin\u0117 <strong data-start=\"958\" data-end=\"978\">turima sand\u0117lyje<\/strong>, tod\u0117l paprastai \u012f siunt\u0173 skyri\u0173 atkeliauja vos per kelias dienas.<\/p>\n<hr data-start=\"1043\" data-end=\"1046\" \/>\n<p data-start=\"1048\" data-end=\"1268\" data-is-last-node=\"\" data-is-only-node=\"\"><strong data-start=\"1048\" data-end=\"1090\">SEO raktiniai \u017eod\u017eiai (integruoti \u012f tekst\u0105):<\/strong><\/p>\n","protected":false},"excerpt":{"rendered":"<p>Nat\u016bralios odos kuprin\u0117 &#8211; stilingas ir prakti\u0161kas kasdienis palydovas Klasikinio ir paprasto dizaino nat\u016bralios odos kuprin\u0117 puikiai tinka darbui, mokyklai ar atostogoms. Ji pakankamai didel\u0117, kad \u012f j\u0105 tilpt\u0173 visi daiktai, reikalingi visai dienai &#8211; patogi, patvari ir nepavaldi laikui. Prakti\u0161kas ir i\u0161manus turinys Kuprin\u0117s viduje rasite kelias papildomas \u012fvairaus dyd\u017eio ki\u0161enes su u\u017etrauktukais, kuriose [&hellip;]<\/p>\n","protected":false},"featured_media":265721,"comment_status":"open","ping_status":"closed","template":"","meta":{"_acf_changed":false},"product_brand":[],"product_cat":[316,341],"product_tag":[],"class_list":{"0":"post-265720","1":"product","2":"type-product","3":"status-publish","4":"has-post-thumbnail","6":"product_cat-dovanos-vyrams","7":"product_cat-kuprines","8":"product_shipping_class-tarneaeg-1-4-paeva","10":"first","11":"instock","12":"sale","13":"taxable","14":"shipping-taxable","15":"purchasable","16":"product-type-variable","17":"has-default-attributes","18":"add-to-wishlist-after_add_to_cart"},"acf":[],"_links":{"self":[{"href":"https:\/\/tellimused.stiilne.ee\/lt\/wp-json\/wp\/v2\/product\/265720","targetHints":{"allow":["GET"]}}],"collection":[{"href":"https:\/\/tellimused.stiilne.ee\/lt\/wp-json\/wp\/v2\/product"}],"about":[{"href":"https:\/\/tellimused.stiilne.ee\/lt\/wp-json\/wp\/v2\/types\/product"}],"replies":[{"embeddable":true,"href":"https:\/\/tellimused.stiilne.ee\/lt\/wp-json\/wp\/v2\/comments?post=265720"}],"wp:featuredmedia":[{"embeddable":true,"href":"https:\/\/tellimused.stiilne.ee\/lt\/wp-json\/wp\/v2\/media\/265721"}],"wp:attachment":[{"href":"https:\/\/tellimused.stiilne.ee\/lt\/wp-json\/wp\/v2\/media?parent=265720"}],"wp:term":[{"taxonomy":"product_brand","embeddable":true,"href":"https:\/\/tellimused.stiilne.ee\/lt\/wp-json\/wp\/v2\/product_brand?post=265720"},{"taxonomy":"product_cat","embeddable":true,"href":"https:\/\/tellimused.stiilne.ee\/lt\/wp-json\/wp\/v2\/product_cat?post=265720"},{"taxonomy":"product_tag","embeddable":true,"href":"https:\/\/tellimused.stiilne.ee\/lt\/wp-json\/wp\/v2\/product_tag?post=265720"}],"curies":[{"name":"wp","href":"https:\/\/api.w.org\/{rel}","templated":true}]}}