{"id":265772,"date":"2026-03-12T13:46:22","date_gmt":"2026-03-12T11:46:22","guid":{"rendered":"https:\/\/tellimused.stiilne.ee\/toode\/kott-tool-relax-kollane-420-liitrit-kohe-laos-tarne-paar-paeva\/"},"modified":"2026-04-07T11:08:29","modified_gmt":"2026-04-07T08:08:29","slug":"krepsys-kede-relax-geltonas-420-litru-naudojamas-pristatome-per-kelias-dienas","status":"publish","type":"product","link":"https:\/\/tellimused.stiilne.ee\/lt\/produktas\/krepsys-kede-relax-geltonas-420-litru-naudojamas-pristatome-per-kelias-dienas\/","title":{"rendered":"Krep\u0161ys-k\u0117d\u0117 &#8222;Relax&#8221; geltonas 420 litr\u0173 &#8211; NAUDOJAMAS &#8211; Pristatome per kelias dienas"},"content":{"rendered":"<p>&nbsp;<\/p>\n<p>&#8222;Relax&#8221; &#8211; tai mink\u0161ta oda apmu\u0161tas mink\u0161tasuolio modelis su patogiu atlo\u0161u ir tvirtu galvos atlo\u0161u. Relax pagamintas i\u0161 patvarios dirbtin\u0117s odos, kuri\u0105 lengva valyti, tod\u0117l j\u012f galima laikinai naudoti ir lauke, sode ar terasoje. <\/p>\n<p>Krep\u0161ys &#8222;Relax&#8221; pagamintas i\u0161 tradicin\u0117s mink\u0161tos odin\u0117s med\u017eiagos, kuri visur pasiteisino &#8211; tinka naudoti ir patalpose, ir lauke, yra atspari vandeniui ir intensyviam naudojimui, j\u0105 labai lengva valyti dr\u0117gnu skudur\u0117liu.D\u0117l savo elastingos vidin\u0117s strukt\u016bros ji yra viena geriausi\u0173 krep\u0161i\u0173 k\u0117d\u017ei\u0173 apmu\u0161al\u0173 med\u017eiag\u0173, tiksliai prisitaikanti prie naudotojo k\u016bno form\u0173.<\/p>\n<p>Krep\u0161ys-k\u0117d\u0117 turi dvigub\u0105 dugn\u0105 su dvigubu u\u017eraktu, kuris u\u017etikrina, kad granul\u0117s efektyviai i\u0161likt\u0173 krep\u0161yje.Relax krep\u0161ys-k\u0117d\u0117 gali b\u016bti 26 skirting\u0173 spalv\u0173 dirbtin\u0117s odos &#8211; vis\u0105 spalv\u0173 pasirinkim\u0105 rasite po papildomomis kiekvieno Relax krep\u0161io-k\u0117d\u0117s nuotraukomis.<\/p>\n<p>Taigi kiekvienai spalvai ir kiekvienam interjerui tinka tinkama spalva.I\u0161 plataus krep\u0161i\u0173 k\u0117d\u017ei\u0173 spalv\u0173 pasirinkimo tikrai i\u0161sirinksite sau patinkan\u010di\u0105.<\/p>\n<p>M\u0117gaukit\u0117s m\u0117gstama knyga, puodeliu \u0161iltos arbatos, \u017eurnalu ar kita veikla patogiai \u012fsitais\u0119 fotelyje. S\u0117d\u0117dami mink\u0161tame kr\u0117sle galite prarasti save i\u0161tisas valandas. <\/p>\n<p>Krep\u0161ys &#8222;Relax&#8221; k\u0117d\u0117s funkcijos:<\/p>\n<ul>\n<li>26 skirting\u0173 spalv\u0173 dirbtin\u0117s odos krep\u0161iai-k\u0117d\u0117s<\/li>\n<li>Krep\u0161ys-k\u0117d\u0117 talpina 420 litr\u0173 ir tinka tiek vaikams, tiek suaugusiesiems.<\/li>\n<li>Krep\u0161ys-k\u0117d\u0117 su papildomu patogiu atlo\u0161u<\/li>\n<li>Krep\u0161ys-k\u0117d\u0117 pripildytas polistireninio putplas\u010dio granuli\u0173, kurios atsis\u0117dus \u012fgyja j\u016bs\u0173 k\u016bno form\u0105.<\/li>\n<li>Jei reikia, v\u0117liau per ang\u0105 su mai\u0161o ir k\u0117d\u0117s u\u017eraktu galite patys prid\u0117ti u\u017epild\u0105.<\/li>\n<li>Krep\u0161io k\u0117d\u0117s matmenys yra 85 (auk\u0161tis) x 85 (plotis) x 95 (gylis) cm.<\/li>\n<li>&#8222;Relax bag&#8221; k\u0117d\u0117 tinka namams, terasai, vaik\u0173 dar\u017eeliui ar biurui.<\/li>\n<li>Rank\u0173 darbo k\u0117d\u0117-mai\u0161as pagaminta Estijoje<\/li>\n<li>Krep\u0161inio k\u0117d\u0117 yra viena patogiausi\u0173 s\u0117dim\u0173j\u0173 pad\u0117\u010di\u0173, nes ji prisitaiko prie s\u0117din\u010diojo pad\u0117ties.<\/li>\n<\/ul>\n<p>&nbsp;<\/p>\n<p>Krep\u0161ys-k\u0117d\u0117 &#8222;Relax&#8221; pristatymo laikas 1-4 darbo dienos<\/p>\n<p><strong>D\u0116MESIO!Krep\u0161ys-mai\u0161as gali b\u016bti pristatytas tik per kurjer\u012f, nes jis netelpa \u012f siunt\u0173 pristatymo ma\u0161inas &#8211;<\/strong> u\u017esakant <strong>per kurjer\u012f<\/strong>, krep\u0161\u012f-kr\u0117sl\u0105 \u012f namus ar biur\u0105 pristatys &#8222;Venipak&#8221; kurjeris, kuris i\u0161 anksto su jumis susisieks ir suderins patog\u0173 pristatymo laik\u0105.<\/p>\n<p>Krep\u0161\u012f-k\u0117d\u0119 taip pat galima atsiimti m\u016bs\u0173 sand\u0117lyje Kanarbiku tee 15\/3, J\u00e4rvek\u00fcla &#8211; i\u0161 anksto susisieksime su jumis, jei krep\u0161ys-k\u0117d\u0117 bus paruo\u0161tas jums patogiu laiku.<\/p>\n<p>I\u0161sirinkite m\u0117gstam\u0105 k\u0117d\u0117s-mai\u0161o atspalv\u012f ir i\u0161bandykite j\u012f patys &#8211; iki s\u0117d\u0117jimo tr\u016bksta tik vienos k\u0117d\u0117s-mai\u0161o:)<\/p>\n","protected":false},"excerpt":{"rendered":"<p>&nbsp; &#8222;Relax&#8221; &#8211; tai mink\u0161ta oda apmu\u0161tas mink\u0161tasuolio modelis su patogiu atlo\u0161u ir tvirtu galvos atlo\u0161u. Relax pagamintas i\u0161 patvarios dirbtin\u0117s odos, kuri\u0105 lengva valyti, tod\u0117l j\u012f galima laikinai naudoti ir lauke, sode ar terasoje. Krep\u0161ys &#8222;Relax&#8221; pagamintas i\u0161 tradicin\u0117s mink\u0161tos odin\u0117s med\u017eiagos, kuri visur pasiteisino &#8211; tinka naudoti ir patalpose, ir lauke, yra atspari [&hellip;]<\/p>\n","protected":false},"featured_media":265773,"comment_status":"open","ping_status":"closed","template":"","meta":{"_acf_changed":false},"product_brand":[],"product_cat":[414,410],"product_tag":[],"class_list":{"0":"post-265772","1":"product","2":"type-product","3":"status-publish","4":"has-post-thumbnail","6":"product_cat-vaikams","7":"product_cat-vietines-gamybos-kedes-su-maisais","8":"product_shipping_class-tarneaeg-1-4-paeva","10":"first","11":"instock","12":"sale","13":"taxable","14":"shipping-taxable","15":"purchasable","16":"product-type-variable","17":"has-default-attributes","18":"add-to-wishlist-after_add_to_cart"},"acf":[],"_links":{"self":[{"href":"https:\/\/tellimused.stiilne.ee\/lt\/wp-json\/wp\/v2\/product\/265772","targetHints":{"allow":["GET"]}}],"collection":[{"href":"https:\/\/tellimused.stiilne.ee\/lt\/wp-json\/wp\/v2\/product"}],"about":[{"href":"https:\/\/tellimused.stiilne.ee\/lt\/wp-json\/wp\/v2\/types\/product"}],"replies":[{"embeddable":true,"href":"https:\/\/tellimused.stiilne.ee\/lt\/wp-json\/wp\/v2\/comments?post=265772"}],"wp:featuredmedia":[{"embeddable":true,"href":"https:\/\/tellimused.stiilne.ee\/lt\/wp-json\/wp\/v2\/media\/265773"}],"wp:attachment":[{"href":"https:\/\/tellimused.stiilne.ee\/lt\/wp-json\/wp\/v2\/media?parent=265772"}],"wp:term":[{"taxonomy":"product_brand","embeddable":true,"href":"https:\/\/tellimused.stiilne.ee\/lt\/wp-json\/wp\/v2\/product_brand?post=265772"},{"taxonomy":"product_cat","embeddable":true,"href":"https:\/\/tellimused.stiilne.ee\/lt\/wp-json\/wp\/v2\/product_cat?post=265772"},{"taxonomy":"product_tag","embeddable":true,"href":"https:\/\/tellimused.stiilne.ee\/lt\/wp-json\/wp\/v2\/product_tag?post=265772"}],"curies":[{"name":"wp","href":"https:\/\/api.w.org\/{rel}","templated":true}]}}