{"id":265781,"date":"2026-03-12T13:45:47","date_gmt":"2026-03-12T11:45:47","guid":{"rendered":"https:\/\/tellimused.stiilne.ee\/toode\/five-seasons-amira-naiste-termopesu-komplektsark-puksid-kohe-laos-super-hind\/"},"modified":"2026-04-07T11:08:27","modified_gmt":"2026-04-07T08:08:27","slug":"five-seasons-amira-moteriskas-termodrabuziu-rinkinys-marskiniai-ir-kelnes-naudojamas-maziau-kainos","status":"publish","type":"product","link":"https:\/\/tellimused.stiilne.ee\/lt\/produktas\/five-seasons-amira-moteriskas-termodrabuziu-rinkinys-marskiniai-ir-kelnes-naudojamas-maziau-kainos\/","title":{"rendered":"Five Seasons Amira moteri\u0161kas termodrabu\u017ei\u0173 rinkinys (mar\u0161kiniai ir keln\u0117s) &#8211; NAUDOJAMAS &#8211; MA\u017dIAU KAINOS"},"content":{"rendered":"<p data-start=\"0\" data-end=\"80\"><strong data-start=\"0\" data-end=\"80\">&#8222;Five Seasons Amira&#8221; moteri\u0161ki termo drabu\u017eiai &#8211; lengvi, \u0161ilti ir patog\u016bs \u0161altam orui.<\/strong><\/p>\n<p data-start=\"82\" data-end=\"403\">&#8222;Five Seasons Amira&#8221; <strong data-start=\"101\" data-end=\"130\">moteri\u0161kas termo drabu\u017ei\u0173 komplektas<\/strong> yra tobulas apatinis sluoksnis \u017eiemos pramogoms &#8211; nesvarbu, ar keliaujate \u012f \u017eyg\u012f, ar slidin\u0117jate, ar tiesiog v\u0117si\u0105 dien\u0105 i\u0161einate \u012f lauk\u0105. Lengvas ir plonas termo apklotas i\u0161laiko k\u016bno \u0161ilum\u0105, \u0161alina dr\u0117gm\u0119 ir greitai d\u017ei\u016bsta, kad b\u016bt\u0173 patogus vis\u0105 dien\u0105. <\/p>\n<p data-start=\"410\" data-end=\"436\"><strong data-start=\"410\" data-end=\"436\">Patogus ir funkcionalus dizainas<\/strong><\/p>\n<p data-start=\"438\" data-end=\"723\">\u0160iluminiai skalbimo mar\u0161kin\u0117liai turi <strong data-start=\"458\" data-end=\"477\">reglano rankoves,<\/strong> kad b\u016bt\u0173 galima laisviau jud\u0117ti, o keln\u0117s turi <strong data-start=\"529\" data-end=\"561\">elasting\u0105 ir mink\u0161t\u0105 elasting\u0105 juosmen\u012f<\/strong>, kuris nesipu\u010dia ir netrukdo jud\u0117ti. Rinkin\u012f sudaro <strong data-start=\"615\" data-end=\"659\">ilgos keln\u0117s ir mar\u0161kin\u0117liai ilgomis rankov\u0117mis<\/strong>, puikiai tinkantys kaip kasdienis apatinis sluoksnis \u0161altu oru. <\/p>\n<p data-start=\"730\" data-end=\"773\"><strong data-start=\"730\" data-end=\"773\">Auk\u0161tos kokyb\u0117s med\u017eiaga ir stilinga i\u0161vaizda<\/strong><\/p>\n<ul data-start=\"775\" data-end=\"989\">\n<li data-start=\"775\" data-end=\"839\">\n<p data-start=\"777\" data-end=\"839\">Audinys: <strong data-start=\"787\" data-end=\"805\">100% poliesteris<\/strong> &#8211; mink\u0161tas, \u0161iltas ir greitai d\u017ei\u016bstantis.<\/p>\n<\/li>\n<li data-start=\"840\" data-end=\"908\">\n<p data-start=\"842\" data-end=\"908\">Spalva: <strong data-start=\"850\" data-end=\"858\">juoda,<\/strong> pary\u0161kinta <strong data-start=\"875\" data-end=\"906\">kontrastingomis ro\u017ein\u0117mis si\u016bl\u0117mis<\/strong><\/p>\n<\/li>\n<li data-start=\"909\" data-end=\"989\">\n<p data-start=\"911\" data-end=\"989\">Rinkinys supakuotas \u012f gra\u017ei\u0105 dovan\u0173 d\u0117\u017eut\u0119 &#8211; puikiai tinka <strong data-start=\"973\" data-end=\"989\">kal\u0117din\u0117ms dovanoms<\/strong>.<\/p>\n<\/li>\n<\/ul>\n<p data-start=\"996\" data-end=\"1011\"><strong data-start=\"996\" data-end=\"1011\">Greitas pristatymas<\/strong><\/p>\n<p data-start=\"1013\" data-end=\"1167\">Terminis skalbiklis <strong data-start=\"1026\" data-end=\"1046\">i\u0161 karto b\u016bna sand\u0117lyje<\/strong> ir paprastai siunt\u0173 ma\u0161in\u0105 pasiekia per por\u0105 dien\u0173.<br data-start=\"1095\" data-end=\"1098\">U\u017esakymai, pateikti darbo dienomis iki 17:00, i\u0161siun\u010diami t\u0105 pa\u010di\u0105 dien\u0105.<\/p>\n<p data-start=\"1013\" data-end=\"1167\">Paskutin\u0117 data, iki kurios galima u\u017esisakyti kal\u0117din\u0119 dovan\u0105 i\u0161 siunt\u0173 ma\u0161inos, yra 20.12. iki 17.00 val. <\/p>\n<hr data-start=\"1169\" data-end=\"1172\">\n<p data-start=\"1174\" data-end=\"1419\" data-is-last-node=\"\" data-is-only-node=\"\"><b>Produkt\u0105 taip pat galite \u012fsigyti tiesiai i\u0161 m\u016bs\u0173 sand\u0117lio, esan\u010dio Kanarbiku tee 15\/3, J\u00e4rvek\u00fcla &#8211; 5 minut\u0117s kelio automobiliu nuo \u00dclemiste centro.<\/b><\/p>\n<p>&nbsp;<\/p>\n","protected":false},"excerpt":{"rendered":"<p>&#8222;Five Seasons Amira&#8221; moteri\u0161ki termo drabu\u017eiai &#8211; lengvi, \u0161ilti ir patog\u016bs \u0161altam orui. &#8222;Five Seasons Amira&#8221; moteri\u0161kas termo drabu\u017ei\u0173 komplektas yra tobulas apatinis sluoksnis \u017eiemos pramogoms &#8211; nesvarbu, ar keliaujate \u012f \u017eyg\u012f, ar slidin\u0117jate, ar tiesiog v\u0117si\u0105 dien\u0105 i\u0161einate \u012f lauk\u0105. Lengvas ir plonas termo apklotas i\u0161laiko k\u016bno \u0161ilum\u0105, \u0161alina dr\u0117gm\u0119 ir greitai d\u017ei\u016bsta, kad [&hellip;]<\/p>\n","protected":false},"featured_media":265782,"comment_status":"open","ping_status":"closed","template":"","meta":{"_acf_changed":false},"product_brand":[],"product_cat":[319,347,295,425,301],"product_tag":[],"class_list":{"0":"post-265781","1":"product","2":"type-product","3":"status-publish","4":"has-post-thumbnail","6":"product_cat-dovanos-moterims","7":"product_cat-moteriski-apatiniai","8":"product_cat-moteriski-megztiniai-marskineliai","9":"product_cat-termoplovimas","10":"product_cat-zieminiai-paltukai-iki-60","11":"product_shipping_class-tarneaeg-1-4-paeva","13":"first","14":"instock","15":"sale","16":"taxable","17":"shipping-taxable","18":"purchasable","19":"product-type-variable","20":"has-default-attributes","21":"add-to-wishlist-after_add_to_cart"},"acf":[],"_links":{"self":[{"href":"https:\/\/tellimused.stiilne.ee\/lt\/wp-json\/wp\/v2\/product\/265781","targetHints":{"allow":["GET"]}}],"collection":[{"href":"https:\/\/tellimused.stiilne.ee\/lt\/wp-json\/wp\/v2\/product"}],"about":[{"href":"https:\/\/tellimused.stiilne.ee\/lt\/wp-json\/wp\/v2\/types\/product"}],"replies":[{"embeddable":true,"href":"https:\/\/tellimused.stiilne.ee\/lt\/wp-json\/wp\/v2\/comments?post=265781"}],"wp:featuredmedia":[{"embeddable":true,"href":"https:\/\/tellimused.stiilne.ee\/lt\/wp-json\/wp\/v2\/media\/265782"}],"wp:attachment":[{"href":"https:\/\/tellimused.stiilne.ee\/lt\/wp-json\/wp\/v2\/media?parent=265781"}],"wp:term":[{"taxonomy":"product_brand","embeddable":true,"href":"https:\/\/tellimused.stiilne.ee\/lt\/wp-json\/wp\/v2\/product_brand?post=265781"},{"taxonomy":"product_cat","embeddable":true,"href":"https:\/\/tellimused.stiilne.ee\/lt\/wp-json\/wp\/v2\/product_cat?post=265781"},{"taxonomy":"product_tag","embeddable":true,"href":"https:\/\/tellimused.stiilne.ee\/lt\/wp-json\/wp\/v2\/product_tag?post=265781"}],"curies":[{"name":"wp","href":"https:\/\/api.w.org\/{rel}","templated":true}]}}