{"id":265794,"date":"2026-03-12T13:45:47","date_gmt":"2026-03-12T11:45:47","guid":{"rendered":"https:\/\/tellimused.stiilne.ee\/toode\/five-seasons-balder-meeste-termopesu-komplektsarkpuksid-kohe-laos-super-hind\/"},"modified":"2026-04-07T11:08:27","modified_gmt":"2026-04-07T08:08:27","slug":"five-seasons-balder-vyriskas-termodrabuziu-rinkinys-marskiniai-ir-kelnes-naudojamasi-ispardavimui-kaina","status":"publish","type":"product","link":"https:\/\/tellimused.stiilne.ee\/lt\/produktas\/five-seasons-balder-vyriskas-termodrabuziu-rinkinys-marskiniai-ir-kelnes-naudojamasi-ispardavimui-kaina\/","title":{"rendered":"Five Seasons Balder vyri\u0161kas termodrabu\u017ei\u0173 rinkinys (mar\u0161kiniai ir keln\u0117s) &#8211; NAUDOJAMASI I\u0160PARDAVIMUI KAINA"},"content":{"rendered":"<p><strong style=\"font-size: 1rem;\" data-start=\"0\" data-end=\"84\">&#8222;Five Seasons Balder&#8221; vyri\u0161kas termo drabu\u017ei\u0173 rinkinys (mar\u0161kiniai ir ilgos keln\u0117s) &#8211; \u0161iltas, mink\u0161tas ir visada pasiruo\u0161\u0119s \u017eiemos dienai.<\/strong><\/p>\n<div class=\"relative basis-auto flex-col -mb-(--composer-overlap-px) [--composer-overlap-px:28px] grow flex overflow-hidden\">\n<div class=\"relative h-full\">\n<div class=\"flex h-full flex-col overflow-y-auto thread-xl:pt-(--header-height) [scrollbar-gutter:stable_both-edges]\">\n<div class=\"flex flex-col text-sm thread-xl:pt-header-height pb-25\">\n<article class=\"text-token-text-primary w-full focus:outline-none [--shadow-height:45px] has-data-writing-block:pointer-events-none has-data-writing-block:-mt-(--shadow-height) has-data-writing-block:pt-(--shadow-height) [&amp;:has([data-writing-block])&gt;*]:pointer-events-auto [content-visibility:auto] supports-[content-visibility:auto]:[contain-intrinsic-size:auto_100lvh] scroll-mt-[calc(var(--header-height)+min(200px,max(70px,20svh)))]\" dir=\"auto\" tabindex=\"-1\" data-turn-id=\"request-WEB:dde00b73-96c5-4716-9a0a-66cc618d40c7-0\" data-testid=\"conversation-turn-2\" data-scroll-anchor=\"true\" data-turn=\"assistant\">\n<div class=\"text-base my-auto mx-auto pb-10 [--thread-content-margin:--spacing(4)] thread-sm:[--thread-content-margin:--spacing(6)] thread-lg:[--thread-content-margin:--spacing(16)] px-(--thread-content-margin)\">\n<div class=\"[--thread-content-max-width:40rem] thread-lg:[--thread-content-max-width:48rem] mx-auto max-w-(--thread-content-max-width) flex-1 group\/turn-messages focus-visible:outline-hidden relative flex w-full min-w-0 flex-col agent-turn\" tabindex=\"-1\">\n<div class=\"flex max-w-full flex-col grow\">\n<div class=\"min-h-8 text-message relative flex w-full flex-col items-end gap-2 text-start break-words whitespace-normal [.text-message+&amp;]:mt-1\" dir=\"auto\" data-message-author-role=\"assistant\" data-message-id=\"7e449ccd-52ad-4df5-881a-74b87496aad9\" data-message-model-slug=\"gpt-5-1\">\n<div class=\"flex w-full flex-col gap-1 empty:hidden first:pt-[1px]\">\n<div class=\"markdown prose dark:prose-invert w-full break-words light markdown-new-styling\">\n<p data-start=\"86\" data-end=\"346\">&#8222;Five Seasons Balder&#8221; termo drabu\u017eiai su\u0161ildys \u0161altyje, nesvarbu, ar vykstate \u012f \u017eiemos \u017eyg\u012f, slidin\u0117jimo atostogas, ar tiesiog v\u0117si\u0105 dien\u0105 lauke. D\u0117vimas kaip plonas, bet efektyvus apatinis sluoksnis, jis gerai nuvalo dr\u0117gm\u0119, greitai d\u017ei\u016bsta ir i\u0161lieka patogus judant. <\/p>\n<p data-start=\"348\" data-end=\"591\">Rinkin\u012f sudaro ilgos keln\u0117s ir mar\u0161kin\u0117liai ilgomis rankov\u0117mis. Elastingas ir patogus elastingas juosmuo bei mink\u0161ta med\u017eiaga u\u017etikrina puiki\u0105 jud\u0117jimo laisv\u0119. Juodi termodrabu\u017eiai \u0161iek tiek sporti\u0161kesni d\u0117l kontrasting\u0173 m\u0117lyn\u0173 si\u016bli\u0173.  <\/p>\n<p data-start=\"593\" data-end=\"679\">&#8222;Balder&#8217;s Thermal&#8221; skalbiniai pagaminti i\u0161 100 % poliesterio &#8211; jie lengvi, \u0161ilti ir malon\u016bs odai.<\/p>\n<p data-start=\"681\" data-end=\"815\">Rinkinys supakuotas \u012f daili\u0105 dovan\u0173 d\u0117\u017eut\u0119, tod\u0117l puikiai tinka kaip kal\u0117din\u0117 dovana ar \u017eiemos staigmena artimiesiems.<\/p>\n<p data-start=\"817\" data-end=\"962\" data-is-last-node=\"\" data-is-only-node=\"\"><strong data-start=\"817\" data-end=\"833\">Yra sand\u0117lyje!<\/strong><br data-start=\"833\" data-end=\"836\">U\u017esakymai, pateikti iki 17:00 val. darbo dienomis, bus i\u0161si\u0173sti t\u0105 pa\u010di\u0105 dien\u0105.<\/p>\n<p data-start=\"817\" data-end=\"962\" data-is-last-node=\"\" data-is-only-node=\"\">Siuntinys paprastai pasiekia siunt\u0173 automat\u0105 vos per kelias dienas.<\/p>\n<\/div>\n<\/div>\n<\/div>\n<\/div>\n<div class=\"z-0 flex min-h-[46px] justify-start\"><\/div>\n<\/div>\n<\/div>\n<\/article>\n<div><\/div>\n<\/div>\n<\/div>\n<\/div>\n<\/div>\n","protected":false},"excerpt":{"rendered":"<p>&#8222;Five Seasons Balder&#8221; vyri\u0161kas termo drabu\u017ei\u0173 rinkinys (mar\u0161kiniai ir ilgos keln\u0117s) &#8211; \u0161iltas, mink\u0161tas ir visada pasiruo\u0161\u0119s \u017eiemos dienai. &#8222;Five Seasons Balder&#8221; termo drabu\u017eiai su\u0161ildys \u0161altyje, nesvarbu, ar vykstate \u012f \u017eiemos \u017eyg\u012f, slidin\u0117jimo atostogas, ar tiesiog v\u0117si\u0105 dien\u0105 lauke. D\u0117vimas kaip plonas, bet efektyvus apatinis sluoksnis, jis gerai nuvalo dr\u0117gm\u0119, greitai d\u017ei\u016bsta ir i\u0161lieka patogus [&hellip;]<\/p>\n","protected":false},"featured_media":265795,"comment_status":"open","ping_status":"closed","template":"","meta":{"_acf_changed":false},"product_brand":[],"product_cat":[316,304,425,362],"product_tag":[],"class_list":{"0":"post-265794","1":"product","2":"type-product","3":"status-publish","4":"has-post-thumbnail","6":"product_cat-dovanos-vyrams","7":"product_cat-huppa-vyriski-ir-berniuku-ziemos-striukes","8":"product_cat-termoplovimas","9":"product_cat-vyrams-2","10":"product_shipping_class-tarneaeg-1-4-paeva","12":"first","13":"instock","14":"sale","15":"taxable","16":"shipping-taxable","17":"purchasable","18":"product-type-variable","19":"has-default-attributes","20":"add-to-wishlist-after_add_to_cart"},"acf":[],"_links":{"self":[{"href":"https:\/\/tellimused.stiilne.ee\/lt\/wp-json\/wp\/v2\/product\/265794","targetHints":{"allow":["GET"]}}],"collection":[{"href":"https:\/\/tellimused.stiilne.ee\/lt\/wp-json\/wp\/v2\/product"}],"about":[{"href":"https:\/\/tellimused.stiilne.ee\/lt\/wp-json\/wp\/v2\/types\/product"}],"replies":[{"embeddable":true,"href":"https:\/\/tellimused.stiilne.ee\/lt\/wp-json\/wp\/v2\/comments?post=265794"}],"wp:featuredmedia":[{"embeddable":true,"href":"https:\/\/tellimused.stiilne.ee\/lt\/wp-json\/wp\/v2\/media\/265795"}],"wp:attachment":[{"href":"https:\/\/tellimused.stiilne.ee\/lt\/wp-json\/wp\/v2\/media?parent=265794"}],"wp:term":[{"taxonomy":"product_brand","embeddable":true,"href":"https:\/\/tellimused.stiilne.ee\/lt\/wp-json\/wp\/v2\/product_brand?post=265794"},{"taxonomy":"product_cat","embeddable":true,"href":"https:\/\/tellimused.stiilne.ee\/lt\/wp-json\/wp\/v2\/product_cat?post=265794"},{"taxonomy":"product_tag","embeddable":true,"href":"https:\/\/tellimused.stiilne.ee\/lt\/wp-json\/wp\/v2\/product_tag?post=265794"}],"curies":[{"name":"wp","href":"https:\/\/api.w.org\/{rel}","templated":true}]}}