{"id":265828,"date":"2026-03-12T13:45:01","date_gmt":"2026-03-12T11:45:01","guid":{"rendered":"https:\/\/tellimused.stiilne.ee\/toode\/micmacbags-naturaalnahast-must-olakott-kohe-laos-hea-hind\/"},"modified":"2026-04-07T11:08:26","modified_gmt":"2026-04-07T08:08:26","slug":"micmacbags-naturalios-odos-juoda-rankine-per-peti-naujos-ispardavimai-didele-kaina","status":"publish","type":"product","link":"https:\/\/tellimused.stiilne.ee\/lt\/produktas\/micmacbags-naturalios-odos-juoda-rankine-per-peti-naujos-ispardavimai-didele-kaina\/","title":{"rendered":"MICMACBAGS nat\u016bralios odos juoda rankin\u0117 per pet\u012f &#8211; NAUJOS I\u0160PARDAVIMAI &#8211; DIDEL\u0116 KAINA"},"content":{"rendered":"<p>Krep\u0161io med\u017eiaga nat\u016brali oda<\/p>\n<p>Matmenys auk\u0161tis 28 cm, plotis 26 cm ir gylis 9 cm<\/p>\n<p>Krep\u0161ys u\u017esegamas vir\u0161utiniu u\u017eraktu<\/p>\n<p>Stilingas, paprasto dizaino, didelis krep\u0161ys, kuriame telpa viskas, ko reikia visai dienai<\/p>\n<p>Krep\u0161ys dabar yra sand\u0117lyje &#8211; pristatymas per kelias dienas.<\/p>\n","protected":false},"excerpt":{"rendered":"<p>Krep\u0161io med\u017eiaga nat\u016brali oda Matmenys auk\u0161tis 28 cm, plotis 26 cm ir gylis 9 cm Krep\u0161ys u\u017esegamas vir\u0161utiniu u\u017eraktu Stilingas, paprasto dizaino, didelis krep\u0161ys, kuriame telpa viskas, ko reikia visai dienai Krep\u0161ys dabar yra sand\u0117lyje &#8211; pristatymas per kelias dienas.<\/p>\n","protected":false},"featured_media":265829,"comment_status":"open","ping_status":"closed","template":"","meta":{"_acf_changed":false},"product_brand":[],"product_cat":[322],"product_tag":[],"class_list":{"0":"post-265828","1":"product","2":"type-product","3":"status-publish","4":"has-post-thumbnail","6":"product_cat-didesnes-rankines","7":"product_shipping_class-tarneaeg-1-4-paeva","9":"first","10":"instock","11":"sale","12":"taxable","13":"shipping-taxable","14":"purchasable","15":"product-type-variable","16":"has-default-attributes","17":"add-to-wishlist-after_add_to_cart"},"acf":[],"_links":{"self":[{"href":"https:\/\/tellimused.stiilne.ee\/lt\/wp-json\/wp\/v2\/product\/265828","targetHints":{"allow":["GET"]}}],"collection":[{"href":"https:\/\/tellimused.stiilne.ee\/lt\/wp-json\/wp\/v2\/product"}],"about":[{"href":"https:\/\/tellimused.stiilne.ee\/lt\/wp-json\/wp\/v2\/types\/product"}],"replies":[{"embeddable":true,"href":"https:\/\/tellimused.stiilne.ee\/lt\/wp-json\/wp\/v2\/comments?post=265828"}],"wp:featuredmedia":[{"embeddable":true,"href":"https:\/\/tellimused.stiilne.ee\/lt\/wp-json\/wp\/v2\/media\/265829"}],"wp:attachment":[{"href":"https:\/\/tellimused.stiilne.ee\/lt\/wp-json\/wp\/v2\/media?parent=265828"}],"wp:term":[{"taxonomy":"product_brand","embeddable":true,"href":"https:\/\/tellimused.stiilne.ee\/lt\/wp-json\/wp\/v2\/product_brand?post=265828"},{"taxonomy":"product_cat","embeddable":true,"href":"https:\/\/tellimused.stiilne.ee\/lt\/wp-json\/wp\/v2\/product_cat?post=265828"},{"taxonomy":"product_tag","embeddable":true,"href":"https:\/\/tellimused.stiilne.ee\/lt\/wp-json\/wp\/v2\/product_tag?post=265828"}],"curies":[{"name":"wp","href":"https:\/\/api.w.org\/{rel}","templated":true}]}}