{"id":265834,"date":"2026-03-12T13:44:39","date_gmt":"2026-03-12T11:44:39","guid":{"rendered":"https:\/\/tellimused.stiilne.ee\/toode\/huppa-poiste-talveparka-david-sinine-kunstkarvaga-200-grammi-soojustusega-vihma-ja-tuulekindel-kohe-laos-super-hind\/"},"modified":"2026-04-07T11:08:36","modified_gmt":"2026-04-07T08:08:36","slug":"huppa-berniuku-ziemine-striuke-david-blue-su-art-cover-200-g-izoliacija-atspari-vejui-ir-lietui-isparduoti-sandelyje-nemokama-kaina","status":"publish","type":"product","link":"https:\/\/tellimused.stiilne.ee\/lt\/produktas\/huppa-berniuku-ziemine-striuke-david-blue-su-art-cover-200-g-izoliacija-atspari-vejui-ir-lietui-isparduoti-sandelyje-nemokama-kaina\/","title":{"rendered":"HUPPA Berniuk\u0173 \u017eiemin\u0117 striuk\u0117 David blue su ART COVER 200 g izoliacija, atspari v\u0117jui ir lietui &#8211; I\u0160PARDUOTI sand\u0117lyje &#8211; NEMOKAMA KAINA"},"content":{"rendered":"<p>&nbsp;<\/p>\n<p>Madingo kirpimo berniuk\u0173 200 g parka puikiai tinka d\u0117v\u0117ti kasdien ruden\u012f ir \u017eiem\u0105.<\/p>\n<p>I\u0161orinis audinys yra atsparus v\u0117jui ir vandeniui, o u\u017eklijuotos si\u016bl\u0117s u\u017etikrina \u0161ilum\u0105 ir sausum\u0105, net kai aktyviai sportuojate. Kr\u016btin\u0117s ki\u0161en\u0117s u\u017esegamos u\u017etrauktukais, o priekin\u0117s ki\u0161en\u0117s turi magnetinius u\u017etrauktukus. KUNST gobtuvas su nuimamu kra\u0161tu ir u\u017etrauktuku. Kad b\u016bt\u0173 matomas tamsoje, ant nugaros ir rankovi\u0173 yra \u0161vies\u0105 atspindin\u010dios detal\u0117s.   <\/p>\n<p>&#8222;Huppa David&#8221; berniuk\u0173 striuk\u0117 Savyb\u0117s:<\/p>\n<ul>\n<li>Atsparus v\u0117jui ir vandeniui<\/li>\n<li>Atspindin\u010dios detal\u0117s priekyje, gale ir ant gaubto<\/li>\n<li>U\u017eklijuotos si\u016bl\u0117s<\/li>\n<li>Didel\u0117 vidin\u0117 ki\u0161en\u0117 su u\u017eraktu<\/li>\n<li>Ki\u0161en\u0117s su u\u017eraktais<\/li>\n<li>Dvigubas u\u017eraktas<\/li>\n<li>Guminis virv\u0117s ribotuvas liemeniui reguliuoti<\/li>\n<li>Gaubtas su guma<\/li>\n<li>Reguliuojama rankovi\u0173 apykakl\u0117<\/li>\n<li>&#8222;Sonic&#8221; rankov\u0117s rankogalis &#8211; kad \u0161altas oras nepatekt\u0173 \u012f rankov\u0119<\/li>\n<\/ul>\n<p>Technin\u0117s audinio vert\u0117s: 10 000\/10 000 (atsparumas vandeniui ir elastingumas)<\/p>\n<p>Audinys: 100% poliesteris<\/p>\n<p>Pamu\u0161alas: taftos pamu\u0161alas, dirbtinio kailio pamu\u0161alas, trikota\u017eo vilnos pamu\u0161alas &#8211; 100 % poliesteris.<\/p>\n<p>&nbsp;<\/p>\n<p>Gra\u017ei ir kokybi\u0161ka ilgesn\u0117 \u0161ilta berniuk\u0173 striuk\u0117 \u017eiemos sezonui.<\/p>\n<p>Su \u0161ia striuke vaikui bus \u0161ilta, sausa ir patogu d\u0117v\u0117ti.<\/p>\n<p>Apgalvotas dizainas ir auk\u0161tos kokyb\u0117s med\u017eiagos u\u017etikrina geriausias eksploatacines savybes, tod\u0117l \u0161i berniuki\u0161ka striuk\u0117 yra populiariausia &#8222;Huppa&#8221; berniuki\u0161ka \u017eiemos sezono striuk\u0117.<\/p>\n<p>Pristatymo laikas 1-4 dienos<\/p>\n<p>&nbsp;<\/p>\n<p>&nbsp;<\/p>\n","protected":false},"excerpt":{"rendered":"<p>&nbsp; Madingo kirpimo berniuk\u0173 200 g parka puikiai tinka d\u0117v\u0117ti kasdien ruden\u012f ir \u017eiem\u0105. I\u0161orinis audinys yra atsparus v\u0117jui ir vandeniui, o u\u017eklijuotos si\u016bl\u0117s u\u017etikrina \u0161ilum\u0105 ir sausum\u0105, net kai aktyviai sportuojate. Kr\u016btin\u0117s ki\u0161en\u0117s u\u017esegamos u\u017etrauktukais, o priekin\u0117s ki\u0161en\u0117s turi magnetinius u\u017etrauktukus. KUNST gobtuvas su nuimamu kra\u0161tu ir u\u017etrauktuku. Kad b\u016bt\u0173 matomas tamsoje, ant nugaros [&hellip;]<\/p>\n","protected":false},"featured_media":265835,"comment_status":"open","ping_status":"closed","template":"","meta":{"_acf_changed":false},"product_brand":[],"product_cat":[304,431],"product_tag":[],"class_list":{"0":"post-265834","1":"product","2":"type-product","3":"status-publish","4":"has-post-thumbnail","6":"product_cat-huppa-vyriski-ir-berniuku-ziemos-striukes","7":"product_cat-meeste-talvejoped","8":"product_shipping_class-tarneaeg-1-4-paeva","10":"first","11":"instock","12":"sale","13":"taxable","14":"shipping-taxable","15":"purchasable","16":"product-type-variable","17":"has-default-attributes","18":"add-to-wishlist-after_add_to_cart"},"acf":[],"_links":{"self":[{"href":"https:\/\/tellimused.stiilne.ee\/lt\/wp-json\/wp\/v2\/product\/265834","targetHints":{"allow":["GET"]}}],"collection":[{"href":"https:\/\/tellimused.stiilne.ee\/lt\/wp-json\/wp\/v2\/product"}],"about":[{"href":"https:\/\/tellimused.stiilne.ee\/lt\/wp-json\/wp\/v2\/types\/product"}],"replies":[{"embeddable":true,"href":"https:\/\/tellimused.stiilne.ee\/lt\/wp-json\/wp\/v2\/comments?post=265834"}],"wp:featuredmedia":[{"embeddable":true,"href":"https:\/\/tellimused.stiilne.ee\/lt\/wp-json\/wp\/v2\/media\/265835"}],"wp:attachment":[{"href":"https:\/\/tellimused.stiilne.ee\/lt\/wp-json\/wp\/v2\/media?parent=265834"}],"wp:term":[{"taxonomy":"product_brand","embeddable":true,"href":"https:\/\/tellimused.stiilne.ee\/lt\/wp-json\/wp\/v2\/product_brand?post=265834"},{"taxonomy":"product_cat","embeddable":true,"href":"https:\/\/tellimused.stiilne.ee\/lt\/wp-json\/wp\/v2\/product_cat?post=265834"},{"taxonomy":"product_tag","embeddable":true,"href":"https:\/\/tellimused.stiilne.ee\/lt\/wp-json\/wp\/v2\/product_tag?post=265834"}],"curies":[{"name":"wp","href":"https:\/\/api.w.org\/{rel}","templated":true}]}}