{"id":265846,"date":"2026-03-12T13:44:12","date_gmt":"2026-03-12T11:44:12","guid":{"rendered":"https:\/\/tellimused.stiilne.ee\/toode\/mutka-sooja-voodriga-helkurkangaga-laste-sugis-talvised-kindad-kohe-laos\/"},"modified":"2026-04-07T11:08:35","modified_gmt":"2026-04-07T08:08:35","slug":"vaikiskos-rudens-ziemos-pirstines-su-siltu-pamusalu-ir-sviesa-atspindinciu-audiniu-kohe-laos","status":"publish","type":"product","link":"https:\/\/tellimused.stiilne.ee\/lt\/produktas\/vaikiskos-rudens-ziemos-pirstines-su-siltu-pamusalu-ir-sviesa-atspindinciu-audiniu-kohe-laos\/","title":{"rendered":"Vaiki\u0161kos rudens-\u017eiemos pir\u0161tin\u0117s su \u0161iltu pamu\u0161alu ir \u0161vies\u0105 atspindin\u010diu audiniu-SAND\u0116LYJE"},"content":{"rendered":"<p>&nbsp;<\/p>\n<p>\u0160iltos pir\u0161tin\u0117s su \u0161vies\u0105 atspindin\u010diu audiniu yra geras pasirinkimas rudens-\u017eiemos sezonui, nes pir\u0161tin\u0117s turi ap\u0161iltint\u0105 pamu\u0161al\u0105, o dar svarbiau &#8211; \u0161vies\u0105 atspindint\u012f audin\u012f.<\/p>\n<p>At\u0161vaitas su med\u017eiagin\u0117mis pir\u0161tin\u0117mis u\u017etikrins, kad vaikas tamsoje b\u016bt\u0173 gerai matomas ir saugus.<\/p>\n<p>Vaiki\u0161kos pir\u0161tin\u0117s su \u0161vies\u0105 atspindin\u010dio audinio modeliu tinka ir berniukams, ir mergait\u0117ms.<\/p>\n<p>Malonios ir patogios pir\u0161tin\u0117s \u012f mokykl\u0105 ir sporto sal\u0119, taip pat laisvalaikiu \u017eaid\u017eiant lauke.<\/p>\n<p>Vaiki\u0161kas at\u0161vaitas su med\u017eiagin\u0117mis rudens-\u017eiemos pir\u0161tin\u0117mis jau yra sand\u0117lyje ir po keli\u0173 dien\u0173 atsidurs siunt\u0173 pristatymo ma\u0161inoje.<\/p>\n<p>Pir\u0161tini\u0173 taip pat galite \u012fsigyti tiesiogiai i\u0161 m\u016bs\u0173 sand\u0117lio adresu Kanarbiku tee 15\/3, J\u00e4rvek\u00fcla (5 minut\u0117s kelio automobiliu nuo \u00dclemiste centro) darbo dienomis 12.00-17.00 val. arba kitu laiku i\u0161 anksto paskambinus telefonu 51 45 245.<\/p>\n","protected":false},"excerpt":{"rendered":"<p>&nbsp; \u0160iltos pir\u0161tin\u0117s su \u0161vies\u0105 atspindin\u010diu audiniu yra geras pasirinkimas rudens-\u017eiemos sezonui, nes pir\u0161tin\u0117s turi ap\u0161iltint\u0105 pamu\u0161al\u0105, o dar svarbiau &#8211; \u0161vies\u0105 atspindint\u012f audin\u012f. At\u0161vaitas su med\u017eiagin\u0117mis pir\u0161tin\u0117mis u\u017etikrins, kad vaikas tamsoje b\u016bt\u0173 gerai matomas ir saugus. Vaiki\u0161kos pir\u0161tin\u0117s su \u0161vies\u0105 atspindin\u010dio audinio modeliu tinka ir berniukams, ir mergait\u0117ms. Malonios ir patogios pir\u0161tin\u0117s \u012f mokykl\u0105 [&hellip;]<\/p>\n","protected":false},"featured_media":265847,"comment_status":"open","ping_status":"closed","template":"","meta":{"_acf_changed":false},"product_brand":[],"product_cat":[310,264],"product_tag":[],"class_list":{"0":"post-265846","1":"product","2":"type-product","3":"status-publish","4":"has-post-thumbnail","6":"product_cat-huppa-mergaiciu-ziemos-batai","7":"product_cat-kepures-pirstines-salikai","8":"product_shipping_class-tarneaeg-1-4-paeva","10":"first","11":"instock","12":"taxable","13":"shipping-taxable","14":"purchasable","15":"product-type-variable","16":"has-default-attributes","17":"add-to-wishlist-after_add_to_cart"},"acf":[],"_links":{"self":[{"href":"https:\/\/tellimused.stiilne.ee\/lt\/wp-json\/wp\/v2\/product\/265846","targetHints":{"allow":["GET"]}}],"collection":[{"href":"https:\/\/tellimused.stiilne.ee\/lt\/wp-json\/wp\/v2\/product"}],"about":[{"href":"https:\/\/tellimused.stiilne.ee\/lt\/wp-json\/wp\/v2\/types\/product"}],"replies":[{"embeddable":true,"href":"https:\/\/tellimused.stiilne.ee\/lt\/wp-json\/wp\/v2\/comments?post=265846"}],"wp:featuredmedia":[{"embeddable":true,"href":"https:\/\/tellimused.stiilne.ee\/lt\/wp-json\/wp\/v2\/media\/265847"}],"wp:attachment":[{"href":"https:\/\/tellimused.stiilne.ee\/lt\/wp-json\/wp\/v2\/media?parent=265846"}],"wp:term":[{"taxonomy":"product_brand","embeddable":true,"href":"https:\/\/tellimused.stiilne.ee\/lt\/wp-json\/wp\/v2\/product_brand?post=265846"},{"taxonomy":"product_cat","embeddable":true,"href":"https:\/\/tellimused.stiilne.ee\/lt\/wp-json\/wp\/v2\/product_cat?post=265846"},{"taxonomy":"product_tag","embeddable":true,"href":"https:\/\/tellimused.stiilne.ee\/lt\/wp-json\/wp\/v2\/product_tag?post=265846"}],"curies":[{"name":"wp","href":"https:\/\/api.w.org\/{rel}","templated":true}]}}