{"id":265851,"date":"2026-03-12T13:43:47","date_gmt":"2026-03-12T11:43:47","guid":{"rendered":"https:\/\/tellimused.stiilne.ee\/toode\/mutka-sooja-fliis-voodriga-pealt-reguleeritavad-veekindlad-helkurkangaga-laste-talve-kindad-uudis-kohe-laos\/"},"modified":"2026-04-07T11:08:35","modified_gmt":"2026-04-07T08:08:35","slug":"mutka-siltos-pirstines-su-fliso-pamusalu-is-virsaus-reguliuojamos-vandeniui-atspindincios-ziemines-pirstines-vaikams-naujienos-naudojimas","status":"publish","type":"product","link":"https:\/\/tellimused.stiilne.ee\/lt\/produktas\/mutka-siltos-pirstines-su-fliso-pamusalu-is-virsaus-reguliuojamos-vandeniui-atspindincios-ziemines-pirstines-vaikams-naujienos-naudojimas\/","title":{"rendered":"Mutka \u0161iltos pir\u0161tin\u0117s su fliso pamu\u0161alu i\u0161 vir\u0161aus, reguliuojamos vandeniui atspindin\u010dios \u017eiemin\u0117s pir\u0161tin\u0117s vaikams &#8211; NAUJIENOS NAUDOJIMAS"},"content":{"rendered":"<p>&nbsp;<\/p>\n<p>\u0160iltos pir\u0161tin\u0117s su \u0161vies\u0105 atspindin\u010diu audiniu yra geras pasirinkimas rudens-\u017eiemos sezonui, nes jos yra \u0161iltos, atsparios vandeniui ir, svarbiausia, su \u0161vies\u0105 atspindin\u010diu audiniu.<\/p>\n<p>At\u0161vaitas su med\u017eiagin\u0117mis pir\u0161tin\u0117mis u\u017etikrins, kad vaikas tamsoje b\u016bt\u0173 gerai matomas ir saugus.<\/p>\n<p>Vaiki\u0161kos pir\u0161tin\u0117s su \u0161vies\u0105 atspindin\u010dio audinio modeliu tinka ir berniukams, ir mergait\u0117ms.<\/p>\n<p>\u0160iltos ir patogios pir\u0161tin\u0117s, kuriomis \u017eiem\u0105 galima eiti \u012f mokykl\u0105 ir treniruotes, taip pat laisvalaikiu \u017eaisti lauke ir statyti sniego sen\u012f.<\/p>\n<p>Vaiki\u0161kas at\u0161vaitas su med\u017eiagin\u0117mis \u017eiemin\u0117mis pir\u0161tin\u0117mis jau yra sand\u0117lyje ir po keli\u0173 dien\u0173 bus siunt\u0173 ma\u0161inoje.<\/p>\n<p>Pir\u0161tini\u0173 taip pat galite \u012fsigyti tiesiogiai i\u0161 m\u016bs\u0173 sand\u0117lio adresu Kanarbiku tee 15\/3, J\u00e4rvek\u00fcla (5 minut\u0117s kelio automobiliu nuo \u00dclemiste centro) darbo dienomis 12.00-17.00 val. arba kitu laiku i\u0161 anksto paskambinus telefonu 51 45 245.<\/p>\n","protected":false},"excerpt":{"rendered":"<p>&nbsp; \u0160iltos pir\u0161tin\u0117s su \u0161vies\u0105 atspindin\u010diu audiniu yra geras pasirinkimas rudens-\u017eiemos sezonui, nes jos yra \u0161iltos, atsparios vandeniui ir, svarbiausia, su \u0161vies\u0105 atspindin\u010diu audiniu. At\u0161vaitas su med\u017eiagin\u0117mis pir\u0161tin\u0117mis u\u017etikrins, kad vaikas tamsoje b\u016bt\u0173 gerai matomas ir saugus. Vaiki\u0161kos pir\u0161tin\u0117s su \u0161vies\u0105 atspindin\u010dio audinio modeliu tinka ir berniukams, ir mergait\u0117ms. \u0160iltos ir patogios pir\u0161tin\u0117s, kuriomis \u017eiem\u0105 [&hellip;]<\/p>\n","protected":false},"featured_media":265852,"comment_status":"open","ping_status":"closed","template":"","meta":{"_acf_changed":false},"product_brand":[],"product_cat":[310,264,414],"product_tag":[],"class_list":{"0":"post-265851","1":"product","2":"type-product","3":"status-publish","4":"has-post-thumbnail","6":"product_cat-huppa-mergaiciu-ziemos-batai","7":"product_cat-kepures-pirstines-salikai","8":"product_cat-vaikams","9":"product_shipping_class-tarneaeg-1-4-paeva","11":"first","12":"instock","13":"taxable","14":"shipping-taxable","15":"purchasable","16":"product-type-variable","17":"has-default-attributes","18":"add-to-wishlist-after_add_to_cart"},"acf":[],"_links":{"self":[{"href":"https:\/\/tellimused.stiilne.ee\/lt\/wp-json\/wp\/v2\/product\/265851","targetHints":{"allow":["GET"]}}],"collection":[{"href":"https:\/\/tellimused.stiilne.ee\/lt\/wp-json\/wp\/v2\/product"}],"about":[{"href":"https:\/\/tellimused.stiilne.ee\/lt\/wp-json\/wp\/v2\/types\/product"}],"replies":[{"embeddable":true,"href":"https:\/\/tellimused.stiilne.ee\/lt\/wp-json\/wp\/v2\/comments?post=265851"}],"wp:featuredmedia":[{"embeddable":true,"href":"https:\/\/tellimused.stiilne.ee\/lt\/wp-json\/wp\/v2\/media\/265852"}],"wp:attachment":[{"href":"https:\/\/tellimused.stiilne.ee\/lt\/wp-json\/wp\/v2\/media?parent=265851"}],"wp:term":[{"taxonomy":"product_brand","embeddable":true,"href":"https:\/\/tellimused.stiilne.ee\/lt\/wp-json\/wp\/v2\/product_brand?post=265851"},{"taxonomy":"product_cat","embeddable":true,"href":"https:\/\/tellimused.stiilne.ee\/lt\/wp-json\/wp\/v2\/product_cat?post=265851"},{"taxonomy":"product_tag","embeddable":true,"href":"https:\/\/tellimused.stiilne.ee\/lt\/wp-json\/wp\/v2\/product_tag?post=265851"}],"curies":[{"name":"wp","href":"https:\/\/api.w.org\/{rel}","templated":true}]}}